{"id":837641,"date":"2026-04-04T12:08:53","date_gmt":"2026-04-04T10:08:53","guid":{"rendered":"https:\/\/aboland.nl\/?post_type=product&#038;p=837641"},"modified":"2026-04-20T10:32:46","modified_gmt":"2026-04-20T08:32:46","slug":"motorrijder-563-2026","status":"publish","type":"product","link":"https:\/\/aboland.nl\/fr\/motorrijder-563-2026\/","title":{"rendered":"Motorrijder &#8211; 563 2026"},"content":{"rendered":"<h2>Over dit magazine:<\/h2>\n<p>Alles wat je moet weten over motoren &amp; rijden: motornieuws, reizen, sport, geschiedenis en praktische info.<\/p>","protected":false},"excerpt":{"rendered":"<h3>In deze editie:<\/h3>\n<p>Onafhankelijk maandblad sinds 1980 &#8211; Voor kleine &amp; Grote Avonturen BMW F 450 GS &#8211; Yamaha T\u00e9n\u00e9r\u00e9 700 world raid &#8211; Elektrische Honda WN7, stroomversnelling of kortsluiting?<\/p>","protected":false},"featured_media":837642,"comment_status":"open","ping_status":"closed","template":"","meta":{"_acf_changed":false,"_mo_disable_npp":""},"product_brand":[],"product_cat":[7529,7512,7510,7604,7922],"product_tag":[],"class_list":{"0":"post-837641","1":"product","2":"type-product","3":"status-publish","4":"has-post-thumbnail","6":"product_cat-auto-vervoer","7":"product_cat-losse-tijdschriften","8":"product_cat-magazines","9":"product_cat-motoren","10":"product_cat-mr-motorrijder","11":"pa_doelgroep-mannen","12":"pa_erotisch-tijdschrift-nee","13":"pa_jaar-uitgave-8702","14":"pa_taal-nederlands","15":"pa_thema-autos-en-motoren","16":"pa_tijdschrift-set-nee","17":"pa_type-tijdschrift-maandblad","19":"first","20":"instock","21":"taxable","22":"shipping-taxable","23":"purchasable","24":"product-type-simple"},"acf":[],"df_price":9.95,"df_sale_price":"","df_regular_price":9.95,"df_image_link":"https:\/\/aboland.nl\/wp-content\/uploads\/2026\/04\/motorrijder-563-2026-212x300.webp","_links":{"self":[{"href":"https:\/\/aboland.nl\/fr\/wp-json\/wp\/v2\/product\/837641","targetHints":{"allow":["GET"]}}],"collection":[{"href":"https:\/\/aboland.nl\/fr\/wp-json\/wp\/v2\/product"}],"about":[{"href":"https:\/\/aboland.nl\/fr\/wp-json\/wp\/v2\/types\/product"}],"replies":[{"embeddable":true,"href":"https:\/\/aboland.nl\/fr\/wp-json\/wp\/v2\/comments?post=837641"}],"version-history":[{"count":0,"href":"https:\/\/aboland.nl\/fr\/wp-json\/wp\/v2\/product\/837641\/revisions"}],"wp:featuredmedia":[{"embeddable":true,"href":"https:\/\/aboland.nl\/fr\/wp-json\/wp\/v2\/media\/837642"}],"wp:attachment":[{"href":"https:\/\/aboland.nl\/fr\/wp-json\/wp\/v2\/media?parent=837641"}],"wp:term":[{"taxonomy":"product_brand","embeddable":true,"href":"https:\/\/aboland.nl\/fr\/wp-json\/wp\/v2\/product_brand?post=837641"},{"taxonomy":"product_cat","embeddable":true,"href":"https:\/\/aboland.nl\/fr\/wp-json\/wp\/v2\/product_cat?post=837641"},{"taxonomy":"product_tag","embeddable":true,"href":"https:\/\/aboland.nl\/fr\/wp-json\/wp\/v2\/product_tag?post=837641"}],"curies":[{"name":"wp","href":"https:\/\/api.w.org\/{rel}","templated":true}]}}