{"id":780601,"date":"2025-11-15T09:01:46","date_gmt":"2025-11-15T08:01:46","guid":{"rendered":"https:\/\/aboland.dk\/?post_type=product&#038;p=780601"},"modified":"2025-12-06T02:46:55","modified_gmt":"2025-12-06T01:46:55","slug":"moesson-05-2025","status":"publish","type":"product","link":"https:\/\/aboland.nl\/fr\/moesson-05-2025\/","title":{"rendered":"Moesson &#8211; 05 2025"},"content":{"rendered":"<h2>Over dit magazine<\/h2>\n<p>Al 65 jaar is Moesson d\u00e9 spreekbuis van de Indische gemeenschap. Wil je ook op de hoogte blijven van alles wat er speelt in de Indische gemeenschap? Neem nu een abonnement of koop een los nummer.<\/p>","protected":false},"excerpt":{"rendered":"<div class=\"inner\">\n<div class=\"info\">\n<div class=\"description\">\n<h2>In deze editie<\/h2>\n<p>Al 70 jaar het indisch maandblad &#8211; Van de Kampili-re\u00fcnie tot die van FC Garuda &#8211; De mooiste re\u00fcnieverhalen &#8211; Een bijzondere jubileumreis naar Medan &#8211; Herinneren en samenzijn de re\u00fcnie<\/p>\n<\/div>\n<\/div>\n<\/div>","protected":false},"featured_media":780602,"comment_status":"open","ping_status":"closed","template":"","meta":{"_acf_changed":false,"_mo_disable_npp":""},"product_brand":[],"product_cat":[7512],"product_tag":[],"class_list":{"0":"post-780601","1":"product","2":"type-product","3":"status-publish","4":"has-post-thumbnail","6":"product_cat-losse-tijdschriften","7":"pa_erotisch-tijdschrift-nee","8":"pa_jaar-uitgave-8658","9":"pa_taal-nederlands","10":"pa_thema-kunst-en-cultuur","11":"pa_type-tijdschrift-maandblad","13":"first","14":"instock","15":"taxable","16":"shipping-taxable","17":"purchasable","18":"product-type-simple"},"acf":[],"df_price":7.25,"df_sale_price":"","df_regular_price":7.25,"df_image_link":"https:\/\/aboland.nl\/wp-content\/uploads\/2025\/11\/moesson-05-2025-214x300.webp","_links":{"self":[{"href":"https:\/\/aboland.nl\/fr\/wp-json\/wp\/v2\/product\/780601","targetHints":{"allow":["GET"]}}],"collection":[{"href":"https:\/\/aboland.nl\/fr\/wp-json\/wp\/v2\/product"}],"about":[{"href":"https:\/\/aboland.nl\/fr\/wp-json\/wp\/v2\/types\/product"}],"replies":[{"embeddable":true,"href":"https:\/\/aboland.nl\/fr\/wp-json\/wp\/v2\/comments?post=780601"}],"version-history":[{"count":0,"href":"https:\/\/aboland.nl\/fr\/wp-json\/wp\/v2\/product\/780601\/revisions"}],"wp:featuredmedia":[{"embeddable":true,"href":"https:\/\/aboland.nl\/fr\/wp-json\/wp\/v2\/media\/780602"}],"wp:attachment":[{"href":"https:\/\/aboland.nl\/fr\/wp-json\/wp\/v2\/media?parent=780601"}],"wp:term":[{"taxonomy":"product_brand","embeddable":true,"href":"https:\/\/aboland.nl\/fr\/wp-json\/wp\/v2\/product_brand?post=780601"},{"taxonomy":"product_cat","embeddable":true,"href":"https:\/\/aboland.nl\/fr\/wp-json\/wp\/v2\/product_cat?post=780601"},{"taxonomy":"product_tag","embeddable":true,"href":"https:\/\/aboland.nl\/fr\/wp-json\/wp\/v2\/product_tag?post=780601"}],"curies":[{"name":"wp","href":"https:\/\/api.w.org\/{rel}","templated":true}]}}