{"id":753553,"date":"2024-11-29T16:00:21","date_gmt":"2024-11-29T15:00:21","guid":{"rendered":"https:\/\/aboland.dk\/product\/geert-2-0-01-2024\/"},"modified":"2025-09-30T13:58:30","modified_gmt":"2025-09-30T11:58:30","slug":"geert-2-0-01-2024","status":"publish","type":"product","link":"https:\/\/aboland.nl\/fr\/product\/geert-2-0-01-2024\/","title":{"rendered":"Geert 2.0 &#8211; 01 2024"},"content":{"rendered":"","protected":false},"excerpt":{"rendered":"<h3>In deze editie:<\/h3>\n<p>M\u00e1xima het nog \u00e9\u00e9n keer uit: &#8216;De Nederlander bestaat niet&#8217; &#8211; &#8216;Geert de politicus is een straatvechter, hij moet overleven. Maar Geert als mens is een gouden gozer&#8217; &#8211; Interview: Pim Fortuyn vandaag over Geert<\/p>","protected":false},"featured_media":753554,"comment_status":"open","ping_status":"closed","template":"","meta":{"_acf_changed":false,"_mo_disable_npp":""},"product_brand":[],"product_cat":[7512,7525],"product_tag":[],"class_list":{"0":"post-753553","1":"product","2":"type-product","3":"status-publish","4":"has-post-thumbnail","6":"product_cat-losse-tijdschriften","7":"product_cat-opinie","8":"pa_erotisch-tijdschrift-nee","9":"pa_jaar-uitgave-8618","10":"pa_taal-nederlands","11":"pa_thema-opinie","13":"first","14":"instock","15":"taxable","16":"shipping-taxable","17":"purchasable","18":"product-type-simple"},"acf":[],"df_price":7.99,"df_sale_price":"","df_regular_price":7.99,"df_image_link":"https:\/\/aboland.nl\/wp-content\/uploads\/2025\/09\/geert-2.0-01-2024-200x300.webp","_links":{"self":[{"href":"https:\/\/aboland.nl\/fr\/wp-json\/wp\/v2\/product\/753553","targetHints":{"allow":["GET"]}}],"collection":[{"href":"https:\/\/aboland.nl\/fr\/wp-json\/wp\/v2\/product"}],"about":[{"href":"https:\/\/aboland.nl\/fr\/wp-json\/wp\/v2\/types\/product"}],"replies":[{"embeddable":true,"href":"https:\/\/aboland.nl\/fr\/wp-json\/wp\/v2\/comments?post=753553"}],"version-history":[{"count":0,"href":"https:\/\/aboland.nl\/fr\/wp-json\/wp\/v2\/product\/753553\/revisions"}],"wp:featuredmedia":[{"embeddable":true,"href":"https:\/\/aboland.nl\/fr\/wp-json\/wp\/v2\/media\/753554"}],"wp:attachment":[{"href":"https:\/\/aboland.nl\/fr\/wp-json\/wp\/v2\/media?parent=753553"}],"wp:term":[{"taxonomy":"product_brand","embeddable":true,"href":"https:\/\/aboland.nl\/fr\/wp-json\/wp\/v2\/product_brand?post=753553"},{"taxonomy":"product_cat","embeddable":true,"href":"https:\/\/aboland.nl\/fr\/wp-json\/wp\/v2\/product_cat?post=753553"},{"taxonomy":"product_tag","embeddable":true,"href":"https:\/\/aboland.nl\/fr\/wp-json\/wp\/v2\/product_tag?post=753553"}],"curies":[{"name":"wp","href":"https:\/\/api.w.org\/{rel}","templated":true}]}}