{"id":594058,"date":"2024-10-24T10:35:37","date_gmt":"2024-10-24T08:35:37","guid":{"rendered":"https:\/\/aboland.dk\/?post_type=product&#038;p=594058"},"modified":"2024-11-30T02:13:08","modified_gmt":"2024-11-30T01:13:08","slug":"de-andere-krant-41-2024","status":"publish","type":"product","link":"https:\/\/aboland.nl\/fr\/de-andere-krant-41-2024\/","title":{"rendered":"De Andere Krant &#8211; 41 2024"},"content":{"rendered":"<h2>Over dit magazine:<\/h2>\n<p>De Andere Krant brengt artikelen met actueel nieuws, met achtergronden, columns, interviews en met opinie. Daarnaast gaat aandacht uit naar positieve ontwikkelingen.<\/p>","protected":false},"excerpt":{"rendered":"<h2>In deze editie:<\/h2>\n<p>FVD-Kamerlid vervolg vanwege een meme &#8211; Ewout Kattouw liep trauma&#8217;s op in de GGZ &#8211; Werkt de VS voor Isra\u00ebl? Of Isra\u00ebl voor de VS? &#8211; Laatste redmiddel: Oekra\u00efne in de NAVO<\/p>","protected":false},"featured_media":594059,"comment_status":"open","ping_status":"closed","template":"","meta":{"_acf_changed":false,"_mo_disable_npp":""},"product_brand":[],"product_cat":[7671,7544,7512,7510,7525,7526],"product_tag":[],"class_list":{"0":"post-594058","1":"product","2":"type-product","3":"status-publish","4":"has-post-thumbnail","6":"product_cat-de-andere-krant","7":"product_cat-kennis-wetenschap","8":"product_cat-losse-tijdschriften","9":"product_cat-magazines","10":"product_cat-opinie","11":"product_cat-opinie-algemeen","12":"pa_doelgroep-mannen","13":"pa_doelgroep-vrouwen","14":"pa_erotisch-tijdschrift-nee","15":"pa_jaar-uitgave-8618","16":"pa_taal-nederlands","17":"pa_thema-opinie","18":"pa_tijdschrift-set-nee","19":"pa_type-tijdschrift-weekblad","20":"pa_uitgever-stichting-knowledgematters","22":"first","23":"instock","24":"taxable","25":"shipping-taxable","26":"purchasable","27":"product-type-simple"},"acf":[],"df_price":4,"df_sale_price":"","df_regular_price":4,"df_image_link":"https:\/\/aboland.nl\/wp-content\/uploads\/2024\/10\/de-andere-krant-41-2024-200x300.webp","_links":{"self":[{"href":"https:\/\/aboland.nl\/fr\/wp-json\/wp\/v2\/product\/594058","targetHints":{"allow":["GET"]}}],"collection":[{"href":"https:\/\/aboland.nl\/fr\/wp-json\/wp\/v2\/product"}],"about":[{"href":"https:\/\/aboland.nl\/fr\/wp-json\/wp\/v2\/types\/product"}],"replies":[{"embeddable":true,"href":"https:\/\/aboland.nl\/fr\/wp-json\/wp\/v2\/comments?post=594058"}],"version-history":[{"count":0,"href":"https:\/\/aboland.nl\/fr\/wp-json\/wp\/v2\/product\/594058\/revisions"}],"wp:featuredmedia":[{"embeddable":true,"href":"https:\/\/aboland.nl\/fr\/wp-json\/wp\/v2\/media\/594059"}],"wp:attachment":[{"href":"https:\/\/aboland.nl\/fr\/wp-json\/wp\/v2\/media?parent=594058"}],"wp:term":[{"taxonomy":"product_brand","embeddable":true,"href":"https:\/\/aboland.nl\/fr\/wp-json\/wp\/v2\/product_brand?post=594058"},{"taxonomy":"product_cat","embeddable":true,"href":"https:\/\/aboland.nl\/fr\/wp-json\/wp\/v2\/product_cat?post=594058"},{"taxonomy":"product_tag","embeddable":true,"href":"https:\/\/aboland.nl\/fr\/wp-json\/wp\/v2\/product_tag?post=594058"}],"curies":[{"name":"wp","href":"https:\/\/api.w.org\/{rel}","templated":true}]}}