{"id":515428,"date":"2024-06-27T09:25:54","date_gmt":"2024-06-27T07:25:54","guid":{"rendered":"https:\/\/aboland.dk\/?post_type=product&p=515428"},"modified":"2024-06-27T02:15:30","modified_gmt":"2024-06-27T00:15:30","slug":"schaats-inside-01-2024","status":"publish","type":"product","link":"https:\/\/aboland.nl\/fr\/schaats-inside-01-2024\/","title":{"rendered":"Schaats Inside &#8211; 01 2024"},"content":{"rendered":"<p>Het schaatsmagazine voor \u00e9n door echte schaatsliefhebbers! Elke editie biedt de redactie prachtige achtergronden, interessante interviews en mooie verhalen uit de wereld met de juiste mix van kennis en ervaring. Ook duidt Schaats Inside graag de historische context van dit land in de combinatie met de sport waarin dat zo uitblinkt. Een uniek magazine voor de liefhebber, de fan en de schaatser, geheel in teken van de grootste wintersport van het land. Nu eenvoudig te bestellen bij Magvilla.<\/p>","protected":false},"excerpt":{"rendered":"<h2>Over dit magazine:<\/h2>\n<p>Voor schaatsliefhebbers, door schaatsliefhebbers &#8211; De verrassingen op het wckt &#8211; Natuurijsmeester Teun Breedijk &#8211; H\u00e9t schaatscaf\u00e9 Caf\u00e9 it Houtjse<\/p>","protected":false},"featured_media":515429,"comment_status":"open","ping_status":"closed","template":"","meta":{"_acf_changed":false,"_mo_disable_npp":""},"product_brand":[],"product_cat":[7512],"product_tag":[],"class_list":{"0":"post-515428","1":"product","2":"type-product","3":"status-publish","4":"has-post-thumbnail","6":"product_cat-losse-tijdschriften","7":"pa_categorie-hobby-vrije-tijd","8":"pa_categorie-sport","9":"pa_doelgroep-mannen","10":"pa_doelgroep-vrouwen","11":"pa_erotisch-tijdschrift-nee","12":"pa_frequentie-04-x-per-jaar","13":"pa_jaar-uitgave-8618","14":"pa_taal-nederlands","15":"pa_thema-hobby-en-vrije-tijd","16":"pa_thema-sport","17":"pa_tijdschrift-set-nee","18":"pa_type-tijdschrift-kwartaalblad","20":"first","21":"instock","22":"taxable","23":"shipping-taxable","24":"purchasable","25":"product-type-simple"},"acf":[],"df_price":8.95,"df_sale_price":"","df_regular_price":8.95,"df_image_link":"https:\/\/aboland.nl\/wp-content\/uploads\/2024\/06\/schaatsinside-01-2023-2024-214x300.webp","_links":{"self":[{"href":"https:\/\/aboland.nl\/fr\/wp-json\/wp\/v2\/product\/515428","targetHints":{"allow":["GET"]}}],"collection":[{"href":"https:\/\/aboland.nl\/fr\/wp-json\/wp\/v2\/product"}],"about":[{"href":"https:\/\/aboland.nl\/fr\/wp-json\/wp\/v2\/types\/product"}],"replies":[{"embeddable":true,"href":"https:\/\/aboland.nl\/fr\/wp-json\/wp\/v2\/comments?post=515428"}],"version-history":[{"count":0,"href":"https:\/\/aboland.nl\/fr\/wp-json\/wp\/v2\/product\/515428\/revisions"}],"wp:featuredmedia":[{"embeddable":true,"href":"https:\/\/aboland.nl\/fr\/wp-json\/wp\/v2\/media\/515429"}],"wp:attachment":[{"href":"https:\/\/aboland.nl\/fr\/wp-json\/wp\/v2\/media?parent=515428"}],"wp:term":[{"taxonomy":"product_brand","embeddable":true,"href":"https:\/\/aboland.nl\/fr\/wp-json\/wp\/v2\/product_brand?post=515428"},{"taxonomy":"product_cat","embeddable":true,"href":"https:\/\/aboland.nl\/fr\/wp-json\/wp\/v2\/product_cat?post=515428"},{"taxonomy":"product_tag","embeddable":true,"href":"https:\/\/aboland.nl\/fr\/wp-json\/wp\/v2\/product_tag?post=515428"}],"curies":[{"name":"wp","href":"https:\/\/api.w.org\/{rel}","templated":true}]}}