{"id":282434,"date":"2023-03-18T12:34:57","date_gmt":"2023-03-18T11:34:57","guid":{"rendered":"https:\/\/aboland.dk\/product\/pakket-flair-libelle-13-2023\/"},"modified":"2024-03-23T06:37:43","modified_gmt":"2024-03-23T05:37:43","slug":"pakket-flair-libelle-13-2023","status":"publish","type":"product","link":"https:\/\/aboland.nl\/fr\/pakket-flair-libelle-13-2023\/","title":{"rendered":"Pakket Flair + Libelle &#8211; 13 2023"},"content":{"rendered":"<h2>Over dit pakket:<\/h2>\n<p>Flair: Met Flair zit je lekker in je vel! In dit magazine vind je betaalbare mode, makkelijke recepten en praktische tips voor in en rond het huis. Ook geniet je van de herkenbare columns, eerlijke interviews met bekende Nederlanders en leef je mee met de real life verhalen van lezeressen.<\/p>\n<p>Libelle: Libelle is een Nederlandstalig vrouwentijdschrift dat Alles over recepten, mode, interieur en relaties behandelt elke week een nieuwe. Libelle Tuin &amp; Zo staat boordevol inspirerende tips, weetjes, groene shoppings en de allerlaatste tuintrends. Libelle Bookazine, een complete roman in tijdschriftvorm. Libelle lekker vol met recepten en menu\u2019s!<\/p>","protected":false},"excerpt":{"rendered":"<h2>In deze editie:<\/h2>\n<p>Flair 11 2023: Op reis en nooit meer teruggekomen: &#8216;Vlak voor zijn dood dronk hij nog vrolijk een biertje&#8217; &#8211; Mace werd geout door haar school: &#8221;Ik zal je voor je bidden,&#8217; zei mijn mentor&#8217; &#8211; Maria Tailor open over haarverlies: &#8216;Rond mijn scheiding viel het uit als nooit tevoren&#8217; &#8211; Love issues: Rudy: &#8216;Ze zegt dat ik t\u00e9 graag wil&#8217; &#8211; Worstelen met werk-priv\u00e9 balans: &#8216;Ik houd heel, h\u00e9\u00e9l weinig tijd over voor mezelf&#8217;<\/p>\n<p>Libelle 13 2023:\u00a0 Mirjam (48) is huisarts en ongeneeslijk ziek: &#8216;Ik huil nu vaker mee met mijn pati\u00ebnten&#8217; &#8211; Tom Coronel: &#8216;Ik heb nu eenmaal een extreme competitie-drang&#8217; &#8211; Happy hair: 24x de mooiste trendkapsels. M\u00e9t verzorgings- en stylingtips &#8211; Over de heuvels: wandelen in Zuid-Limburg &#8211; Thea (62) heeft een tweeling met down: &#8216;Ik voel me nog steeds een bofkont met hen&#8217; &#8211; Is nooit meer seks het einde van de je huwelijk: 8 relatievragen \u00e9n antwoorden van experts &#8211; Lekker snel: in 20 minuten op tafel: gezonde en snelle maaltijden &#8211; Flitsend: opvallende mode in rood, zwart en wit &#8211; Gek op mijn auto: 3 BN&#8217;ers vertellen<\/p>","protected":false},"featured_media":374250,"comment_status":"open","ping_status":"closed","template":"","meta":{"_acf_changed":false,"_mo_disable_npp":""},"product_brand":[],"product_cat":[7752,7874,7510,8233,7514,7515],"product_tag":[],"class_list":{"0":"post-282434","1":"product","2":"type-product","3":"status-publish","4":"has-post-thumbnail","6":"product_cat-flair","7":"product_cat-libelle","8":"product_cat-magazines","9":"product_cat-tijdschrift-pakketten","10":"product_cat-vrouw","11":"product_cat-vrouw-algemeen","12":"pa_doelgroep-vrouwen","13":"pa_erotisch-tijdschrift-nee","14":"pa_taal-nederlands","15":"pa_thema-lifestyle-en-fashion","16":"pa_tijdschrift-set-ja","17":"pa_type-tijdschrift-pakket","19":"first","20":"outofstock","21":"taxable","22":"shipping-taxable","23":"purchasable","24":"product-type-simple"},"acf":[],"df_price":6.49,"df_sale_price":"","df_regular_price":6.49,"df_image_link":"https:\/\/aboland.nl\/wp-content\/uploads\/2023\/09\/pakket-flair-en-libelle-13-2023-233x300.webp","_links":{"self":[{"href":"https:\/\/aboland.nl\/fr\/wp-json\/wp\/v2\/product\/282434","targetHints":{"allow":["GET"]}}],"collection":[{"href":"https:\/\/aboland.nl\/fr\/wp-json\/wp\/v2\/product"}],"about":[{"href":"https:\/\/aboland.nl\/fr\/wp-json\/wp\/v2\/types\/product"}],"replies":[{"embeddable":true,"href":"https:\/\/aboland.nl\/fr\/wp-json\/wp\/v2\/comments?post=282434"}],"version-history":[{"count":0,"href":"https:\/\/aboland.nl\/fr\/wp-json\/wp\/v2\/product\/282434\/revisions"}],"wp:featuredmedia":[{"embeddable":true,"href":"https:\/\/aboland.nl\/fr\/wp-json\/wp\/v2\/media\/374250"}],"wp:attachment":[{"href":"https:\/\/aboland.nl\/fr\/wp-json\/wp\/v2\/media?parent=282434"}],"wp:term":[{"taxonomy":"product_brand","embeddable":true,"href":"https:\/\/aboland.nl\/fr\/wp-json\/wp\/v2\/product_brand?post=282434"},{"taxonomy":"product_cat","embeddable":true,"href":"https:\/\/aboland.nl\/fr\/wp-json\/wp\/v2\/product_cat?post=282434"},{"taxonomy":"product_tag","embeddable":true,"href":"https:\/\/aboland.nl\/fr\/wp-json\/wp\/v2\/product_tag?post=282434"}],"curies":[{"name":"wp","href":"https:\/\/api.w.org\/{rel}","templated":true}]}}