{"id":249218,"date":"2023-02-02T17:15:25","date_gmt":"2023-02-02T16:15:25","guid":{"rendered":"https:\/\/aboland.dk\/product\/perswijn-01-2023\/"},"modified":"2026-02-25T15:51:06","modified_gmt":"2026-02-25T14:51:06","slug":"perswijn-01-2023","status":"publish","type":"product","link":"https:\/\/aboland.nl\/fr\/perswijn-01-2023\/","title":{"rendered":"Perswijn &#8211; 01 2023"},"content":{"rendered":"<h2>Over dit magazine:<\/h2>\n<p>Perswijn\u00a0magazine is h\u00e9t toonaangevende wijnmagazine voor wijnliefhebbers en wijnprofessionals in Nederland en Belgi\u00eb.<\/p>","protected":false},"excerpt":{"rendered":"<p>In deze editie:<\/p>\n<p>Stajerska: Mooie (voor)uitzichten &#8211; Geproefd: 605 wijnen &#8211; Cape Wine is showtime &#8211; Nieuw: Blend of Cru? &#8211; Allemaal naar W\u00fcrttemberg &#8211; Campi Flegrei: Feest op de vulkaan &#8211; Dramatisch Santorini &#8211; Pinot Nero, voorop i Oltrep\u00f2 Pavese &#8211; Bourgogne: Louis Jadot &#8211;  Perswijn 35 jaar &#8211; Jos\u00e9 Vouillamoz<\/p>","protected":false},"featured_media":379550,"comment_status":"open","ping_status":"closed","template":"","meta":{"_acf_changed":false,"_mo_disable_npp":""},"product_brand":[],"product_cat":[7602,7599,7512,7510,7970,7559,7971],"product_tag":[],"class_list":{"0":"post-249218","1":"product","2":"type-product","3":"status-publish","4":"has-post-thumbnail","6":"product_cat-culinair-algemeen","7":"product_cat-drinken","8":"product_cat-losse-tijdschriften","9":"product_cat-magazines","10":"product_cat-perswijn","11":"product_cat-voeding-gezondheid","12":"product_cat-wijn","13":"pa_doelgroep-mannen","14":"pa_doelgroep-vrouwen","15":"pa_erotisch-tijdschrift-nee","16":"pa_taal-nederlands","17":"pa_thema-health-en-food","18":"pa_tijdschrift-set-nee","19":"pa_type-tijdschrift-tweemaandelijks-blad","20":"pa_uitgever-abonnementenland","22":"first","23":"instock","24":"sale","25":"taxable","26":"shipping-taxable","27":"purchasable","28":"product-type-simple"},"acf":[],"df_price":7,"df_sale_price":7,"df_regular_price":11.5,"df_image_link":"https:\/\/aboland.nl\/wp-content\/uploads\/2023\/09\/perswijn-01-2023-233x300.webp","_links":{"self":[{"href":"https:\/\/aboland.nl\/fr\/wp-json\/wp\/v2\/product\/249218","targetHints":{"allow":["GET"]}}],"collection":[{"href":"https:\/\/aboland.nl\/fr\/wp-json\/wp\/v2\/product"}],"about":[{"href":"https:\/\/aboland.nl\/fr\/wp-json\/wp\/v2\/types\/product"}],"replies":[{"embeddable":true,"href":"https:\/\/aboland.nl\/fr\/wp-json\/wp\/v2\/comments?post=249218"}],"version-history":[{"count":0,"href":"https:\/\/aboland.nl\/fr\/wp-json\/wp\/v2\/product\/249218\/revisions"}],"wp:featuredmedia":[{"embeddable":true,"href":"https:\/\/aboland.nl\/fr\/wp-json\/wp\/v2\/media\/379550"}],"wp:attachment":[{"href":"https:\/\/aboland.nl\/fr\/wp-json\/wp\/v2\/media?parent=249218"}],"wp:term":[{"taxonomy":"product_brand","embeddable":true,"href":"https:\/\/aboland.nl\/fr\/wp-json\/wp\/v2\/product_brand?post=249218"},{"taxonomy":"product_cat","embeddable":true,"href":"https:\/\/aboland.nl\/fr\/wp-json\/wp\/v2\/product_cat?post=249218"},{"taxonomy":"product_tag","embeddable":true,"href":"https:\/\/aboland.nl\/fr\/wp-json\/wp\/v2\/product_tag?post=249218"}],"curies":[{"name":"wp","href":"https:\/\/api.w.org\/{rel}","templated":true}]}}