{"id":203033,"date":"2022-11-12T08:53:22","date_gmt":"2022-11-12T07:53:22","guid":{"rendered":"https:\/\/aboland.dk\/product\/motoplus-22-2022\/"},"modified":"2025-07-17T03:01:44","modified_gmt":"2025-07-17T01:01:44","slug":"motoplus-22-2022","status":"publish","type":"product","link":"https:\/\/aboland.nl\/fr\/motoplus-22-2022\/","title":{"rendered":"Motoplus &#8211; 22 2022"},"content":{"rendered":"<h2>Over dit magazine:<\/h2>\n<p>Het laatste motor nieuws met actuele motortesten, de mooiste reizen, vergelijk en testen van kleding, helmen en accessoires, dat is\u00a0MotoPlus.<\/p>","protected":false},"excerpt":{"rendered":"<p>In deze editie:<\/p>\n<p>Dit wordt 2023! Honda XL750 Transalp. Triumph Street Triple, Ducati Diavel V4, Yamaha Tracer 9 GT+, Suzuki GX-8S, Suzuki-V-Strom 800DE &#8211; Reizen Zwitserse Alpen passenpret &#8211; Praktijktest GPS Trackers &#8211; Exclusief: circuittest Bimota Tesi H2 &#8211; Getest: 2x  Yamaha T\u00e9n\u00e9r\u00e9 700 &#8211; Motogp Bagnaia wereldkampioen<\/p>","protected":false},"featured_media":374215,"comment_status":"open","ping_status":"closed","template":"","meta":{"_acf_changed":false,"_mo_disable_npp":""},"product_brand":[],"product_cat":[7529,7512,7510,7917,7604],"product_tag":[],"class_list":{"0":"post-203033","1":"product","2":"type-product","3":"status-publish","4":"has-post-thumbnail","6":"product_cat-auto-vervoer","7":"product_cat-losse-tijdschriften","8":"product_cat-magazines","9":"product_cat-motoplus","10":"product_cat-motoren","11":"pa_categorie-automotive","12":"pa_doelgroep-mannen","13":"pa_erotisch-tijdschrift-nee","14":"pa_taal-nederlands","15":"pa_thema-autos-en-motoren","16":"pa_tijdschrift-set-nee","17":"pa_type-tijdschrift-tweewekelijks-blad","18":"pa_uitgever-volgas-producties-b-v","20":"first","21":"instock","22":"taxable","23":"shipping-taxable","24":"purchasable","25":"product-type-simple"},"acf":[],"df_price":4.95,"df_sale_price":"","df_regular_price":4.95,"df_image_link":"https:\/\/aboland.nl\/wp-content\/uploads\/2023\/09\/motoplus-22-2022-233x300.webp","_links":{"self":[{"href":"https:\/\/aboland.nl\/fr\/wp-json\/wp\/v2\/product\/203033","targetHints":{"allow":["GET"]}}],"collection":[{"href":"https:\/\/aboland.nl\/fr\/wp-json\/wp\/v2\/product"}],"about":[{"href":"https:\/\/aboland.nl\/fr\/wp-json\/wp\/v2\/types\/product"}],"replies":[{"embeddable":true,"href":"https:\/\/aboland.nl\/fr\/wp-json\/wp\/v2\/comments?post=203033"}],"version-history":[{"count":0,"href":"https:\/\/aboland.nl\/fr\/wp-json\/wp\/v2\/product\/203033\/revisions"}],"wp:featuredmedia":[{"embeddable":true,"href":"https:\/\/aboland.nl\/fr\/wp-json\/wp\/v2\/media\/374215"}],"wp:attachment":[{"href":"https:\/\/aboland.nl\/fr\/wp-json\/wp\/v2\/media?parent=203033"}],"wp:term":[{"taxonomy":"product_brand","embeddable":true,"href":"https:\/\/aboland.nl\/fr\/wp-json\/wp\/v2\/product_brand?post=203033"},{"taxonomy":"product_cat","embeddable":true,"href":"https:\/\/aboland.nl\/fr\/wp-json\/wp\/v2\/product_cat?post=203033"},{"taxonomy":"product_tag","embeddable":true,"href":"https:\/\/aboland.nl\/fr\/wp-json\/wp\/v2\/product_tag?post=203033"}],"curies":[{"name":"wp","href":"https:\/\/api.w.org\/{rel}","templated":true}]}}