{"id":200628,"date":"2022-08-16T14:30:47","date_gmt":"2022-08-16T12:30:47","guid":{"rendered":"https:\/\/aboland.dk\/product\/meesterlijk-van-robert-abonnement\/"},"modified":"2026-02-12T02:01:52","modified_gmt":"2026-02-12T01:01:52","slug":"meesterlijk-van-robert-abonnement","status":"publish","type":"product","link":"https:\/\/aboland.nl\/fr\/meesterlijk-van-robert-abonnement\/","title":{"rendered":"Meesterlijk membership abonnement"},"content":{"rendered":"<p>Meesterlijk van Rob\u00e8rt is h\u00e9t inspiratieplatform voor thuisbakkers van Rob\u00e8rt van Beckhoven. Elke twee maanden ontvang je een magazine boordevol recepten en handige tips en trucs voor thuis. Online krijg je direct toegang tot een groot archief aan online masterclasses, recepten, een bakvragenbibliotheek en nog meer informatie om thuis beter te leren bakken. Sluit je aan en word de beste thuisbakker die je kunt zijn!<\/p>\n<p>&nbsp;<\/p>\n<p>Meesterlijk membership bestaat uit:<\/p>\n<p>&nbsp;<\/p>\n<ul>\n<li>Een membership voor 12 maanden voor \u20ac 83,40 per jaar (i.p.v. \u20ac 119,40)<\/li>\n<li>6 nummers van Rob\u00e8rts magazine<\/li>\n<li>Onbeperkt toegang tot online masterclasses, recepten &amp; inspiratie<\/li>\n<\/ul>","protected":false},"excerpt":{"rendered":"<h2>Over Meesterlijk membership:<\/h2>\n<p>Meesterlijk van Rob\u00e8rt is h\u00e9t inspiratieplatform voor thuisbakkers van Rob\u00e8rt van Beckhoven. Elke twee maanden ontvang je een magazine boordevol recepten en handige tips en trucs voor thuis. Online krijg je direct toegang tot een groot archief aan online masterclasses, recepten, een bakvragenbibliotheek en nog meer informatie om thuis beter te leren bakken. Sluit je aan en word de beste thuisbakker die je kunt zijn!<\/p>\n<p>&nbsp;<\/p>\n<p>Meesterlijk membership bestaat uit:<\/p>\n<p>&nbsp;<\/p>\n<ul>\n<li>Een membership voor 12 maanden voor \u20ac 83,40 per jaar (i.p.v. \u20ac 119,40)<\/li>\n<li>6 nummers van Rob\u00e8rts magazine<\/li>\n<li>Onbeperkt toegang tot online masterclasses, recepten &amp; inspiratie<\/li>\n<\/ul>","protected":false},"featured_media":821401,"comment_status":"open","ping_status":"closed","template":"","meta":{"_acf_changed":false,"_mo_disable_npp":""},"product_brand":[],"product_cat":[8602,8207],"product_tag":[],"class_list":{"0":"post-200628","1":"product","2":"type-product","3":"status-publish","4":"has-post-thumbnail","6":"product_cat-hobby-vrije-tijd-tijdschrift-abonnementen","7":"product_cat-tijdschrift-abonnementen","8":"pa_categorie-hobby-vrije-tijd","9":"pa_doelgroep-mannen","10":"pa_doelgroep-vrouwen","11":"pa_erotisch-tijdschrift-nee","12":"pa_frequentie-06-x-per-jaar","13":"pa_taal-nederlands","14":"pa_thema-health-en-food","15":"pa_thema-hobby-en-vrije-tijd","16":"pa_tijdschrift-set-nee","17":"pa_type-tijdschrift-tweemaandelijks-blad","18":"pa_uitgever-meesterlijk-merk-b-v","20":"first","21":"instock","22":"sale","23":"taxable","24":"shipping-taxable","25":"purchasable","26":"product-type-variable"},"acf":[],"df_price":83.4,"df_sale_price":"","df_regular_price":83.4,"df_image_link":"https:\/\/aboland.nl\/wp-content\/uploads\/2026\/02\/Meesterlijk56_Webshop-255x300.jpg","_links":{"self":[{"href":"https:\/\/aboland.nl\/fr\/wp-json\/wp\/v2\/product\/200628","targetHints":{"allow":["GET"]}}],"collection":[{"href":"https:\/\/aboland.nl\/fr\/wp-json\/wp\/v2\/product"}],"about":[{"href":"https:\/\/aboland.nl\/fr\/wp-json\/wp\/v2\/types\/product"}],"replies":[{"embeddable":true,"href":"https:\/\/aboland.nl\/fr\/wp-json\/wp\/v2\/comments?post=200628"}],"version-history":[{"count":0,"href":"https:\/\/aboland.nl\/fr\/wp-json\/wp\/v2\/product\/200628\/revisions"}],"wp:featuredmedia":[{"embeddable":true,"href":"https:\/\/aboland.nl\/fr\/wp-json\/wp\/v2\/media\/821401"}],"wp:attachment":[{"href":"https:\/\/aboland.nl\/fr\/wp-json\/wp\/v2\/media?parent=200628"}],"wp:term":[{"taxonomy":"product_brand","embeddable":true,"href":"https:\/\/aboland.nl\/fr\/wp-json\/wp\/v2\/product_brand?post=200628"},{"taxonomy":"product_cat","embeddable":true,"href":"https:\/\/aboland.nl\/fr\/wp-json\/wp\/v2\/product_cat?post=200628"},{"taxonomy":"product_tag","embeddable":true,"href":"https:\/\/aboland.nl\/fr\/wp-json\/wp\/v2\/product_tag?post=200628"}],"curies":[{"name":"wp","href":"https:\/\/api.w.org\/{rel}","templated":true}]}}