{"id":200352,"date":"2024-11-16T15:29:05","date_gmt":"2024-11-16T14:29:05","guid":{"rendered":"https:\/\/aboland.dk\/product\/azie-abonnement\/"},"modified":"2025-12-04T02:02:06","modified_gmt":"2025-12-04T01:02:06","slug":"azie-abonnement","status":"publish","type":"product","link":"https:\/\/aboland.nl\/fr\/azie-abonnement\/","title":{"rendered":"Azi\u00eb abonnement"},"content":{"rendered":"<p>Hou jij van reizen? AZI\u00cb, het reismagazine voor Azi\u00eb, Australi\u00eb en Nieuw-Zeeland. Er is geen ander Nederlandstalig tijd\u00adschrift dat op deze wijze geva\u00adrieerde en uitge\u00adbreide informatie geeft over reizen in en naar Aziatische landen en Australi\u00eb en Nieuw-Zeeland. Het tijdschrift infor\u00admeert over cultuur, historie, mensen, le\u00advensstijlen en geeft ook reis tips voor de beste plekken. Dit tijdschrift is nu eenvoudig te bestellen bij Magvilla.<\/p>","protected":false},"excerpt":{"rendered":"<h2>Over dit magazine:<\/h2>\n<p>AZI\u00cb, het reismagazine voor Azi\u00eb, Australi\u00eb en Nieuw-Zeeland, verschijnt viermaal (minimaal) tot zesmaal per jaar (maximaal). Elke editie telt minimaal 68 tot maximaal 84 pagina\u2019s in kleur. AZI\u00cb neemt al sinds 1987 een unieke plaats in op de lezers- en adverteerdersmarkt. Er is geen ander Nederlandstalig tijd\u00adschrift dat op deze wijze geva\u00adrieerde en uitge\u00adbreide informatie geeft over reizen in en naar Aziatische landen en Australi\u00eb en Nieuw-Zeeland. Het tijdschrift infor\u00admeert over cultuur, historie, mensen en le\u00advensstijlen. Ook praktische infor\u00admatie, interviews en veel (reis)tips zijn in dit tijdschrift opgenomen. In elke editie van AZI\u00cb wordt een special van circa 20 pagina\u2019s gebracht over een land of gebied. In de verschillende rubrieken worden diverse onderwerpen behan\u00addeld. Boeken en reisgidsen worden besproken; tentoonstellingen worden vermeld en ook nieuws- en wetenswaar\u00addigheden uit de reiswereld. Verder wor\u00adden opvallende ver\u00adblijf\u00adplaatsen en uitstap\u00adjes beschreven en (uitgaans)tips gegeven.<\/p>","protected":false},"featured_media":789923,"comment_status":"open","ping_status":"closed","template":"","meta":{"_acf_changed":false,"_mo_disable_npp":""},"product_brand":[],"product_cat":[8608,8207,8535,7514,7515],"product_tag":[],"class_list":{"0":"post-200352","1":"product","2":"type-product","3":"status-publish","4":"has-post-thumbnail","6":"product_cat-reizen-recreatie-tijdschrift-abonnementen","7":"product_cat-tijdschrift-abonnementen","8":"product_cat-vaderdag","9":"product_cat-vrouw","10":"product_cat-vrouw-algemeen","11":"pa_categorie-reizen","12":"pa_doelgroep-mannen","13":"pa_doelgroep-vrouwen","14":"pa_erotisch-tijdschrift-nee","15":"pa_frequentie-04-x-per-jaar","16":"pa_taal-nederlands","17":"pa_thema-kunst-en-cultuur","18":"pa_thema-natuur-en-reizen","19":"pa_tijdschrift-set-nee","21":"first","22":"instock","23":"sale","24":"taxable","25":"shipping-taxable","26":"purchasable","27":"product-type-variable"},"acf":[],"df_price":31.5,"df_sale_price":"","df_regular_price":31.5,"df_image_link":"https:\/\/aboland.nl\/wp-content\/uploads\/2025\/12\/Azie-Magazine-2025-04-232x300.jpg","_links":{"self":[{"href":"https:\/\/aboland.nl\/fr\/wp-json\/wp\/v2\/product\/200352","targetHints":{"allow":["GET"]}}],"collection":[{"href":"https:\/\/aboland.nl\/fr\/wp-json\/wp\/v2\/product"}],"about":[{"href":"https:\/\/aboland.nl\/fr\/wp-json\/wp\/v2\/types\/product"}],"replies":[{"embeddable":true,"href":"https:\/\/aboland.nl\/fr\/wp-json\/wp\/v2\/comments?post=200352"}],"version-history":[{"count":0,"href":"https:\/\/aboland.nl\/fr\/wp-json\/wp\/v2\/product\/200352\/revisions"}],"wp:featuredmedia":[{"embeddable":true,"href":"https:\/\/aboland.nl\/fr\/wp-json\/wp\/v2\/media\/789923"}],"wp:attachment":[{"href":"https:\/\/aboland.nl\/fr\/wp-json\/wp\/v2\/media?parent=200352"}],"wp:term":[{"taxonomy":"product_brand","embeddable":true,"href":"https:\/\/aboland.nl\/fr\/wp-json\/wp\/v2\/product_brand?post=200352"},{"taxonomy":"product_cat","embeddable":true,"href":"https:\/\/aboland.nl\/fr\/wp-json\/wp\/v2\/product_cat?post=200352"},{"taxonomy":"product_tag","embeddable":true,"href":"https:\/\/aboland.nl\/fr\/wp-json\/wp\/v2\/product_tag?post=200352"}],"curies":[{"name":"wp","href":"https:\/\/api.w.org\/{rel}","templated":true}]}}