{"id":199755,"date":"2022-07-18T20:20:33","date_gmt":"2022-07-18T18:20:33","guid":{"rendered":"https:\/\/aboland.dk\/product\/auto-motor-und-sport-16-2022\/"},"modified":"2024-07-11T02:06:21","modified_gmt":"2024-07-11T00:06:21","slug":"auto-motor-und-sport-16-2022","status":"publish","type":"product","link":"https:\/\/aboland.nl\/fr\/auto-motor-und-sport-16-2022\/","title":{"rendered":"Auto Motor und Sport &#8211; 16 2022"},"content":{"rendered":"<h2>\u00dcber dieses Magazin:<\/h2>\n<p>Hier finden Sie alles zum Thema Auto: ausf\u00fchrliche Tests, exklusive Erlk\u00f6nig-Bilder, Kaufberatung, alles zu Verkehr &amp; Politik, Formel 1 und aktuellen News.<\/p>","protected":false},"excerpt":{"rendered":"<p>In deze editie:<\/p>\n<p>Urlaubs-Spezial: Skoda Superb, Opel Mokka, Mercedes EQV, Mini Countryman &amp; Dacia Jogger &#8211; Gefahren &amp; getestet: Volvo V90 Recharge T6, Mercedes EQB 300, Seat Leon 1.5 TGI &amp; Kia Niro PHEV &#8211; E-fuels: So haben Verbrenner eine Zukunft &#8211; Spritpreise: So viel kostet Tanken im Ausland &#8211; Vorsicht: Bussgeldregeln in Europa &#8211; Gebrauchte: Aktuelle Reiseautos &#8211; Kurvenk\u00fcnstler: Alpine A110 S, Porsche 718 Cayman &amp; Audi TTS Coup\u00e9 &#8211; Die Sch\u00f6nen: Audi A5 40 TDI Cabrio gegen BMW 420d Cabrio &#8211; Der Schnelle: Lamborghini Hurac\u00e1n Tecnica &#8211; Die praktischen: Ford Focus Turnier, Kia Ceed Sportswagon &amp; Seat Leon Sportstourer &#8211; Reportage: So weit f\u00e4hrt der Mercedes EQS wirklich<\/p>","protected":false},"featured_media":379294,"comment_status":"open","ping_status":"closed","template":"","meta":{"_acf_changed":false,"_mo_disable_npp":""},"product_brand":[],"product_cat":[7529,7570,7530,7512,7510],"product_tag":[],"class_list":{"0":"post-199755","1":"product","2":"type-product","3":"status-publish","4":"has-post-thumbnail","6":"product_cat-auto-vervoer","7":"product_cat-auto-motor-und-sport","8":"product_cat-autos","9":"product_cat-losse-tijdschriften","10":"product_cat-magazines","11":"pa_doelgroep-mannen","12":"pa_erotisch-tijdschrift-nee","13":"pa_taal-duits","14":"pa_thema-autos-en-motoren","15":"pa_tijdschrift-set-nee","16":"pa_type-tijdschrift-maandblad","18":"first","19":"instock","20":"taxable","21":"shipping-taxable","22":"purchasable","23":"product-type-simple"},"acf":[],"df_price":5.6,"df_sale_price":"","df_regular_price":5.6,"df_image_link":"https:\/\/aboland.nl\/wp-content\/uploads\/2023\/09\/auto-motor-und-sport-16-2022-233x300.webp","_links":{"self":[{"href":"https:\/\/aboland.nl\/fr\/wp-json\/wp\/v2\/product\/199755","targetHints":{"allow":["GET"]}}],"collection":[{"href":"https:\/\/aboland.nl\/fr\/wp-json\/wp\/v2\/product"}],"about":[{"href":"https:\/\/aboland.nl\/fr\/wp-json\/wp\/v2\/types\/product"}],"replies":[{"embeddable":true,"href":"https:\/\/aboland.nl\/fr\/wp-json\/wp\/v2\/comments?post=199755"}],"version-history":[{"count":0,"href":"https:\/\/aboland.nl\/fr\/wp-json\/wp\/v2\/product\/199755\/revisions"}],"wp:featuredmedia":[{"embeddable":true,"href":"https:\/\/aboland.nl\/fr\/wp-json\/wp\/v2\/media\/379294"}],"wp:attachment":[{"href":"https:\/\/aboland.nl\/fr\/wp-json\/wp\/v2\/media?parent=199755"}],"wp:term":[{"taxonomy":"product_brand","embeddable":true,"href":"https:\/\/aboland.nl\/fr\/wp-json\/wp\/v2\/product_brand?post=199755"},{"taxonomy":"product_cat","embeddable":true,"href":"https:\/\/aboland.nl\/fr\/wp-json\/wp\/v2\/product_cat?post=199755"},{"taxonomy":"product_tag","embeddable":true,"href":"https:\/\/aboland.nl\/fr\/wp-json\/wp\/v2\/product_tag?post=199755"}],"curies":[{"name":"wp","href":"https:\/\/api.w.org\/{rel}","templated":true}]}}