{"id":195471,"date":"2022-07-01T20:21:26","date_gmt":"2022-07-01T18:21:26","guid":{"rendered":"https:\/\/aboland.dk\/product\/landidee-01-2017\/"},"modified":"2026-02-25T15:45:00","modified_gmt":"2026-02-25T14:45:00","slug":"landidee-01-2017","status":"publish","type":"product","link":"https:\/\/aboland.nl\/fr\/landidee-01-2017\/","title":{"rendered":"Landidee &#8211; 01 2017"},"content":{"rendered":"<h2>Over dit magazine:<\/h2>\n<p>LandIdee is een mooi en informatief lifestylemagazine boordevol tips en idee\u00ebn voor iedereen die wil genieten van het binnen-en buitenleven. Ge\u00efnspireerd door de seizoenen. Met veel aandacht voor natuur, ambachten, creatieve idee\u00ebn, tuinieren, verse recepten, interieur en gezondheid. Geniet meer van het leven met LandIdee.<\/p>","protected":false},"excerpt":{"rendered":"<h2>In deze editie:<\/h2>\n<p>Landidee &#8211; Binennkijken in Wamel, brocante met een twist &#8211; Stevige kost, verrassende recepten met zuurkool &#8211; Met liefde bereid, gezonde lunch voor in de schooltas &#8211; Ambacht &amp; traditie, Vlaams familiebedrijf voor glas in lood &#8211; Heerlijke winterbloeiers<\/p>","protected":false},"featured_media":369153,"comment_status":"open","ping_status":"closed","template":"","meta":{"_acf_changed":false,"_mo_disable_npp":""},"product_brand":[],"product_cat":[7663,7866,7512,7510,7566],"product_tag":[],"class_list":{"0":"post-195471","1":"product","2":"type-product","3":"status-publish","4":"has-post-thumbnail","6":"product_cat-huis-tuin","7":"product_cat-landidee","8":"product_cat-losse-tijdschriften","9":"product_cat-magazines","10":"product_cat-wonen-tuinieren","11":"pa_categorie-huis-tuin","12":"pa_doelgroep-mannen","13":"pa_doelgroep-vrouwen","14":"pa_erotisch-tijdschrift-nee","15":"pa_taal-nederlands","16":"pa_thema-huis-en-tuin","17":"pa_tijdschrift-set-nee","18":"pa_type-tijdschrift-tweemaandelijks-blad","20":"first","21":"outofstock","22":"sale","23":"taxable","24":"shipping-taxable","25":"purchasable","26":"product-type-simple"},"acf":[],"df_price":4.49,"df_sale_price":4.49,"df_regular_price":5.5,"df_image_link":"https:\/\/aboland.nl\/wp-content\/uploads\/2023\/08\/landidee201-233x300.webp","_links":{"self":[{"href":"https:\/\/aboland.nl\/fr\/wp-json\/wp\/v2\/product\/195471","targetHints":{"allow":["GET"]}}],"collection":[{"href":"https:\/\/aboland.nl\/fr\/wp-json\/wp\/v2\/product"}],"about":[{"href":"https:\/\/aboland.nl\/fr\/wp-json\/wp\/v2\/types\/product"}],"replies":[{"embeddable":true,"href":"https:\/\/aboland.nl\/fr\/wp-json\/wp\/v2\/comments?post=195471"}],"version-history":[{"count":0,"href":"https:\/\/aboland.nl\/fr\/wp-json\/wp\/v2\/product\/195471\/revisions"}],"wp:featuredmedia":[{"embeddable":true,"href":"https:\/\/aboland.nl\/fr\/wp-json\/wp\/v2\/media\/369153"}],"wp:attachment":[{"href":"https:\/\/aboland.nl\/fr\/wp-json\/wp\/v2\/media?parent=195471"}],"wp:term":[{"taxonomy":"product_brand","embeddable":true,"href":"https:\/\/aboland.nl\/fr\/wp-json\/wp\/v2\/product_brand?post=195471"},{"taxonomy":"product_cat","embeddable":true,"href":"https:\/\/aboland.nl\/fr\/wp-json\/wp\/v2\/product_cat?post=195471"},{"taxonomy":"product_tag","embeddable":true,"href":"https:\/\/aboland.nl\/fr\/wp-json\/wp\/v2\/product_tag?post=195471"}],"curies":[{"name":"wp","href":"https:\/\/api.w.org\/{rel}","templated":true}]}}