{"id":722,"date":"2021-01-24T18:59:05","date_gmt":"2021-01-24T18:59:05","guid":{"rendered":"https:\/\/aboland.dk\/?page_id=722"},"modified":"2024-08-02T13:47:25","modified_gmt":"2024-08-02T11:47:25","slug":"service-client","status":"publish","type":"page","link":"https:\/\/aboland.nl\/fr\/klantenservice\/","title":{"rendered":"Service Client"},"content":{"rendered":"<div data-elementor-type=\"wp-page\" data-elementor-id=\"722\" class=\"elementor elementor-722\" data-elementor-post-type=\"page\">\n\t\t\t\t\t\t<section class=\"elementor-section elementor-top-section elementor-element elementor-element-d3ba2b2 elementor-hidden-desktop elementor-hidden-tablet elementor-hidden-mobile elementor-section-boxed elementor-section-height-default elementor-section-height-default\" data-id=\"d3ba2b2\" data-element_type=\"section\" data-e-type=\"section\" data-settings=\"{&quot;background_background&quot;:&quot;classic&quot;}\">\n\t\t\t\t\t\t<div class=\"elementor-container elementor-column-gap-default\">\n\t\t\t\t\t<div class=\"elementor-column elementor-col-100 elementor-top-column elementor-element elementor-element-0b43c7f\" data-id=\"0b43c7f\" data-element_type=\"column\" data-e-type=\"column\">\n\t\t\t<div class=\"elementor-widget-wrap elementor-element-populated\">\n\t\t\t\t\t\t<div class=\"elementor-element elementor-element-1c32d58 elementor-widget elementor-widget-text-editor\" data-id=\"1c32d58\" data-element_type=\"widget\" data-e-type=\"widget\" data-widget_type=\"text-editor.default\">\n\t\t\t\t<div class=\"elementor-widget-container\">\n\t\t\t\t\t\t\t\t\t<p>La p\u00e9nurie structurelle de personnel \u00e0 PostNL et la reconstruction de plusieurs centres de distribution de PostNL ont eu pour cons\u00e9quence que le courrier n'a pas \u00e9t\u00e9 distribu\u00e9 ou l'a \u00e9t\u00e9 en retard.<br \/>Pour l'instant, on ne sait pas quand PostNL r\u00e9sorbera son retard. Nous sommes en contact quotidien avec PostNL pour veiller \u00e0 ce que vous receviez votre magazine ou votre commande. Nous vous prions de nous excuser pour ce d\u00e9sagr\u00e9ment.<\/p>\t\t\t\t\t\t\t\t<\/div>\n\t\t\t\t<\/div>\n\t\t\t\t\t<\/div>\n\t\t<\/div>\n\t\t\t\t\t<\/div>\n\t\t<\/section>\n\t\t\t\t<section class=\"elementor-section elementor-top-section elementor-element elementor-element-9a34ba2 elementor-section-boxed elementor-section-height-default elementor-section-height-default\" data-id=\"9a34ba2\" data-element_type=\"section\" data-e-type=\"section\">\n\t\t\t\t\t\t<div class=\"elementor-container elementor-column-gap-default\">\n\t\t\t\t\t<div class=\"elementor-column elementor-col-50 elementor-top-column elementor-element elementor-element-db7d4fd\" data-id=\"db7d4fd\" data-element_type=\"column\" data-e-type=\"column\">\n\t\t\t<div class=\"elementor-widget-wrap elementor-element-populated\">\n\t\t\t\t\t\t<div class=\"elementor-element elementor-element-cc2dbd1 elementor-widget elementor-widget-heading\" data-id=\"cc2dbd1\" data-element_type=\"widget\" data-e-type=\"widget\" data-widget_type=\"heading.default\">\n\t\t\t\t<div class=\"elementor-widget-container\">\n\t\t\t\t\t<h1 class=\"elementor-heading-title elementor-size-default\">Service Client<\/h1>\t\t\t\t<\/div>\n\t\t\t\t<\/div>\n\t\t\t\t<div class=\"elementor-element elementor-element-ba0b5ae elementor-widget elementor-widget-text-editor\" data-id=\"ba0b5ae\" data-element_type=\"widget\" data-e-type=\"widget\" data-widget_type=\"text-editor.default\">\n\t\t\t\t<div class=\"elementor-widget-container\">\n\t\t\t\t\t\t\t\t\t<p><span style=\"caret-color: #000000; color: var( --e-global-color-text ); letter-spacing: 0px;\">Chez Aboland, nous souhaitons vous offrir le meilleur service possible pour vous aider, en tant qu'abonn\u00e9, \u00e0 r\u00e9pondre \u00e0 tous vos besoins et \u00e0 toutes vos exigences. Pour ce faire, nous vous avons donn\u00e9 la possibilit\u00e9 de r\u00e9pondre vous-m\u00eame en ligne aux questions et demandes les plus courantes.<\/span><\/p><p>Saviez-vous que sur toutes les pages du magazine, vous pouvez arranger tout ce qui est list\u00e9 ci-dessous ? Trouvez facilement votre magazine en utilisant le formulaire ci-dessous.<\/p>\t\t\t\t\t\t\t\t<\/div>\n\t\t\t\t<\/div>\n\t\t\t\t<section class=\"elementor-section elementor-inner-section elementor-element elementor-element-0a0d928 elementor-section-boxed elementor-section-height-default elementor-section-height-default\" data-id=\"0a0d928\" data-element_type=\"section\" data-e-type=\"section\">\n\t\t\t\t\t\t<div class=\"elementor-container elementor-column-gap-default\">\n\t\t\t\t\t<div class=\"elementor-column elementor-col-100 elementor-inner-column elementor-element elementor-element-048734a\" data-id=\"048734a\" data-element_type=\"column\" data-e-type=\"column\">\n\t\t\t<div class=\"elementor-widget-wrap elementor-element-populated\">\n\t\t\t\t\t\t<div class=\"elementor-element elementor-element-262f668 elementor-widget elementor-widget-html\" data-id=\"262f668\" data-element_type=\"widget\" data-e-type=\"widget\" data-widget_type=\"html.default\">\n\t\t\t\t<div class=\"elementor-widget-container\">\n\t\t\t\t\t<div id=\"aboland_service_search_field_homepage\" class=\"aboland_service_search\"><input class=\"aboland_service_search_field\" placeholder=\"Recherche par titre\u2026.\" value=\"\" style=\"min-width:330px;padding: 10px;\"><div id=\"aboland_service_search_values_homepage\" class=\"aboland_service_search_values\" style=\"height:0px;overflow:hidden scroll;text-align:left;background-color:#f1f0f0;z-index:999;position: absolute;\"><\/div><\/div>\t\t\t\t<\/div>\n\t\t\t\t<\/div>\n\t\t\t\t\t<\/div>\n\t\t<\/div>\n\t\t\t\t\t<\/div>\n\t\t<\/section>\n\t\t\t\t\t<\/div>\n\t\t<\/div>\n\t\t\t\t<div class=\"elementor-column elementor-col-50 elementor-top-column elementor-element elementor-element-fe9b963\" data-id=\"fe9b963\" data-element_type=\"column\" data-e-type=\"column\">\n\t\t\t<div class=\"elementor-widget-wrap elementor-element-populated\">\n\t\t\t\t\t\t<div class=\"elementor-element elementor-element-1457b5e elementor-widget elementor-widget-image\" data-id=\"1457b5e\" data-element_type=\"widget\" data-e-type=\"widget\" data-widget_type=\"image.default\">\n\t\t\t\t<div class=\"elementor-widget-container\">\n\t\t\t\t\t\t\t\t\t\t\t\t\t\t\t<img fetchpriority=\"high\" decoding=\"async\" width=\"659\" height=\"310\" src=\"https:\/\/aboland.nl\/wp-content\/uploads\/2021\/02\/sfeerfoto_01.jpg\" class=\"attachment-large size-large wp-image-765\" alt=\"\" srcset=\"https:\/\/aboland.nl\/wp-content\/uploads\/2021\/02\/sfeerfoto_01.jpg 659w, https:\/\/aboland.nl\/wp-content\/uploads\/2021\/02\/sfeerfoto_01-600x282.jpg 600w, https:\/\/aboland.nl\/wp-content\/uploads\/2021\/02\/sfeerfoto_01-300x141.jpg 300w, https:\/\/aboland.nl\/wp-content\/uploads\/2021\/02\/sfeerfoto_01-640x301.jpg 640w, https:\/\/aboland.nl\/wp-content\/uploads\/2021\/02\/sfeerfoto_01-400x188.jpg 400w\" sizes=\"(max-width: 659px) 100vw, 659px\" \/>\t\t\t\t\t\t\t\t\t\t\t\t\t\t\t<\/div>\n\t\t\t\t<\/div>\n\t\t\t\t\t<\/div>\n\t\t<\/div>\n\t\t\t\t\t<\/div>\n\t\t<\/section>\n\t\t\t\t<section class=\"elementor-section elementor-top-section elementor-element elementor-element-529fd87 elementor-section-boxed elementor-section-height-default elementor-section-height-default\" data-id=\"529fd87\" data-element_type=\"section\" data-e-type=\"section\" data-settings=\"{&quot;background_background&quot;:&quot;classic&quot;}\">\n\t\t\t\t\t\t<div class=\"elementor-container elementor-column-gap-default\">\n\t\t\t\t\t<div class=\"elementor-column elementor-col-33 elementor-top-column elementor-element elementor-element-a3485ed\" data-id=\"a3485ed\" data-element_type=\"column\" data-e-type=\"column\">\n\t\t\t<div class=\"elementor-widget-wrap\">\n\t\t\t\t\t\t\t<\/div>\n\t\t<\/div>\n\t\t\t\t<div class=\"elementor-column elementor-col-33 elementor-top-column elementor-element elementor-element-8cccc85\" data-id=\"8cccc85\" data-element_type=\"column\" data-e-type=\"column\">\n\t\t\t<div class=\"elementor-widget-wrap elementor-element-populated\">\n\t\t\t\t\t\t<div class=\"elementor-element elementor-element-9c3a857 elementor-widget elementor-widget-heading\" data-id=\"9c3a857\" data-element_type=\"widget\" data-e-type=\"widget\" data-widget_type=\"heading.default\">\n\t\t\t\t<div class=\"elementor-widget-container\">\n\t\t\t\t\t<h1 class=\"elementor-heading-title elementor-size-default\">Besoin d'aide ?<\/h1>\t\t\t\t<\/div>\n\t\t\t\t<\/div>\n\t\t\t\t<div class=\"elementor-element elementor-element-3f5ec16 elementor-widget elementor-widget-text-editor\" data-id=\"3f5ec16\" data-element_type=\"widget\" data-e-type=\"widget\" data-widget_type=\"text-editor.default\">\n\t\t\t\t<div class=\"elementor-widget-container\">\n\t\t\t\t\t\t\t\t\t<p><span style=\"caret-color: #000000;\">Vous n'y arrivez pas vous-m\u00eame ? Pas de probl\u00e8me ! Notre service client\u00e8le est \u00e0 votre disposition les jours ouvrables de 9 \u00e0 17 heures pour vous parler.<\/span><\/p>\t\t\t\t\t\t\t\t<\/div>\n\t\t\t\t<\/div>\n\t\t\t\t\t<\/div>\n\t\t<\/div>\n\t\t\t\t<div class=\"elementor-column elementor-col-33 elementor-top-column elementor-element elementor-element-a6a300a\" data-id=\"a6a300a\" data-element_type=\"column\" data-e-type=\"column\">\n\t\t\t<div class=\"elementor-widget-wrap\">\n\t\t\t\t\t\t\t<\/div>\n\t\t<\/div>\n\t\t\t\t\t<\/div>\n\t\t<\/section>\n\t\t\t\t<section class=\"elementor-section elementor-top-section elementor-element elementor-element-944eeaa elementor-section-boxed elementor-section-height-default elementor-section-height-default\" data-id=\"944eeaa\" data-element_type=\"section\" data-e-type=\"section\" data-settings=\"{&quot;background_background&quot;:&quot;classic&quot;}\">\n\t\t\t\t\t\t<div class=\"elementor-container elementor-column-gap-default\">\n\t\t\t\t\t<div class=\"elementor-column elementor-col-50 elementor-top-column elementor-element elementor-element-d2822d4\" data-id=\"d2822d4\" data-element_type=\"column\" data-e-type=\"column\" data-settings=\"{&quot;background_background&quot;:&quot;classic&quot;}\">\n\t\t\t<div class=\"elementor-widget-wrap elementor-element-populated\">\n\t\t\t\t\t\t<div class=\"elementor-element elementor-element-3e9d4cd elementor-view-default elementor-widget elementor-widget-icon\" data-id=\"3e9d4cd\" data-element_type=\"widget\" data-e-type=\"widget\" data-widget_type=\"icon.default\">\n\t\t\t\t<div class=\"elementor-widget-container\">\n\t\t\t\t\t\t\t<div class=\"elementor-icon-wrapper\">\n\t\t\t<a class=\"elementor-icon\" href=\"https:\/\/aboland.nl\/fr\/service-client\/formulaire-de-contact\/\">\n\t\t\t<i aria-hidden=\"true\" class=\"far fa-envelope\"><\/i>\t\t\t<\/a>\n\t\t<\/div>\n\t\t\t\t\t\t<\/div>\n\t\t\t\t<\/div>\n\t\t\t\t<div class=\"elementor-element elementor-element-b40b977 elementor-widget elementor-widget-heading\" data-id=\"b40b977\" data-element_type=\"widget\" data-e-type=\"widget\" data-widget_type=\"heading.default\">\n\t\t\t\t<div class=\"elementor-widget-container\">\n\t\t\t\t\t<h3 class=\"elementor-heading-title elementor-size-default\"><a href=\"https:\/\/aboland.nl\/fr\/service-client\/formulaire-de-contact\/\">Formulaire de contact<\/a><\/h3>\t\t\t\t<\/div>\n\t\t\t\t<\/div>\n\t\t\t\t<div class=\"elementor-element elementor-element-241dcb5 elementor-widget elementor-widget-heading\" data-id=\"241dcb5\" data-element_type=\"widget\" data-e-type=\"widget\" data-widget_type=\"heading.default\">\n\t\t\t\t<div class=\"elementor-widget-container\">\n\t\t\t\t\t<p class=\"elementor-heading-title elementor-size-default\"><a href=\"https:\/\/aboland.nl\/fr\/service-client\/formulaire-de-contact\/\">Cliquez ici pour notre formulaire de contact<\/a><\/p>\t\t\t\t<\/div>\n\t\t\t\t<\/div>\n\t\t\t\t\t<\/div>\n\t\t<\/div>\n\t\t\t\t<div class=\"elementor-column elementor-col-50 elementor-top-column elementor-element elementor-element-1e21f40\" data-id=\"1e21f40\" data-element_type=\"column\" data-e-type=\"column\" data-settings=\"{&quot;background_background&quot;:&quot;classic&quot;}\">\n\t\t\t<div class=\"elementor-widget-wrap elementor-element-populated\">\n\t\t\t\t\t\t<div class=\"elementor-element elementor-element-b8da71a elementor-view-default elementor-widget elementor-widget-icon\" data-id=\"b8da71a\" data-element_type=\"widget\" data-e-type=\"widget\" data-widget_type=\"icon.default\">\n\t\t\t\t<div class=\"elementor-widget-container\">\n\t\t\t\t\t\t\t<div class=\"elementor-icon-wrapper\">\n\t\t\t<div class=\"elementor-icon\">\n\t\t\t<i aria-hidden=\"true\" class=\"fas fa-phone\"><\/i>\t\t\t<\/div>\n\t\t<\/div>\n\t\t\t\t\t\t<\/div>\n\t\t\t\t<\/div>\n\t\t\t\t<div class=\"elementor-element elementor-element-9847bbc elementor-widget elementor-widget-heading\" data-id=\"9847bbc\" data-element_type=\"widget\" data-e-type=\"widget\" data-widget_type=\"heading.default\">\n\t\t\t\t<div class=\"elementor-widget-container\">\n\t\t\t\t\t<h3 class=\"elementor-heading-title elementor-size-default\">Appelez-nous<\/h3>\t\t\t\t<\/div>\n\t\t\t\t<\/div>\n\t\t\t\t<div class=\"elementor-element elementor-element-a4a0a23 elementor-widget elementor-widget-heading\" data-id=\"a4a0a23\" data-element_type=\"widget\" data-e-type=\"widget\" data-widget_type=\"heading.default\">\n\t\t\t\t<div class=\"elementor-widget-container\">\n\t\t\t\t\t<p class=\"elementor-heading-title elementor-size-default\"><a href=\"tel:+31251257924\">+31 (0) 251 257 924<\/a><\/p>\t\t\t\t<\/div>\n\t\t\t\t<\/div>\n\t\t\t\t\t<\/div>\n\t\t<\/div>\n\t\t\t\t\t<\/div>\n\t\t<\/section>\n\t\t\t\t<section class=\"elementor-section elementor-top-section elementor-element elementor-element-f7a92f5 elementor-section-boxed elementor-section-height-default elementor-section-height-default\" data-id=\"f7a92f5\" data-element_type=\"section\" data-e-type=\"section\">\n\t\t\t\t\t\t<div class=\"elementor-container elementor-column-gap-default\">\n\t\t\t\t\t<div class=\"elementor-column elementor-col-100 elementor-top-column elementor-element elementor-element-198e0ba\" data-id=\"198e0ba\" data-element_type=\"column\" data-e-type=\"column\">\n\t\t\t<div class=\"elementor-widget-wrap elementor-element-populated\">\n\t\t\t\t\t\t<div class=\"elementor-element elementor-element-2dcef7e elementor-widget elementor-widget-spacer\" data-id=\"2dcef7e\" data-element_type=\"widget\" data-e-type=\"widget\" data-widget_type=\"spacer.default\">\n\t\t\t\t<div class=\"elementor-widget-container\">\n\t\t\t\t\t\t\t<div class=\"elementor-spacer\">\n\t\t\t<div class=\"elementor-spacer-inner\"><\/div>\n\t\t<\/div>\n\t\t\t\t\t\t<\/div>\n\t\t\t\t<\/div>\n\t\t\t\t\t<\/div>\n\t\t<\/div>\n\t\t\t\t\t<\/div>\n\t\t<\/section>\n\t\t\t\t<\/div>","protected":false},"excerpt":{"rendered":"<p>Door structureel personeelsgebrek bij PostNL en een verbouwing bij diverse distributiecentrums van PostNL is de post niet of te laat bezorgd.Op dit moment is het nog onduidelijke wanneer PostNL haar achterstanden heeft weggewerkt. Wij staan dagelijks in contact met PostNL om ervoor te zorgen dat u uw magazine of uw bestelling ontvangt. Excuses voor het [&hellip;]<\/p>\n","protected":false},"author":2,"featured_media":0,"parent":0,"menu_order":0,"comment_status":"closed","ping_status":"closed","template":"elementor_theme","meta":{"_acf_changed":false,"_mo_disable_npp":"","footnotes":""},"class_list":["post-722","page","type-page","status-publish","hentry"],"acf":{"magazineid":"","publisher":"","magazine":"","servicepagepermalink":"","frequency":"","pricesinglesale":"","pricesubscription":"","website":"","currentedition":"","nextedition":"","description":"","getsubscription":"","getpersonalsubscription":"","getgiftsubscription":"","changeadress":"","changeemail":"","magazinenotreceived":"","orderearlieredition":"","payinvoice":"","endsubscription":"","requestsubscriptionnumber":"","submitautomaticpayment":"","requestcopyinvoice":"","submitcomplaint":"","submitquestion":"","getorderref":"","getorderreftext":"Order referentie opvragen","showeditions":"","is_servicepage":false},"_links":{"self":[{"href":"https:\/\/aboland.nl\/fr\/wp-json\/wp\/v2\/pages\/722","targetHints":{"allow":["GET"]}}],"collection":[{"href":"https:\/\/aboland.nl\/fr\/wp-json\/wp\/v2\/pages"}],"about":[{"href":"https:\/\/aboland.nl\/fr\/wp-json\/wp\/v2\/types\/page"}],"author":[{"embeddable":true,"href":"https:\/\/aboland.nl\/fr\/wp-json\/wp\/v2\/users\/2"}],"replies":[{"embeddable":true,"href":"https:\/\/aboland.nl\/fr\/wp-json\/wp\/v2\/comments?post=722"}],"version-history":[{"count":0,"href":"https:\/\/aboland.nl\/fr\/wp-json\/wp\/v2\/pages\/722\/revisions"}],"wp:attachment":[{"href":"https:\/\/aboland.nl\/fr\/wp-json\/wp\/v2\/media?parent=722"}],"curies":[{"name":"wp","href":"https:\/\/api.w.org\/{rel}","templated":true}]}}