{"id":23224,"date":"2021-03-19T11:34:56","date_gmt":"2021-03-19T11:34:56","guid":{"rendered":"https:\/\/aboland.dk\/?page_id=23224"},"modified":"2022-03-01T15:15:51","modified_gmt":"2022-03-01T15:15:51","slug":"veel-gestelde-vragen","status":"publish","type":"page","link":"https:\/\/aboland.nl\/fr\/klantenservice\/veel-gestelde-vragen\/","title":{"rendered":"Veel gestelde vragen"},"content":{"rendered":"<div>\n<div class=\"ParentFAQ\" style=\"margin-bottom: 30px;\">\n<div style=\"margin: 0px 0px 0px 0px;\">\n<h2>Over een digitaal tijdschrift<\/h2>\n<div id=\"AbolandQuestion000\" class=\"AbolandQuestionClick\" style=\"margin: 0px 0px 10px 0px; cursor: pointer;\"><strong>Met welk programma kan ik het bestand openen?<\/strong><\/div>\n<div id=\"AbolandAnswer000\" class=\"HideFaqAboland\" style=\"margin: -10px 0px 10px 0px;\">De digitale uitgave downloadt u als PDF-bestand. U kunt dit bestand op uw computer openen via <a href=\"https:\/\/get.adobe.com\/nl\/reader\/\" target=\"_blank\" rel=\"noopener\">Adobe Reader<\/a>. Gebruikt u een iPad of iPhone, dan raden wij <a href=\"https:\/\/itunes.apple.com\/nl\/app\/adobe-acrobat-reader\/id469337564?mt=8\" target=\"_blank\" rel=\"noopener\">Adobe Reader<\/a> aan. Heeft u een tablet of smartphone met een Android besturingssysteem, dan raden wij eveneens <a href=\"https:\/\/play.google.com\/store\/apps\/details?id=com.adobe.reader&amp;hl=nl\" target=\"_blank\" rel=\"noopener\">Adobe Reader<\/a> aan.<\/div>\n<div id=\"AbolandQuestion001\" class=\"AbolandQuestionClick\" style=\"margin: 0px 0px 10px 0px; cursor: pointer;\"><strong>De link is verlopen, wat nu?<\/strong><\/div>\n<div id=\"AbolandAnswer001\" class=\"HideFaqAboland\" style=\"margin: -10px 0px 10px 0px;\">U kunt de digitale editie 3 keer downloaden. Heeft u deze echter niet goed kunnen downloaden en krijgt u toch deze melding? Dan kunt u een nazending aanvragen. Ga hiervoor naar <a href=\"https:\/\/aboland.nl\/fr\/\">de homepagina<\/a>, zoek vervolgens uw blad en kies voor &#8216;Tijdschrift niet ontvangen&#8217;.<\/div>\n<\/div>\n<\/div>\n<div class=\"ParentFAQ\" style=\"margin-bottom: 30px;\">\n<div style=\"margin: 0px 0px 0px 0px;\">\n<h2>Algemeen<\/h2>\n<div id=\"AbolandQuestion002\" class=\"AbolandQuestionClick\" style=\"margin: 0px 0px 10px 0px; cursor: pointer;\"><strong>Ik heb een klacht. Wat nu?<\/strong><\/div>\n<div id=\"AbolandAnswer002\" class=\"HideFaqAboland\" style=\"margin: -10px 0px 10px 0px;\">Voor klachten over de bezorging van uw magazine of factuur kunt u terecht op de Overige wijzigingen \/ vragen-pagina van het betreffende blad. Overige klachten kunt u indienen via <a href=\"https:\/\/aboland.nl\/fr\/service-client\/contact\/\">het contactformulier<\/a>. Binnen 3 werkdagen nemen wij contact met u op voor een inhoudelijke reactie. Indien de klacht niet door Aboland opgelost kan worden, kunt u contact opnemen met de Online geschillen beslechting via <a href=\"https:\/\/ec.europa.eu\/consumers\/odr\/\" target=\"_blank\" rel=\"noopener\">Europees ODR Platform<\/a><\/div>\n<div id=\"AbolandQuestion003\" class=\"AbolandQuestionClick\" style=\"margin: 0px 0px 10px 0px; cursor: pointer;\"><strong>Herroepingsrecht<\/strong><\/div>\n<div id=\"AbolandAnswer003\" class=\"HideFaqAboland\" style=\"margin: -10px 0px 10px 0px;\">Zie\u00a0<a href=\"https:\/\/aboland.nl\/fr\/herroepingsrecht\/\">https:\/\/aboland.nl\/herroepingsrecht\/<\/a><\/div>\n<div id=\"AbolandQuestion004\" class=\"AbolandQuestionClick\" style=\"margin: 0px 0px 10px 0px; cursor: pointer;\"><strong>Wat doet Abonnementenland met mijn persoonsgegevens?<\/strong><\/div>\n<div id=\"AbolandAnswer004\" class=\"HideFaqAboland\" style=\"margin: -10px 0px 10px 0px;\">Uw naam- en adresgegevens worden vastgelegd op het moment dat u een abonnement aanvraagt via Abonnementenland. Deze gegevens worden alleen gebruikt voor het activeren van het abonnement. Na activatie van uw abonnement zijn uw gegevens eigendom van de uitgever van het betreffende magazine.<\/div>\n<div id=\"AbolandQuestion005\" class=\"AbolandQuestionClick\" style=\"margin: 0px 0px 10px 0px; cursor: pointer;\"><strong>Kan ik mijn persoonsgegevens wijzigen?<\/strong><\/div>\n<div id=\"AbolandAnswer005\" class=\"HideFaqAboland\" style=\"margin: -10px 0px 10px 0px;\">Dat kan. Ga naar het betreffende magazine en kies voor Adreswijziging doorgeven. Vul het formulier volgens de aanwijzingen in en verstuur deze. Uw gegevens worden binnen 4 weken aangepast.<\/div>\n<div id=\"AbolandQuestion006\" class=\"AbolandQuestionClick\" style=\"margin: 0px 0px 10px 0px; cursor: pointer;\"><strong>Kan ik mijn persoonsgegevens inzien?<\/strong><\/div>\n<div id=\"AbolandAnswer006\" class=\"HideFaqAboland\" style=\"margin: -10px 0px 10px 0px;\">Dat kan. Indien u hiervan gebruik wilt maken, kunt u dit via <a href=\"https:\/\/aboland.nl\/fr\/service-client\/contact\/\">het contactformulier<\/a> kenbaar maken.<\/div>\n<div id=\"AbolandQuestion007\" class=\"AbolandQuestionClick\" style=\"margin: 0px 0px 10px 0px; cursor: pointer;\"><strong>Wat voor garantie heb ik op de tijdschriften?<\/strong><\/div>\n<div id=\"AbolandAnswer007\" class=\"HideFaqAboland\" style=\"margin: -10px 0px 10px 0px;\">Wij staan ervoor in dat alle producten voldoen aan uw redelijke verwachtingen. Mocht dat niet het geval zijn, kunt u contact met ons opnemen.<\/div>\n<\/div>\n<\/div>\n<div class=\"ParentFAQ\" style=\"margin-bottom: 30px;\">\n<div style=\"margin: 0px 0px 0px 0px;\">\n<h2>Over het bestellen van een (cadeau)abonnement<\/h2>\n<div id=\"AbolandQuestion008\" class=\"AbolandQuestionClick\" style=\"margin: 0px 0px 10px 0px; cursor: pointer;\"><strong>Hoe kan ik een abonnement bestellen?<\/strong><\/div>\n<div id=\"AbolandAnswer008\" class=\"HideFaqAboland\" style=\"margin: -10px 0px 10px 0px;\">Vul bij Online regelen in het zoekscherm de naam of een gedeelte van de naam van het tijdschrift van uw keuze in. Klik op de naam van de titel. Dan komt u op de pagina van dat magazine. Klik dan op Bestellen en kies de aanbieding van uw keuze. Klik daarna op Bestel.<br \/>\nVul al uw gegevens in en klik op Controleer gegevens. Volg de aanwijzingen op de abonneerpagina voor het invullen van uw gegevens en het definitief maken van de bestelling.<\/div>\n<div id=\"AbolandQuestion009\" class=\"AbolandQuestionClick\" style=\"margin: 0px 0px 10px 0px; cursor: pointer;\"><strong>Kan ik mijn abonnement op een specifieke datum in laten gaan?<\/strong><\/div>\n<div id=\"AbolandAnswer009\" class=\"HideFaqAboland\" style=\"margin: -10px 0px 10px 0px;\">Uw abonnement gaat automatisch in met ingang van het eerstvolgende nummer. De verschijningsdatum van uw eerste nummer staat vermeld in de bevestigingsmail. In sommige gevallen is het mogelijk uw abonnement in te laten gaan met de laatst verschenen editie. Deze ontvangt u dan binnen enkele dagen na uw aanmelding.<\/div>\n<div id=\"AbolandQuestion010\" class=\"AbolandQuestionClick\" style=\"margin: 0px 0px 10px 0px; cursor: pointer;\"><strong>Hoe kan ik een abonnement cadeau geven?<\/strong><\/div>\n<div id=\"AbolandAnswer010\" class=\"HideFaqAboland\" style=\"margin: -10px 0px 10px 0px;\">Vul op het aanvraagformulier eerst de gegevens van de ontvanger in. Geef dan op het aanvraagformulier aan dat het een cadeauabonnement betreft en vul bij factuuradres uw gegevens in. Cadeauabonnementen stoppen automatisch na afloop van de abonnementsperiode.<\/div>\n<div id=\"AbolandQuestion011\" class=\"AbolandQuestionClick\" style=\"margin: 0px 0px 10px 0px; cursor: pointer;\"><strong>Ik heb het verkeerde abonnement aangevraagd of ik heb een abonnement dubbel aangevraagd. Wat nu?<\/strong><\/div>\n<div id=\"AbolandAnswer011\" class=\"HideFaqAboland\" style=\"margin: -10px 0px 10px 0px;\">Neemt u contact op met onze klantenservice via het <a href=\"https:\/\/aboland.nl\/fr\/service-client\/contact\/\">contactformulier<\/a>. Onze medewerkers zoeken dan samen met u naar een gepaste oplossing.<\/div>\n<div id=\"AbolandQuestion012\" class=\"AbolandQuestionClick\" style=\"margin: 0px 0px 10px 0px; cursor: pointer;\"><strong>Ik heb een abonnement aangevraagd, maar geen orderbevestiging ontvangen. Is mijn aanvraag doorgekomen?<\/strong><\/div>\n<div id=\"AbolandAnswer012\" class=\"HideFaqAboland\" style=\"margin: -10px 0px 10px 0px;\">Indien u uw emailadres correct heeft ingevoerd en u heeft ook in uw SPAM-box geen email van ons ontvangen, dan is de aanvraag waarschijnlijk niet aangekomen. Kijkt u aub na 24 uur nogmaals. Heeft u dan nog niets ontvangen, vraag dan het abonnement opnieuw aan. Eventueel kunt u telefonisch contact met ons opnemen via 0900-ABOLAND (0900-2265263).<\/div>\n<div id=\"AbolandQuestion013\" class=\"AbolandQuestionClick\" style=\"margin: 0px 0px 10px 0px; cursor: pointer;\"><strong>Wanneer is mijn bestelling definitief?<\/strong><\/div>\n<div id=\"AbolandAnswer013\" class=\"HideFaqAboland\" style=\"margin: -10px 0px 10px 0px;\">Uw bestelling is definitief wanneer u op de pagina waar u uw gegevens kunt controleren, klikt op de button Bestelling plaatsen<\/div>\n<div id=\"AbolandQuestion014\" class=\"AbolandQuestionClick\" style=\"margin: 0px 0px 10px 0px; cursor: pointer;\"><strong>Ik heb een bestelling geplaatst, maar wil er toch vanaf zien. Wat doe ik dan?<\/strong><\/div>\n<div id=\"AbolandAnswer014\" class=\"HideFaqAboland\" style=\"margin: -10px 0px 10px 0px;\">Neemt u zo snel mogelijk, maar ten hoogstens 14 dagen na het plaatsen van deze bestelling, contact op met ons via 0900-ABOLAND (0900-2265263).<\/div>\n<div id=\"AbolandQuestion015\" class=\"AbolandQuestionClick\" style=\"margin: 0px 0px 10px 0px; cursor: pointer;\"><strong>Wat is de geldigheidsduur van een aanbieding?<\/strong><\/div>\n<div id=\"AbolandAnswer015\" class=\"HideFaqAboland\" style=\"margin: -10px 0px 10px 0px;\">Alle aanbiedingen gelden zolang ze op de pagina van het betreffende magazine vermeld staan. Voor aanbiedingen met een welkomstgeschenk geldt zolang de voorraad strekt. Ziet u een eerdere aanbieding niet meer op deze pagina staan, dan is deze helaas niet meer geldig. Heeft u hier vragen over, vul dan <a href=\"https:\/\/aboland.nl\/fr\/service-client\/contact\/\">het contactformulier<\/a> in.<\/div>\n<div id=\"AbolandQuestion016\" class=\"AbolandQuestionClick\" style=\"margin: 0px 0px 10px 0px; cursor: pointer;\"><strong>Welk BTW percentage wordt gehanteerd bij mijn bestelling?<\/strong><\/div>\n<div id=\"AbolandAnswer016\" class=\"HideFaqAboland\" style=\"margin: -10px 0px 10px 0px;\">Er geldt voor alle aanbiedingen dat de genoemde prijzen inclusief BTW zijn, tenzij anders vermeld.<\/div>\n<\/div>\n<\/div>\n<div class=\"ParentFAQ\" style=\"margin-bottom: 30px;\">\n<div style=\"margin: 0px 0px 0px 0px;\">\n<h2>Over een welkomstgeschenk<\/h2>\n<div id=\"AbolandQuestion017\" class=\"AbolandQuestionClick\" style=\"margin: 0px 0px 10px 0px; cursor: pointer;\"><strong>Wanneer ontvang ik het welkomstgeschenk dat ik krijg bij het abonnement?<\/strong><\/div>\n<div id=\"AbolandAnswer017\" class=\"HideFaqAboland\" style=\"margin: -10px 0px 10px 0px;\">Uw welkomstgeschenk ontvangt u binnen vier weken na ontvangst van uw betaling. Aanbiedingen gelden zo lang de voorraad strekt.<\/div>\n<div id=\"AbolandQuestion018\" class=\"AbolandQuestionClick\" style=\"margin: 0px 0px 10px 0px; cursor: pointer;\"><strong>Ik krijg een welkomstgeschenk bij het door mij bestelde cadeauabonnement. Kan ik deze op een ander adres (de ontvanger van het cadeauabonnement) laten bezorgen?<\/strong><\/div>\n<div id=\"AbolandAnswer018\" class=\"HideFaqAboland\" style=\"margin: -10px 0px 10px 0px;\">Welkomstgeschenken worden altijd naar de betaler van het abonnement gestuurd. U kunt desgewenst het geschenk cadeau geven aan de ontvanger van het cadeauabonnement.<\/div>\n<div id=\"AbolandQuestion019\" class=\"AbolandQuestionClick\" style=\"margin: 0px 0px 10px 0px; cursor: pointer;\"><strong>Kan ik mijn welkomstgeschenk ruilen?<\/strong><\/div>\n<div id=\"AbolandAnswer019\" class=\"HideFaqAboland\" style=\"margin: -10px 0px 10px 0px;\">Dat is helaas niet mogelijk. Van ieder welkomstgeschenk is een beperkte voorraad beschikbaar.<br \/>\nIndien een welkomstgeschenk beschadigd of niet bij u is aangekomen, laat ons dat dan aub weten via 0900-ABOLAND (0900-2265263).<\/div>\n<\/div>\n<\/div>\n<div class=\"ParentFAQ\" style=\"margin-bottom: 30px;\">\n<div style=\"margin: 0px 0px 0px 0px;\">\n<h2>Over het betalen van een abonnement<\/h2>\n<div id=\"AbolandQuestion020\" class=\"AbolandQuestionClick\" style=\"margin: 0px 0px 10px 0px; cursor: pointer;\"><strong>Hoe kan ik een abonnement betalen?<\/strong><\/div>\n<div id=\"AbolandAnswer020\" class=\"HideFaqAboland\" style=\"margin: -10px 0px 10px 0px;\">De abonnementen kunnen naar keuze betaald worden door middel van Automatische incasso, factuur, iDeal, Credit Card, PayPal en Mister Cash. De beschikbaarheid van deze betaalmethoden hangt af van de gekozen aanbieding. U kunt op het bestelformulier aangeven van welke betaaloptie u gebruik wilt maken. Soms is sprake van extra administratiekosten of geldt er een korting bij bepaalde betaalmethoden. Dit staat dan vermeld op het bestelformulier. Een acceptgiro\/rekening ontvangt u binnen 4 weken vanzelf thuis. U kunt wachten met betalen tot u deze hebt ontvangen.<\/div>\n<div id=\"AbolandQuestion021\" class=\"AbolandQuestionClick\" style=\"margin: 0px 0px 10px 0px; cursor: pointer;\"><strong>Wanneer betaal ik voor het abonnement?<\/strong><\/div>\n<div id=\"AbolandAnswer021\" class=\"HideFaqAboland\" style=\"margin: -10px 0px 10px 0px;\">Aan het begin van uw abonnementsperiode ontvangt u een factuur of wordt het geld van uw rekening afgeschreven. Dit kan oplopen tot 6 weken na uw abonnementsaanvraag.<\/div>\n<div id=\"AbolandQuestion022\" class=\"AbolandQuestionClick\" style=\"margin: 0px 0px 10px 0px; cursor: pointer;\"><strong>Ik wil mijn betaalwijze aanpassen van automatische incasso naar acceptgiro. Kan dat?<\/strong><\/div>\n<div id=\"AbolandAnswer022\" class=\"HideFaqAboland\" style=\"margin: -10px 0px 10px 0px;\">Dat kan. Ga naar <a href=\"https:\/\/aboland.nl\/fr\/service-client\/contact\/\">het contactformulier.<\/a><br \/>\nVul het formulier in en uw automatische incasso wordt dan ingetrokken per eerstvolgende abonnementsperiode. Voor een lopende abonnementsperiode kunt u helaas de incasso niet meer wijzigen. Houd er rekening meer dat voor sommige bladen administratiekosten berekend worden bij betaling per acceptgiro.<\/div>\n<div id=\"AbolandQuestion023\" class=\"AbolandQuestionClick\" style=\"margin: 0px 0px 10px 0px; cursor: pointer;\"><strong>Ik wil mijn betaalwijze aanpassen van acceptgiro naar automatische incasso . Kan dat?<\/strong><\/div>\n<div id=\"AbolandAnswer023\" class=\"HideFaqAboland\" style=\"margin: -10px 0px 10px 0px;\">Dat kan. Ga naar de pagina van het betreffende magazine en klik op Overige wijzigingen \/ vragen.<br \/>\nKies daar voor Uw betaalwijze aanpassen. Vul het formulier in en kies bij Betaalwijze Afgeven automatische incasso.<\/div>\n<div id=\"AbolandQuestion024\" class=\"AbolandQuestionClick\" style=\"margin: 0px 0px 10px 0px; cursor: pointer;\"><strong>Ik wil graag betalen via telebankieren. Kan dat?<\/strong><\/div>\n<div id=\"AbolandAnswer024\" class=\"HideFaqAboland\" style=\"margin: -10px 0px 10px 0px;\">Ja, dat is geen probleem. Wilt u wel kiezen voor de optie Acceptgiro en het betalingskenmerk gebruiken? Anders kunnen wij uw betaling mogelijk niet registreren.<\/div>\n<div id=\"AbolandQuestion034\" class=\"AbolandQuestionClick\" style=\"margin: 0px 0px 10px 0px; cursor: pointer;\"><strong>Wanneer wordt mijn geld afgeschreven bij een creditcard betaling?<\/strong><\/div>\n<div id=\"AbolandAnswer034\" class=\"HideFaqAboland\" style=\"margin: -10px 0px 10px 0px;\">Zodra uw betaling is geverifieerd, worden wij ge\u00efnformeerd dat de bestelling is betaald. Het aankoopbedrag wordt direct afgeschreven.<\/div>\n<div id=\"AbolandQuestion025\" class=\"AbolandQuestionClick\" style=\"margin: 0px 0px 10px 0px; cursor: pointer;\"><strong>Wat zijn de kosten per betaalmethode?<\/strong><\/div>\n<div id=\"AbolandAnswer025\" class=\"HideFaqAboland\" style=\"margin: -10px 0px 10px 0px;\">Aboland biedt verschillende abonnementen aan voor een groot aantal uitgevers. Hierdoor worden er geen vaste kosten per betaalmethode gehanteerd. Per aanbieding\/blad worden er verschillende kosten gehanteerd, afhankelijk van de wensen van de uitgever.Deze kosten worden wel duidelijk gecommuniceerd tijdens het bestelproces. Nadat uw persoonsgegevens zijn ingevuld in de eerste stap van het inschrijfformulier, komt u terecht in de tweede stap, waar de aangepaste abonnementsprijs wordt gecommuniceerd per betaalmethode.Vervolgens gaat u naar de derde pagina. Dit is een samenvattingspagina, waar de details van uw keuze kort worden samengevat. Als u op deze pagina zit, heeft u nog niet uw abonnement afgesloten en kunt u rustig alles terug kijken (en ook mogelijk veranderen). Op deze pagina wordt ook nogmaals de aangepaste abonnementsprijs gecommuniceerd.<\/div>\n<\/div>\n<\/div>\n<div class=\"ParentFAQ\" style=\"margin-bottom: 30px;\">\n<div style=\"margin: 0px 0px 0px 0px;\">\n<h2>Over het doorgeven van een naam- of adreswijziging<\/h2>\n<div id=\"AbolandQuestion026\" class=\"AbolandQuestionClick\" style=\"margin: 0px 0px 10px 0px; cursor: pointer;\"><strong>Hoe kan ik een naam- of adreswijziging doorgeven?<\/strong><\/div>\n<div id=\"AbolandAnswer026\" class=\"HideFaqAboland\" style=\"margin: -10px 0px 10px 0px;\">Ga naar de pagina van het betreffende magazine en klik op Adreswijziging doorgeven. Vul het formulier in en verstuur deze. De adreswijzigingen worden direct verwerkt, tenzij u een toekomstige wijzigingsdatum opgeeft.<\/div>\n<\/div>\n<\/div>\n<div class=\"ParentFAQ\" style=\"margin-bottom: 30px;\">\n<div style=\"margin: 0px 0px 0px 0px;\">\n<h2>Over het be\u00ebindigen van een abonnement<\/h2>\n<div id=\"AbolandQuestion027\" class=\"AbolandQuestionClick\" style=\"margin: 0px 0px 10px 0px; cursor: pointer;\"><strong>Hoe kan ik weten wanneer mijn abonnementsperiode afloopt?<\/strong><\/div>\n<div id=\"AbolandAnswer027\" class=\"HideFaqAboland\" style=\"margin: -10px 0px 10px 0px;\">Wanneer u een factuur thuis heeft ontvangen, dan staat daar de abonnementsperiode op vermeld. Als u betaald heeft met een automatische incasso, dan vindt u de periode op uw bankafschrift terug.<\/div>\n<div id=\"AbolandQuestion028\" class=\"AbolandQuestionClick\" style=\"margin: 0px 0px 10px 0px; cursor: pointer;\"><strong>Hoe kan ik mijn abonnement opzeggen en hoe lang van tevoren moet ik dit doen?<\/strong><\/div>\n<div id=\"AbolandAnswer028\" class=\"HideFaqAboland\" style=\"margin: -10px 0px 10px 0px;\">Voor ieder tijdschrift geldt een ander opzegtermijn en ook de wijze van opzeggen verschilt. Doorgaans kunt op opzeggen via deze website. Ga hiervoor naar de pagina van het betreffende magazine en klik op Abonnement opzeggen. U krijgt dan te zien wat de opzegtermijn voor het betreffende magazine is \u00e9n u kunt de abonnementsvoorwaarden nalezen. Stuur uw opzegging naar ons toe door alle gegevens in te vullen. Onderaan kunt u ook aangeven of u een opzegbevestiging wilt ontvangen van uw opzegging.<\/div>\n<div id=\"AbolandQuestion029\" class=\"AbolandQuestionClick\" style=\"margin: 0px 0px 10px 0px; cursor: pointer;\"><strong>Loopt mijn abonnement automatisch af of moet ik het zelf opzeggen?<\/strong><\/div>\n<div id=\"AbolandAnswer029\" class=\"HideFaqAboland\" style=\"margin: -10px 0px 10px 0px;\">Cadeau- en proefabonnementen lopen automatisch af, tenzij in de tekst anders is vermeld. Andere abonnementen worden omgezet in een abonnement voor onbepaalde tijd, tenzij het abonnement tijdig en volgens de, voor dat magazine, geldende regels is opgezegd.<\/div>\n<div id=\"AbolandQuestion030\" class=\"AbolandQuestionClick\" style=\"margin: 0px 0px 10px 0px; cursor: pointer;\"><strong>Wat is mijn opzegtermijn?<\/strong><\/div>\n<div id=\"AbolandAnswer030\" class=\"HideFaqAboland\" style=\"margin: -10px 0px 10px 0px;\">\n<p>Wanneer u op kunt zeggen, hangt af van het abonnement. Na afloop van de actieperiode waar u zich voor heeft aangemeld geldt er een opzegtermijn (Dit geldt niet voor proef- en cadeauabonnementen).<\/p>\n<p><em><u>Publiekstijdschriften<\/u><\/em><\/p>\n<ul>\n<li>Voor tijdschriften die minstens \u00e9\u00e9n keer per maand verschijnen geldt een opzegtermijn van maximaal \u00e9\u00e9n maand.<\/li>\n<li>Voor tijdschriften die minder dan \u00e9\u00e9n keer per maand verschijnen geldt een opzegtermijn van maximaal drie maanden.<\/li>\n<\/ul>\n<p>U vindt de abonnementsvoorwaarden voor uw magazine terug in de colofon van het betreffende magazine.<\/p>\n<p><em><u>Vaktijdschriften<\/u><\/em><br \/>\nVaktijdschriften zijn opzegbaar aan het einde van iedere abonnementstermijn. Dit betekent dat u uiterlijk een door de uitgever bepaald aantal weken voor afloop van de huidige abonnementenstermijn uw abonnement opgezegd dient te hebben. De opzegtermijn vindt u in de colofon van het tijdschrift.<\/p>\n<\/div>\n<\/div>\n<\/div>\n<div class=\"ParentFAQ\" style=\"margin-bottom: 30px;\">\n<div style=\"margin: 0px 0px 0px 0px;\">\n<h2>Over het ontvangen van tijdschriften<\/h2>\n<div id=\"AbolandQuestion031\" class=\"AbolandQuestionClick\" style=\"margin: 0px 0px 10px 0px; cursor: pointer;\"><strong>Wanneer ontvang ik het eerste nummer van mijn abonnement?<\/strong><\/div>\n<div id=\"AbolandAnswer031\" class=\"HideFaqAboland\" style=\"margin: -10px 0px 10px 0px;\">Uw abonnement gaat automatisch in met ingang van het eerstvolgende nummer. Dit houdt in dat u gemiddeld tussen de 2 en 4 weken later uw eerste nummer ontvangt bij een weekblad. Voor maandbladen geldt een maximale termijn van 3 maanden (bij verschijning van 4x per jaar).Wanneer u uw eerste nummer ontvangt, staat vermeld in de bevestigingsmail.<\/div>\n<div id=\"AbolandQuestion032\" class=\"AbolandQuestionClick\" style=\"margin: 0px 0px 10px 0px; cursor: pointer;\"><strong>Ik heb een nummer van mijn abonnement niet ontvangen. Kan ik deze alsnog ontvangen?<\/strong><\/div>\n<div id=\"AbolandAnswer032\" class=\"HideFaqAboland\" style=\"margin: -10px 0px 10px 0px;\">Dat kan uiteraard, zo lang de voorraad strekt. Ga naar de pagina van het betreffende magazine en kies voor &#8220;Overige wijzigingen\/vragen&#8221;. Kies daar voor &#8220;Een vraag stellen over de bezorging van uw blad&#8221; en vul uw gegevens in. Er wordt dan zo spoedig mogelijk een nummer nagezonden.<\/div>\n<\/div>\n<\/div>\n<div class=\"ParentFAQ\" style=\"margin-bottom: 30px;\">\n<div style=\"margin: 0px 0px 0px 0px;\">\n<h2>Over het nabestellen van reeds verschenen nummers<\/h2>\n<div id=\"AbolandQuestion033\" class=\"AbolandQuestionClick\" style=\"margin: 0px 0px 10px 0px; cursor: pointer;\"><strong>Ik wil een reeds verschenen nummer nabestellen. Kan dat?<\/strong><\/div>\n<div id=\"AbolandAnswer033\" class=\"HideFaqAboland\" style=\"margin: -10px 0px 10px 0px;\">Dat kan. Indien eerder verschenen nummers na te bestellen zijn, kunt u deze vinden op <a href=\"https:\/\/www.magvilla.nl\/\">magvilla.nl<\/a><\/div>\n<\/div>\n<\/div>\n<\/div>","protected":false},"excerpt":{"rendered":"<p>Over een digitaal tijdschrift Met welk programma kan ik het bestand openen? De digitale uitgave downloadt u als PDF-bestand. U kunt dit bestand op uw computer openen via Adobe Reader. Gebruikt u een iPad of iPhone, dan raden wij Adobe Reader aan. Heeft u een tablet of smartphone met een Android besturingssysteem, dan raden wij [&hellip;]<\/p>\n","protected":false},"author":2,"featured_media":0,"parent":722,"menu_order":0,"comment_status":"closed","ping_status":"closed","template":"","meta":{"_acf_changed":false,"_mo_disable_npp":"","footnotes":""},"class_list":["post-23224","page","type-page","status-publish","hentry"],"acf":{"magazineid":"","publisher":"","magazine":"","servicepagepermalink":"","frequency":"","pricesinglesale":"","pricesubscription":"","website":"","currentedition":"","nextedition":"","description":"","getsubscription":"","getpersonalsubscription":"","getgiftsubscription":"","changeadress":"","changeemail":"","magazinenotreceived":"","orderearlieredition":"","payinvoice":"","endsubscription":"","requestsubscriptionnumber":"","submitautomaticpayment":"","requestcopyinvoice":"","submitcomplaint":"","submitquestion":"","getorderref":"","getorderreftext":"Order referentie opvragen","showeditions":"","is_servicepage":false},"_links":{"self":[{"href":"https:\/\/aboland.nl\/fr\/wp-json\/wp\/v2\/pages\/23224","targetHints":{"allow":["GET"]}}],"collection":[{"href":"https:\/\/aboland.nl\/fr\/wp-json\/wp\/v2\/pages"}],"about":[{"href":"https:\/\/aboland.nl\/fr\/wp-json\/wp\/v2\/types\/page"}],"author":[{"embeddable":true,"href":"https:\/\/aboland.nl\/fr\/wp-json\/wp\/v2\/users\/2"}],"replies":[{"embeddable":true,"href":"https:\/\/aboland.nl\/fr\/wp-json\/wp\/v2\/comments?post=23224"}],"version-history":[{"count":0,"href":"https:\/\/aboland.nl\/fr\/wp-json\/wp\/v2\/pages\/23224\/revisions"}],"up":[{"embeddable":true,"href":"https:\/\/aboland.nl\/fr\/wp-json\/wp\/v2\/pages\/722"}],"wp:attachment":[{"href":"https:\/\/aboland.nl\/fr\/wp-json\/wp\/v2\/media?parent=23224"}],"curies":[{"name":"wp","href":"https:\/\/api.w.org\/{rel}","templated":true}]}}