{"id":813996,"date":"2026-01-23T08:20:33","date_gmt":"2026-01-23T07:20:33","guid":{"rendered":"https:\/\/aboland.nl\/product\/de-nieuwe-muze-01-2026\/"},"modified":"2026-02-17T12:45:39","modified_gmt":"2026-02-17T11:45:39","slug":"de-nieuwe-muze-01-2026","status":"publish","type":"product","link":"https:\/\/aboland.nl\/en\/de-nieuwe-muze-01-2026\/","title":{"rendered":"De Nieuwe Muze &#8211; 01 2026"},"content":{"rendered":"<h2>Over dit magazine:<\/h2>\n<p>De Nieuwe Muze, voortgekomen uit\u00a0Pianowereld\u00a0en\u00a0Muze, is een onafhankelijk muziektijdschrift dat het muziekleven op de voet volgt met de piano als rode draad.\u00a0De Nieuwe Muze\u00a0zoekt de verbinding met kunst, cultuur, maatschappij en wetenschap.<\/p>","protected":false},"excerpt":{"rendered":"<h2>In deze editie:<\/h2>\n<p>Strijkkwartet Bi\u00ebnnale &#8211; Maxim Emelyanychev &#8211; Maria Jo\u00e3o Pires &#8211; Wijn bij Rossini &#8211; Gy\u00f6rgy Kurt\u00e1g<\/p>","protected":false},"featured_media":813997,"comment_status":"open","ping_status":"closed","template":"","meta":{"_acf_changed":false,"_mo_disable_npp":""},"product_brand":[],"product_cat":[7680,7512,7510,7681,7628],"product_tag":[],"class_list":{"0":"post-813996","1":"product","2":"type-product","3":"status-publish","4":"has-post-thumbnail","6":"product_cat-de-nieuwe-muze","7":"product_cat-losse-tijdschriften","8":"product_cat-magazines","9":"product_cat-muziek-cds","10":"product_cat-muziek-film","11":"pa_doelgroep-mannen","12":"pa_doelgroep-vrouwen","13":"pa_erotisch-tijdschrift-nee","14":"pa_jaar-uitgave-8702","15":"pa_taal-nederlands","16":"pa_thema-film-muziek-en-games","17":"pa_tijdschrift-set-nee","18":"pa_type-tijdschrift-tweemaandelijks-blad","20":"first","21":"instock","22":"taxable","23":"shipping-taxable","24":"purchasable","25":"product-type-simple"},"acf":[],"df_price":15,"df_sale_price":"","df_regular_price":15,"df_image_link":"https:\/\/aboland.nl\/wp-content\/uploads\/2026\/01\/de-nieuwe-muze-01-2026-210x300.webp","_links":{"self":[{"href":"https:\/\/aboland.nl\/en\/wp-json\/wp\/v2\/product\/813996","targetHints":{"allow":["GET"]}}],"collection":[{"href":"https:\/\/aboland.nl\/en\/wp-json\/wp\/v2\/product"}],"about":[{"href":"https:\/\/aboland.nl\/en\/wp-json\/wp\/v2\/types\/product"}],"replies":[{"embeddable":true,"href":"https:\/\/aboland.nl\/en\/wp-json\/wp\/v2\/comments?post=813996"}],"version-history":[{"count":0,"href":"https:\/\/aboland.nl\/en\/wp-json\/wp\/v2\/product\/813996\/revisions"}],"wp:featuredmedia":[{"embeddable":true,"href":"https:\/\/aboland.nl\/en\/wp-json\/wp\/v2\/media\/813997"}],"wp:attachment":[{"href":"https:\/\/aboland.nl\/en\/wp-json\/wp\/v2\/media?parent=813996"}],"wp:term":[{"taxonomy":"product_brand","embeddable":true,"href":"https:\/\/aboland.nl\/en\/wp-json\/wp\/v2\/product_brand?post=813996"},{"taxonomy":"product_cat","embeddable":true,"href":"https:\/\/aboland.nl\/en\/wp-json\/wp\/v2\/product_cat?post=813996"},{"taxonomy":"product_tag","embeddable":true,"href":"https:\/\/aboland.nl\/en\/wp-json\/wp\/v2\/product_tag?post=813996"}],"curies":[{"name":"wp","href":"https:\/\/api.w.org\/{rel}","templated":true}]}}