{"id":776301,"date":"2025-11-06T15:26:24","date_gmt":"2025-11-06T14:26:24","guid":{"rendered":"https:\/\/aboland.dk\/?post_type=product&#038;p=776301"},"modified":"2026-02-07T02:01:50","modified_gmt":"2026-02-07T01:01:50","slug":"landidee-winterboek-01-2025","status":"publish","type":"product","link":"https:\/\/aboland.nl\/en\/landidee-winterboek-01-2025\/","title":{"rendered":"Landidee Winterboek &#8211; 01 2025"},"content":{"rendered":"<h2>Over dit pakket:<\/h2>\n<p>LandIdee is een mooi en informatief lifestylemagazine boordevol tips en idee\u00ebn voor iedereen die wil genieten van het binnen-en buitenleven. Ge\u00efnspireerd door de seizoenen. Met veel aandacht voor natuur, ambachten, creatieve idee\u00ebn, tuinieren, verse recepten, interieur en gezondheid. Geniet meer van het leven met LandIdee.<\/p>\n<p>Tuinseizoen weet elk nummer weer te inspireren! Verwonder je over de mooiste tuinreportages, uitgebreide plantenportretten en het laatste tuinnieuws om je tuin n\u00f3g mooier te maken. Daarnaast staat TuinSeizoen vol met adviezen van experts \u00e9n praktische tips voor je siertuin, moestuin, terras en vijver.<\/p>","protected":false},"excerpt":{"rendered":"<h2>In deze editie:<\/h2>\n<p>Het winterboek! Puzzels, DIY&#8217;s, sudoku&#8217;s en nog veel meer!<\/p>","protected":false},"featured_media":776302,"comment_status":"open","ping_status":"closed","template":"","meta":{"_acf_changed":false,"_mo_disable_npp":""},"product_brand":[],"product_cat":[7663,7866,7510,8233,8096,7566],"product_tag":[],"class_list":{"0":"post-776301","1":"product","2":"type-product","3":"status-publish","4":"has-post-thumbnail","6":"product_cat-huis-tuin","7":"product_cat-landidee","8":"product_cat-magazines","9":"product_cat-tijdschrift-pakketten","10":"product_cat-tuinseizoen","11":"product_cat-wonen-tuinieren","12":"pa_doelgroep-mannen","13":"pa_doelgroep-vrouwen","14":"pa_erotisch-tijdschrift-nee","15":"pa_jaar-uitgave-8658","16":"pa_taal-nederlands","17":"pa_thema-huis-en-tuin","18":"pa_tijdschrift-set-ja","19":"pa_type-tijdschrift-tweemaandelijks-blad","21":"first","22":"outofstock","23":"taxable","24":"shipping-taxable","25":"purchasable","26":"product-type-simple"},"acf":[],"df_price":9.95,"df_sale_price":"","df_regular_price":9.95,"df_image_link":"https:\/\/aboland.nl\/wp-content\/uploads\/2025\/11\/landidee-winterboek-2025-214x300.webp","_links":{"self":[{"href":"https:\/\/aboland.nl\/en\/wp-json\/wp\/v2\/product\/776301","targetHints":{"allow":["GET"]}}],"collection":[{"href":"https:\/\/aboland.nl\/en\/wp-json\/wp\/v2\/product"}],"about":[{"href":"https:\/\/aboland.nl\/en\/wp-json\/wp\/v2\/types\/product"}],"replies":[{"embeddable":true,"href":"https:\/\/aboland.nl\/en\/wp-json\/wp\/v2\/comments?post=776301"}],"version-history":[{"count":0,"href":"https:\/\/aboland.nl\/en\/wp-json\/wp\/v2\/product\/776301\/revisions"}],"wp:featuredmedia":[{"embeddable":true,"href":"https:\/\/aboland.nl\/en\/wp-json\/wp\/v2\/media\/776302"}],"wp:attachment":[{"href":"https:\/\/aboland.nl\/en\/wp-json\/wp\/v2\/media?parent=776301"}],"wp:term":[{"taxonomy":"product_brand","embeddable":true,"href":"https:\/\/aboland.nl\/en\/wp-json\/wp\/v2\/product_brand?post=776301"},{"taxonomy":"product_cat","embeddable":true,"href":"https:\/\/aboland.nl\/en\/wp-json\/wp\/v2\/product_cat?post=776301"},{"taxonomy":"product_tag","embeddable":true,"href":"https:\/\/aboland.nl\/en\/wp-json\/wp\/v2\/product_tag?post=776301"}],"curies":[{"name":"wp","href":"https:\/\/api.w.org\/{rel}","templated":true}]}}