{"id":758275,"date":"2025-10-11T08:13:31","date_gmt":"2025-10-11T06:13:31","guid":{"rendered":"https:\/\/aboland.dk\/?post_type=product&#038;p=758275"},"modified":"2025-11-05T02:05:00","modified_gmt":"2025-11-05T01:05:00","slug":"gonzo-circus-188-2025","status":"publish","type":"product","link":"https:\/\/aboland.nl\/en\/gonzo-circus-188-2025\/","title":{"rendered":"Gonzo (circus) &#8211; 188 2025"},"content":{"rendered":"<h2>Over dit magazine:<\/h2>\n<p><strong>Gonzo (circus) \u2013 prikkelend, eigenzinnig en altijd nieuwsgierig<\/strong><\/p>\n<p><strong>Gonzo (circus)<\/strong>\u00a0is meer dan een tijdschrift. Vier keer per jaar verschijnt het op papier, vol verrassende verhalen, scherpe analyses en inspirerende ontdekkingen. Daarnaast bruist onze website van blogs, recensies, achtergrondverhalen en series. Samen vormen ze een levend platform waar muziek, kunst en idee\u00ebn elkaar uitdagen.<\/p>\n<p>Achter Gonzo (circus) schuilt een collectief van eigenzinnige professionals die muziek- en kunstprogramma\u2019s (co-)cureren, debatten aanzwengelen en cultuurliefhebbers op nieuwe sporen zetten. We brengen inhoud die ertoe doet \u2013 zonder trendgevoelig gedoe of hippe pose. Waar anderen blijven hangen bij bekende namen, zoeken wij de stemmen en geluiden die nog gehoord m\u00f3gen worden.<\/p>\n<p>Muziek is ons vertrekpunt, maar onderweg kruisen we onvermijdelijk kunst, media en maatschappij. We kijken verder dan de waan van de dag en plaatsen actuele klanken in context, met een scherp historisch oog en een open geest. Gonzo (circus) verbindt wat los lijkt te staan, over grenzen en hokjes heen, met diepgravende interviews, pittige recensies en prikkelende essays.<\/p>\n<p>Wij zijn smaakmakers \u00e9n voorloper: we signaleren wat ertoe doet, vaak nog v\u00f3\u00f3r anderen het ontdekken. Gonzo (circus) nodigt je uit om mee te luisteren, te kijken en te denken \u2014 om je eigen smaak op de proef te stellen en te verrijken. Onze kritiek is nooit zuur of afstandelijk, maar een nieuwsgierige uitnodiging tot gesprek.<\/p>\n<p>Wat Gonzo (circus) bijzonder maakt, is de toon: kritisch maar speels, ge\u00ebngageerd maar lichtvoetig. Onze schrijvers schrijven met passie, humor en relativeringsvermogen. Het resultaat? Een tijdschrift dat leest als een trein, dat durft te prikkelen en te verrassen.<\/p>","protected":false},"excerpt":{"rendered":"<h2>In deze editie:<\/h2>\n<p>Muziek &#8211; Kunst &#8211; Water from your eyes cowboys in klein-blauw &#8211; Jim o&#8217;rouke over Eiko Ishibashi, Chicago en films<\/p>","protected":false},"featured_media":758276,"comment_status":"open","ping_status":"closed","template":"","meta":{"_acf_changed":false,"_mo_disable_npp":""},"product_brand":[],"product_cat":[7781,7512,7510,7681,7628],"product_tag":[],"class_list":{"0":"post-758275","1":"product","2":"type-product","3":"status-publish","4":"has-post-thumbnail","6":"product_cat-gonzo-circus","7":"product_cat-losse-tijdschriften","8":"product_cat-magazines","9":"product_cat-muziek-cds","10":"product_cat-muziek-film","11":"pa_doelgroep-mannen","12":"pa_doelgroep-vrouwen","13":"pa_jaar-uitgave-8658","14":"pa_taal-nederlands","15":"pa_thema-film-muziek-en-games","16":"pa_type-tijdschrift-kwartaalblad","17":"pa_uitgever-abonnementenland","19":"first","20":"instock","21":"taxable","22":"shipping-taxable","23":"purchasable","24":"product-type-simple"},"acf":[],"df_price":12.5,"df_sale_price":"","df_regular_price":12.5,"df_image_link":"https:\/\/aboland.nl\/wp-content\/uploads\/2025\/10\/gonzo-188-2025-214x300.webp","_links":{"self":[{"href":"https:\/\/aboland.nl\/en\/wp-json\/wp\/v2\/product\/758275","targetHints":{"allow":["GET"]}}],"collection":[{"href":"https:\/\/aboland.nl\/en\/wp-json\/wp\/v2\/product"}],"about":[{"href":"https:\/\/aboland.nl\/en\/wp-json\/wp\/v2\/types\/product"}],"replies":[{"embeddable":true,"href":"https:\/\/aboland.nl\/en\/wp-json\/wp\/v2\/comments?post=758275"}],"version-history":[{"count":0,"href":"https:\/\/aboland.nl\/en\/wp-json\/wp\/v2\/product\/758275\/revisions"}],"wp:featuredmedia":[{"embeddable":true,"href":"https:\/\/aboland.nl\/en\/wp-json\/wp\/v2\/media\/758276"}],"wp:attachment":[{"href":"https:\/\/aboland.nl\/en\/wp-json\/wp\/v2\/media?parent=758275"}],"wp:term":[{"taxonomy":"product_brand","embeddable":true,"href":"https:\/\/aboland.nl\/en\/wp-json\/wp\/v2\/product_brand?post=758275"},{"taxonomy":"product_cat","embeddable":true,"href":"https:\/\/aboland.nl\/en\/wp-json\/wp\/v2\/product_cat?post=758275"},{"taxonomy":"product_tag","embeddable":true,"href":"https:\/\/aboland.nl\/en\/wp-json\/wp\/v2\/product_tag?post=758275"}],"curies":[{"name":"wp","href":"https:\/\/api.w.org\/{rel}","templated":true}]}}