{"id":751642,"date":"2025-09-27T07:14:00","date_gmt":"2025-09-27T05:14:00","guid":{"rendered":"https:\/\/aboland.dk\/?post_type=product&#038;p=751642"},"modified":"2026-04-21T10:00:17","modified_gmt":"2026-04-21T08:00:17","slug":"meesterlijk-van-robert-54-2025","status":"publish","type":"product","link":"https:\/\/aboland.nl\/en\/meesterlijk-van-robert-54-2025\/","title":{"rendered":"Meesterlijk van Rob\u00e8rt &#8211; 54 2025"},"content":{"rendered":"<h2>Over dit magazine:<\/h2>\n<p>Meesterlijk\u00a0van Rob\u00e8rt is h\u00e9t (thuis)bakblad van Rob\u00e8rt van Beckhoven, met de beste recepten en tips voor thuisbakkers. Laat je inspireren!<\/p>","protected":false},"excerpt":{"rendered":"<h2>In deze editie:<\/h2>\n<p>Donuts &#8211; Kokosquenelles &#8211; Shrimp Toast &#8211; Italiaanse Brioche Cashewnotentaart &#8211; Deense drommekage &#8211; En nog veel meer &#8211; H\u00e9t (thuis)bakblad van Nederland<\/p>","protected":false},"featured_media":751643,"comment_status":"open","ping_status":"closed","template":"","meta":{"_acf_changed":false,"_mo_disable_npp":""},"product_brand":[],"product_cat":[7897,7602,7585,7539,7512,7510,7898,7559],"product_tag":[],"class_list":{"0":"post-751642","1":"product","2":"type-product","3":"status-publish","4":"has-post-thumbnail","6":"product_cat-bakken","7":"product_cat-culinair-algemeen","8":"product_cat-eten","9":"product_cat-hobby-vrije-tijd","10":"product_cat-losse-tijdschriften","11":"product_cat-magazines","12":"product_cat-meesterlijk-van-robert","13":"product_cat-voeding-gezondheid","14":"pa_doelgroep-mannen","15":"pa_doelgroep-vrouwen","16":"pa_erotisch-tijdschrift-nee","17":"pa_jaar-uitgave-8658","18":"pa_taal-nederlands","19":"pa_thema-health-en-food","20":"pa_thema-hobby-en-vrije-tijd","21":"pa_tijdschrift-set-nee","22":"pa_type-tijdschrift-tweemaandelijks-blad","23":"pa_uitgever-meesterlijk-merk-b-v","25":"first","26":"instock","27":"taxable","28":"shipping-taxable","29":"purchasable","30":"product-type-simple"},"acf":[],"df_price":9.95,"df_sale_price":"","df_regular_price":9.95,"df_image_link":"https:\/\/aboland.nl\/wp-content\/uploads\/2025\/09\/meesterlijk-54-2025-214x300.webp","_links":{"self":[{"href":"https:\/\/aboland.nl\/en\/wp-json\/wp\/v2\/product\/751642","targetHints":{"allow":["GET"]}}],"collection":[{"href":"https:\/\/aboland.nl\/en\/wp-json\/wp\/v2\/product"}],"about":[{"href":"https:\/\/aboland.nl\/en\/wp-json\/wp\/v2\/types\/product"}],"replies":[{"embeddable":true,"href":"https:\/\/aboland.nl\/en\/wp-json\/wp\/v2\/comments?post=751642"}],"version-history":[{"count":0,"href":"https:\/\/aboland.nl\/en\/wp-json\/wp\/v2\/product\/751642\/revisions"}],"wp:featuredmedia":[{"embeddable":true,"href":"https:\/\/aboland.nl\/en\/wp-json\/wp\/v2\/media\/751643"}],"wp:attachment":[{"href":"https:\/\/aboland.nl\/en\/wp-json\/wp\/v2\/media?parent=751642"}],"wp:term":[{"taxonomy":"product_brand","embeddable":true,"href":"https:\/\/aboland.nl\/en\/wp-json\/wp\/v2\/product_brand?post=751642"},{"taxonomy":"product_cat","embeddable":true,"href":"https:\/\/aboland.nl\/en\/wp-json\/wp\/v2\/product_cat?post=751642"},{"taxonomy":"product_tag","embeddable":true,"href":"https:\/\/aboland.nl\/en\/wp-json\/wp\/v2\/product_tag?post=751642"}],"curies":[{"name":"wp","href":"https:\/\/api.w.org\/{rel}","templated":true}]}}