{"id":747341,"date":"2025-09-17T09:14:00","date_gmt":"2025-09-17T07:14:00","guid":{"rendered":"https:\/\/aboland.dk\/?post_type=product&#038;p=747341"},"modified":"2026-04-22T03:05:14","modified_gmt":"2026-04-22T01:05:14","slug":"asterix-en-de-ronde-van-gallie-5","status":"publish","type":"product","link":"https:\/\/aboland.nl\/en\/asterix-en-de-ronde-van-gallie-5\/","title":{"rendered":"Asterix en de ronde van Gall\u00efe-5"},"content":{"rendered":"<h2>Over dit magazine:<\/h2>\n<div class=\"elementor-element elementor-element-d5254a3 elementor-widget elementor-widget-woocommerce-product-content\" data-id=\"d5254a3\" data-element_type=\"widget\" data-widget_type=\"woocommerce-product-content.default\">\n<div class=\"elementor-widget-container\">\n<p>Sinds hun eerste avontuur hebben Asterix, Obelix en de Onverzettelijken al vele belevenissen gehad, zowel in het dorp als in de rest van de wereld. Ze hebben heel wat vrienden gemaakt en knotsgekke uitdagingen en tegenstanders overwonnen.<\/p>\n<\/div>\n<\/div>\n<div class=\"elementor-element elementor-element-5211b00 elementor-widget-divider--view-line elementor-widget elementor-widget-divider\" data-id=\"5211b00\" data-element_type=\"widget\" data-widget_type=\"divider.default\">\n<div class=\"elementor-widget-container\">\n<div class=\"elementor-divider\"><\/div>\n<\/div>\n<\/div>","protected":false},"excerpt":{"rendered":"<h2>In deze editie:<\/h2>\n<div class=\"elementor-element elementor-element-d5254a3 elementor-widget elementor-widget-woocommerce-product-content\" data-id=\"d5254a3\" data-element_type=\"widget\" data-widget_type=\"woocommerce-product-content.default\">\n<div class=\"elementor-widget-container\">\n<p data-start=\"154\" data-end=\"584\">In <em data-start=\"232\" data-end=\"264\">Asterix en de Ronde van Galli\u00eb<\/em> proberen de Romeinen het dorp eindelijk te isoleren met een enorme palissade. Maar Asterix en Obelix laten zich niet opsluiten! Om het tegendeel te bewijzen, vertrekken ze op een rondreis door heel Galli\u00eb \u2014 van Lutetia tot Massilia \u2014 waarbij ze in elke stad lokale specialiteiten verzamelen als bewijs van hun vrijheid.<\/p>\n<p data-start=\"586\" data-end=\"688\">Onderweg zorgen ze voor dolkomische taferelen, lokale lekkernijen \u00e9n een spoor van verslagen Romeinen.<\/p>\n<p data-start=\"690\" data-end=\"811\">Zullen onze helden erin slagen het hele land door te reizen, m\u00e9t alle lekkernijen \u00e9n v\u00f3\u00f3r de Romeinen hen kunnen stoppen?<\/p>\n<\/div>\n<\/div>\n<div class=\"elementor-element elementor-element-5211b00 elementor-widget-divider--view-line elementor-widget elementor-widget-divider\" data-id=\"5211b00\" data-element_type=\"widget\" data-widget_type=\"divider.default\">\n<div class=\"elementor-widget-container\">\n<div class=\"elementor-divider\"><\/div>\n<\/div>\n<\/div>","protected":false},"featured_media":747342,"comment_status":"open","ping_status":"closed","template":"","meta":{"_acf_changed":false,"_mo_disable_npp":""},"product_brand":[],"product_cat":[7512,7510,8661],"product_tag":[],"class_list":{"0":"post-747341","1":"product","2":"type-product","3":"status-publish","4":"has-post-thumbnail","6":"product_cat-losse-tijdschriften","7":"product_cat-magazines","8":"product_cat-stripboeken-2","9":"pa_doelgroep-mannen","10":"pa_erotisch-tijdschrift-nee","11":"pa_jaar-uitgave-8658","12":"pa_taal-nederlands","13":"pa_thema-autos-en-motoren","14":"pa_tijdschrift-set-nee","15":"pa_type-tijdschrift-tweewekelijks-blad","17":"first","18":"outofstock","19":"taxable","20":"shipping-taxable","21":"purchasable","22":"product-type-simple"},"acf":[],"df_price":7.99,"df_sale_price":"","df_regular_price":7.99,"df_image_link":"https:\/\/aboland.nl\/wp-content\/uploads\/2025\/09\/asterix-en-de-ronde-van-gallie-230x300.webp","_links":{"self":[{"href":"https:\/\/aboland.nl\/en\/wp-json\/wp\/v2\/product\/747341","targetHints":{"allow":["GET"]}}],"collection":[{"href":"https:\/\/aboland.nl\/en\/wp-json\/wp\/v2\/product"}],"about":[{"href":"https:\/\/aboland.nl\/en\/wp-json\/wp\/v2\/types\/product"}],"replies":[{"embeddable":true,"href":"https:\/\/aboland.nl\/en\/wp-json\/wp\/v2\/comments?post=747341"}],"version-history":[{"count":0,"href":"https:\/\/aboland.nl\/en\/wp-json\/wp\/v2\/product\/747341\/revisions"}],"wp:featuredmedia":[{"embeddable":true,"href":"https:\/\/aboland.nl\/en\/wp-json\/wp\/v2\/media\/747342"}],"wp:attachment":[{"href":"https:\/\/aboland.nl\/en\/wp-json\/wp\/v2\/media?parent=747341"}],"wp:term":[{"taxonomy":"product_brand","embeddable":true,"href":"https:\/\/aboland.nl\/en\/wp-json\/wp\/v2\/product_brand?post=747341"},{"taxonomy":"product_cat","embeddable":true,"href":"https:\/\/aboland.nl\/en\/wp-json\/wp\/v2\/product_cat?post=747341"},{"taxonomy":"product_tag","embeddable":true,"href":"https:\/\/aboland.nl\/en\/wp-json\/wp\/v2\/product_tag?post=747341"}],"curies":[{"name":"wp","href":"https:\/\/api.w.org\/{rel}","templated":true}]}}