{"id":649996,"date":"2025-03-04T23:43:36","date_gmt":"2025-03-04T22:43:36","guid":{"rendered":"https:\/\/aboland.dk\/?post_type=product&#038;p=649996"},"modified":"2026-03-14T02:06:00","modified_gmt":"2026-03-14T01:06:00","slug":"azie-01-2025","status":"publish","type":"product","link":"https:\/\/aboland.nl\/en\/azie-01-2025\/","title":{"rendered":"Azi\u00eb &#8211; 01 2025"},"content":{"rendered":"<h2>Over dit magazine:<\/h2>\n<p>Azi\u00eb  is een prachtige glossy kwartaalblad met mooie sfeerbeelden, reisverhalen en reportages uit Azi\u00eb en Oceani\u00eb. De titel is een samenvoeging van twee bekende bladen. Beide redacties hebben hun kennis en krachten gebundeld in een fantastisch reisblad met focus op Azi\u00eb, Australi\u00eb, Nieuw-Zeeland en Pacific Islands.<\/p>","protected":false},"excerpt":{"rendered":"<h2>In deze editie:<\/h2>\n<p>India\u2019s City of Dreams Mumbai &#8211; Vietnams Centrale Hooglanden rond Dalat &#8211; Japans Hokkaido, het land van de kraanvogel &#8211; \tCambodja\u2019s heiligste berg Phnom Kulen &#8211; De wilde Siam-tulpen van Chaiyaphum &#8211; Zuid-China\u2019s parels Guangzhou en Shenzhen &#8211; Alexander Reeuwijk over de Archbold-expedities naar Nieuw-Guinea &#8211; Nieuwste boeken en columns &#8211; Puzzel en vele winacties &#8211; Cape York, de top van Australi\u00eb &#8211; Australiana: knuffelsessies met koala\u2019s als diplomatie &#8211; Borrelen, spuiten en stinken in de Taupo Vulkanische Zone, Nieuw-Zeeland (deel 2) &#8211; Toptien pittoreske Nieuw-Zeelandse plaatsen<\/p>","protected":false},"featured_media":649997,"comment_status":"open","ping_status":"closed","template":"","meta":{"_acf_changed":false,"_mo_disable_npp":""},"product_brand":[],"product_cat":[7578,7512,7510,7549,7553],"product_tag":[],"class_list":{"0":"post-649996","1":"product","2":"type-product","3":"status-publish","4":"has-post-thumbnail","6":"product_cat-azie","7":"product_cat-losse-tijdschriften","8":"product_cat-magazines","9":"product_cat-reizen-recreatie","10":"product_cat-wereldwijd","11":"pa_doelgroep-mannen","12":"pa_doelgroep-vrouwen","13":"pa_erotisch-tijdschrift-nee","14":"pa_jaar-uitgave-8658","15":"pa_taal-nederlands","16":"pa_thema-kunst-en-cultuur","17":"pa_thema-natuur-en-reizen","18":"pa_tijdschrift-set-nee","19":"pa_type-tijdschrift-kwartaalblad","21":"first","22":"instock","23":"taxable","24":"shipping-taxable","25":"purchasable","26":"product-type-simple"},"acf":[],"df_price":7.99,"df_sale_price":"","df_regular_price":7.99,"df_image_link":"https:\/\/aboland.nl\/wp-content\/uploads\/2025\/02\/azie-01-2025-230x300.jpg","_links":{"self":[{"href":"https:\/\/aboland.nl\/en\/wp-json\/wp\/v2\/product\/649996","targetHints":{"allow":["GET"]}}],"collection":[{"href":"https:\/\/aboland.nl\/en\/wp-json\/wp\/v2\/product"}],"about":[{"href":"https:\/\/aboland.nl\/en\/wp-json\/wp\/v2\/types\/product"}],"replies":[{"embeddable":true,"href":"https:\/\/aboland.nl\/en\/wp-json\/wp\/v2\/comments?post=649996"}],"version-history":[{"count":0,"href":"https:\/\/aboland.nl\/en\/wp-json\/wp\/v2\/product\/649996\/revisions"}],"wp:featuredmedia":[{"embeddable":true,"href":"https:\/\/aboland.nl\/en\/wp-json\/wp\/v2\/media\/649997"}],"wp:attachment":[{"href":"https:\/\/aboland.nl\/en\/wp-json\/wp\/v2\/media?parent=649996"}],"wp:term":[{"taxonomy":"product_brand","embeddable":true,"href":"https:\/\/aboland.nl\/en\/wp-json\/wp\/v2\/product_brand?post=649996"},{"taxonomy":"product_cat","embeddable":true,"href":"https:\/\/aboland.nl\/en\/wp-json\/wp\/v2\/product_cat?post=649996"},{"taxonomy":"product_tag","embeddable":true,"href":"https:\/\/aboland.nl\/en\/wp-json\/wp\/v2\/product_tag?post=649996"}],"curies":[{"name":"wp","href":"https:\/\/api.w.org\/{rel}","templated":true}]}}