{"id":614268,"date":"2024-12-13T08:19:47","date_gmt":"2024-12-13T07:19:47","guid":{"rendered":"https:\/\/aboland.dk\/?post_type=product&#038;p=614268"},"modified":"2026-04-20T10:21:16","modified_gmt":"2026-04-20T08:21:16","slug":"mijn-intuitie-boek-naleye-buddista","status":"publish","type":"product","link":"https:\/\/aboland.nl\/en\/mijn-intuitie-boek-naleye-buddista\/","title":{"rendered":"Mijn Intu\u00eftie Boek &#8211; Naleye Buddista"},"content":{"rendered":"<h3 style=\"text-align: center\">Luister naar de fluisteringen van je intu\u00eftie.<\/h3>\n<p style=\"text-align: center\">Wat is intu\u00eftie eigenlijk?<\/p>\n<p style=\"text-align: center\">Intu\u00eftie is als door een deur stappen naar een innerlijk weten of zien. Achter die deur van je intu\u00eftie vind je jouw innerlijke wijsheid. Je kunt intu\u00eftie ook beschouwen als een vorm van innerlijke wetenschap.<\/p>\n<p style=\"text-align: center\">Dit boek helpt je om de signalen van je intu\u00eftie sneller te herkennen en te begrijpen. Zo leer je de weg te vinden naar de wijsheid en het advies die in jezelf verborgen liggen. Hierdoor ervaar je een diepere verbondenheid met jezelf, meer rust in je gedachten en gevoelens, en een sterker vermogen om zelfbewust te handelen.<\/p>\n<p style=\"text-align: center\">www.mijnintuitieboek.nl<\/p>","protected":false},"excerpt":{"rendered":"<p>Luister naar de fluisteringen van je intu\u00eftie. Wat is intu\u00eftie eigenlijk? Intu\u00eftie is als door een deur stappen naar een innerlijk weten of zien. Achter die deur van je intu\u00eftie vind je jouw innerlijke wijsheid. Je kunt intu\u00eftie ook beschouwen als een vorm van innerlijke wetenschap. Dit boek helpt je om de signalen van je [&hellip;]<\/p>\n","protected":false},"featured_media":609884,"comment_status":"open","ping_status":"closed","template":"","meta":{"_acf_changed":false,"_mo_disable_npp":""},"product_brand":[],"product_cat":[8514,7560,7559],"product_tag":[],"class_list":{"0":"post-614268","1":"product","2":"type-product","3":"status-publish","4":"has-post-thumbnail","6":"product_cat-boeken","7":"product_cat-lichaam-geest","8":"product_cat-voeding-gezondheid","9":"pa_doelgroep-mannen","10":"pa_doelgroep-vrouwen","11":"pa_jaar-uitgave-8618","12":"pa_taal-nederlands","13":"pa_thema-lichaam-en-geest","14":"pa_tijdschrift-set-nee","16":"first","17":"instock","18":"taxable","19":"shipping-taxable","20":"purchasable","21":"product-type-simple"},"acf":[],"df_price":29.5,"df_sale_price":"","df_regular_price":29.5,"df_image_link":"https:\/\/aboland.nl\/wp-content\/uploads\/2024\/12\/mijn-intuitie-boek-2024.jpg","_links":{"self":[{"href":"https:\/\/aboland.nl\/en\/wp-json\/wp\/v2\/product\/614268","targetHints":{"allow":["GET"]}}],"collection":[{"href":"https:\/\/aboland.nl\/en\/wp-json\/wp\/v2\/product"}],"about":[{"href":"https:\/\/aboland.nl\/en\/wp-json\/wp\/v2\/types\/product"}],"replies":[{"embeddable":true,"href":"https:\/\/aboland.nl\/en\/wp-json\/wp\/v2\/comments?post=614268"}],"version-history":[{"count":0,"href":"https:\/\/aboland.nl\/en\/wp-json\/wp\/v2\/product\/614268\/revisions"}],"wp:featuredmedia":[{"embeddable":true,"href":"https:\/\/aboland.nl\/en\/wp-json\/wp\/v2\/media\/609884"}],"wp:attachment":[{"href":"https:\/\/aboland.nl\/en\/wp-json\/wp\/v2\/media?parent=614268"}],"wp:term":[{"taxonomy":"product_brand","embeddable":true,"href":"https:\/\/aboland.nl\/en\/wp-json\/wp\/v2\/product_brand?post=614268"},{"taxonomy":"product_cat","embeddable":true,"href":"https:\/\/aboland.nl\/en\/wp-json\/wp\/v2\/product_cat?post=614268"},{"taxonomy":"product_tag","embeddable":true,"href":"https:\/\/aboland.nl\/en\/wp-json\/wp\/v2\/product_tag?post=614268"}],"curies":[{"name":"wp","href":"https:\/\/api.w.org\/{rel}","templated":true}]}}