{"id":609891,"date":"2024-12-05T09:43:51","date_gmt":"2024-12-05T08:43:51","guid":{"rendered":"https:\/\/aboland.dk\/?post_type=product&#038;p=609891"},"modified":"2025-11-12T03:09:40","modified_gmt":"2025-11-12T02:09:40","slug":"collect-aaa-fr-539","status":"publish","type":"product","link":"https:\/\/aboland.nl\/en\/collect-aaa-fr-539\/","title":{"rendered":"Collect AAA FR &#8211; 539"},"content":{"rendered":"","protected":false},"excerpt":{"rendered":"<h2>In deze editie:<\/h2>\n<p>70 ans de BRAFA: Quel avenir pour le n\u00e9goce? &#8211; L&#8217;art moghol: un age d&#8217;or &#8211; La c\u00e9ramique africaine: un march\u00e9 en devenir<\/p>","protected":false},"featured_media":609892,"comment_status":"open","ping_status":"closed","template":"","meta":{"_acf_changed":false,"_mo_disable_npp":""},"product_brand":[],"product_cat":[7656,7512,7510],"product_tag":[],"class_list":{"0":"post-609891","1":"product","2":"type-product","3":"status-publish","4":"has-post-thumbnail","6":"product_cat-collect-aaa-fr","7":"product_cat-losse-tijdschriften","8":"product_cat-magazines","9":"pa_doelgroep-mannen","10":"pa_doelgroep-vrouwen","11":"pa_erotisch-tijdschrift-nee","12":"pa_jaar-uitgave-8618","13":"pa_taal-frans","14":"pa_thema-hobby-en-vrije-tijd","15":"pa_thema-kunst-en-cultuur","16":"pa_tijdschrift-set-nee","17":"pa_type-tijdschrift-maandblad","18":"pa_uitgever-collect-arts-antiques-auctions-nv","20":"first","21":"instock","22":"taxable","23":"shipping-taxable","24":"purchasable","25":"product-type-simple"},"acf":[],"df_price":7.95,"df_sale_price":"","df_regular_price":7.95,"df_image_link":"https:\/\/aboland.nl\/wp-content\/uploads\/2024\/12\/collect-aaa-539-fr.webp","_links":{"self":[{"href":"https:\/\/aboland.nl\/en\/wp-json\/wp\/v2\/product\/609891","targetHints":{"allow":["GET"]}}],"collection":[{"href":"https:\/\/aboland.nl\/en\/wp-json\/wp\/v2\/product"}],"about":[{"href":"https:\/\/aboland.nl\/en\/wp-json\/wp\/v2\/types\/product"}],"replies":[{"embeddable":true,"href":"https:\/\/aboland.nl\/en\/wp-json\/wp\/v2\/comments?post=609891"}],"version-history":[{"count":0,"href":"https:\/\/aboland.nl\/en\/wp-json\/wp\/v2\/product\/609891\/revisions"}],"wp:featuredmedia":[{"embeddable":true,"href":"https:\/\/aboland.nl\/en\/wp-json\/wp\/v2\/media\/609892"}],"wp:attachment":[{"href":"https:\/\/aboland.nl\/en\/wp-json\/wp\/v2\/media?parent=609891"}],"wp:term":[{"taxonomy":"product_brand","embeddable":true,"href":"https:\/\/aboland.nl\/en\/wp-json\/wp\/v2\/product_brand?post=609891"},{"taxonomy":"product_cat","embeddable":true,"href":"https:\/\/aboland.nl\/en\/wp-json\/wp\/v2\/product_cat?post=609891"},{"taxonomy":"product_tag","embeddable":true,"href":"https:\/\/aboland.nl\/en\/wp-json\/wp\/v2\/product_tag?post=609891"}],"curies":[{"name":"wp","href":"https:\/\/api.w.org\/{rel}","templated":true}]}}