{"id":590685,"date":"2024-10-12T11:40:58","date_gmt":"2024-10-12T09:40:58","guid":{"rendered":"https:\/\/aboland.dk\/?post_type=product&#038;p=590685"},"modified":"2024-10-24T02:06:41","modified_gmt":"2024-10-24T00:06:41","slug":"kicxstart-10-2024","status":"publish","type":"product","link":"https:\/\/aboland.nl\/en\/kicxstart-10-2024\/","title":{"rendered":"KicXstart &#8211; 10 2024"},"content":{"rendered":"<h2>Over dit magazine:<\/h2>\n<p>KicXstart is het snelste, leukste en meest verfrissende motorblad van Nederland. Met tests en reviews van de nieuwste motoren en nog veel meer. Voor de motorrijd(st)er die eens wat anders wil!<\/p>","protected":false},"excerpt":{"rendered":"<h2>In deze editie:<\/h2>\n<p>Allroad special &#8211; Yamaha t\u00e9n\u00e9r\u00e9 world raid GYTR: stofhappen voor pro&#8217;s &#8211; Eric Verhoef test gasgas enduro&#8217;s &#8211; allroad avontuur: Lamas rally (Marokko), T\u00e9n\u00e9r\u00e9 travel trophy (Kroati\u00eb) &#8211; Retr&#8217;opale (Frankrijk)<\/p>","protected":false},"featured_media":590686,"comment_status":"open","ping_status":"closed","template":"","meta":{"_acf_changed":false,"_mo_disable_npp":""},"product_brand":[],"product_cat":[7529,7512,7604],"product_tag":[],"class_list":{"0":"post-590685","1":"product","2":"type-product","3":"status-publish","4":"has-post-thumbnail","6":"product_cat-auto-vervoer","7":"product_cat-losse-tijdschriften","8":"product_cat-motoren","9":"pa_doelgroep-mannen","10":"pa_erotisch-tijdschrift-nee","11":"pa_taal-nederlands","12":"pa_thema-autos-en-motoren","13":"pa_tijdschrift-set-nee","14":"pa_type-tijdschrift-maandblad","16":"first","17":"instock","18":"taxable","19":"shipping-taxable","20":"purchasable","21":"product-type-simple"},"acf":[],"df_price":6.99,"df_sale_price":"","df_regular_price":6.99,"df_image_link":"https:\/\/aboland.nl\/wp-content\/uploads\/2024\/10\/kicxstart-10-2024-200x300.webp","_links":{"self":[{"href":"https:\/\/aboland.nl\/en\/wp-json\/wp\/v2\/product\/590685","targetHints":{"allow":["GET"]}}],"collection":[{"href":"https:\/\/aboland.nl\/en\/wp-json\/wp\/v2\/product"}],"about":[{"href":"https:\/\/aboland.nl\/en\/wp-json\/wp\/v2\/types\/product"}],"replies":[{"embeddable":true,"href":"https:\/\/aboland.nl\/en\/wp-json\/wp\/v2\/comments?post=590685"}],"version-history":[{"count":0,"href":"https:\/\/aboland.nl\/en\/wp-json\/wp\/v2\/product\/590685\/revisions"}],"wp:featuredmedia":[{"embeddable":true,"href":"https:\/\/aboland.nl\/en\/wp-json\/wp\/v2\/media\/590686"}],"wp:attachment":[{"href":"https:\/\/aboland.nl\/en\/wp-json\/wp\/v2\/media?parent=590685"}],"wp:term":[{"taxonomy":"product_brand","embeddable":true,"href":"https:\/\/aboland.nl\/en\/wp-json\/wp\/v2\/product_brand?post=590685"},{"taxonomy":"product_cat","embeddable":true,"href":"https:\/\/aboland.nl\/en\/wp-json\/wp\/v2\/product_cat?post=590685"},{"taxonomy":"product_tag","embeddable":true,"href":"https:\/\/aboland.nl\/en\/wp-json\/wp\/v2\/product_tag?post=590685"}],"curies":[{"name":"wp","href":"https:\/\/api.w.org\/{rel}","templated":true}]}}