{"id":559797,"date":"2024-09-07T13:47:25","date_gmt":"2024-09-07T11:47:25","guid":{"rendered":"https:\/\/aboland.dk\/product\/bergen-magazine-04-2024\/"},"modified":"2026-03-09T13:34:15","modified_gmt":"2026-03-09T12:34:15","slug":"bergen-magazine-04-2024","status":"publish","type":"product","link":"https:\/\/aboland.nl\/en\/bergen-magazine-04-2024\/","title":{"rendered":"Bergen Magazine &#8211; 04 2024"},"content":{"rendered":"<h2>Over dit magazine:<\/h2>\n<p>Bergen Magazine is h\u00e9t tijdschrift voor bergwandelaars en verschijnt vijf keer per jaar. Wij zorgen in elk nummer voor mooie artikelen over (bijzondere) bergregio\u2019s in Europa, over de mooiste wandelroutes (van korte dagtochten tot huttentochten), de natuur, cultuur en het leven in de bergen. De nieuwste outdoor producten en handige tips ontbreken natuurlijk niet.<\/p>","protected":false},"excerpt":{"rendered":"<h2>In deze editie:<\/h2>\n<p>Het mooiste seizoen in de bergen &#8211; Itali\u00eb, Zwitserland, Oostenrijk, Noorwegen &#8211; Franse Pyrenee\u00ebn &#8211; Canig\u00f3: op de mythische berg van Cataloni\u00eb &#8211; Kackargebergte: wandelen in de spectaculaire bergen van Turkije<\/p>","protected":false},"featured_media":559798,"comment_status":"open","ping_status":"closed","template":"","meta":{"_acf_changed":false,"_mo_disable_npp":""},"product_brand":[],"product_cat":[7592,7593,7512,7510,7549],"product_tag":[],"class_list":{"0":"post-559797","1":"product","2":"type-product","3":"status-publish","4":"has-post-thumbnail","6":"product_cat-actief","7":"product_cat-bergen-magazine","8":"product_cat-losse-tijdschriften","9":"product_cat-magazines","10":"product_cat-reizen-recreatie","11":"pa_doelgroep-mannen","12":"pa_doelgroep-vrouwen","13":"pa_erotisch-tijdschrift-nee","14":"pa_jaar-uitgave-8618","15":"pa_taal-nederlands","16":"pa_thema-natuur-en-reizen","17":"pa_tijdschrift-set-nee","18":"pa_type-tijdschrift-kwartaalblad","19":"pa_uitgever-abonnementenland","21":"first","22":"instock","23":"taxable","24":"shipping-taxable","25":"purchasable","26":"product-type-simple"},"acf":[],"df_price":7.95,"df_sale_price":"","df_regular_price":7.95,"df_image_link":"https:\/\/aboland.nl\/wp-content\/uploads\/2024\/09\/bergen-magazine-04-2024-200x300.webp","_links":{"self":[{"href":"https:\/\/aboland.nl\/en\/wp-json\/wp\/v2\/product\/559797","targetHints":{"allow":["GET"]}}],"collection":[{"href":"https:\/\/aboland.nl\/en\/wp-json\/wp\/v2\/product"}],"about":[{"href":"https:\/\/aboland.nl\/en\/wp-json\/wp\/v2\/types\/product"}],"replies":[{"embeddable":true,"href":"https:\/\/aboland.nl\/en\/wp-json\/wp\/v2\/comments?post=559797"}],"version-history":[{"count":0,"href":"https:\/\/aboland.nl\/en\/wp-json\/wp\/v2\/product\/559797\/revisions"}],"wp:featuredmedia":[{"embeddable":true,"href":"https:\/\/aboland.nl\/en\/wp-json\/wp\/v2\/media\/559798"}],"wp:attachment":[{"href":"https:\/\/aboland.nl\/en\/wp-json\/wp\/v2\/media?parent=559797"}],"wp:term":[{"taxonomy":"product_brand","embeddable":true,"href":"https:\/\/aboland.nl\/en\/wp-json\/wp\/v2\/product_brand?post=559797"},{"taxonomy":"product_cat","embeddable":true,"href":"https:\/\/aboland.nl\/en\/wp-json\/wp\/v2\/product_cat?post=559797"},{"taxonomy":"product_tag","embeddable":true,"href":"https:\/\/aboland.nl\/en\/wp-json\/wp\/v2\/product_tag?post=559797"}],"curies":[{"name":"wp","href":"https:\/\/api.w.org\/{rel}","templated":true}]}}