{"id":426365,"date":"2023-12-01T13:19:23","date_gmt":"2023-12-01T12:19:23","guid":{"rendered":"https:\/\/aboland.dk\/product\/perswijn-08-2023\/"},"modified":"2026-02-25T15:56:51","modified_gmt":"2026-02-25T14:56:51","slug":"perswijn-08-2023","status":"publish","type":"product","link":"https:\/\/aboland.nl\/en\/perswijn-08-2023\/","title":{"rendered":"Perswijn &#8211; 08 2023"},"content":{"rendered":"<h2>Over dit magazine:<\/h2>\n<p>Perswijn\u00a0magazine is h\u00e9t toonaangevende wijnmagazine voor wijnliefhebbers en wijnprofessionals in Nederland en Belgi\u00eb.<\/p>","protected":false},"excerpt":{"rendered":"<h2>In deze editie:<\/h2>\n<p>Geproefd: 620 wijnen &#8211; Oogst 2023: Een achtbaan &#8211; Perswijn 35 jaar &#8211; Met koopgids De 101 beste wijnen van 2023 &#8211; Wijnhelden van 2023 &#8211; Jon Bonn\u00e9 over Frankrijk &#8211; Dilemma&#8217;s in de Douro &#8211; Een voorproefje van Nieder\u00f6sterreich 2022 &#8211; De magie van Giscours &#8211; Wijnbouwklimaten volgens Lars Dani\u00ebls<\/p>","protected":false},"featured_media":426366,"comment_status":"open","ping_status":"closed","template":"","meta":{"_acf_changed":false,"_mo_disable_npp":""},"product_brand":[],"product_cat":[7602,7599,7512,7510,7970,7559,7971],"product_tag":[],"class_list":{"0":"post-426365","1":"product","2":"type-product","3":"status-publish","4":"has-post-thumbnail","6":"product_cat-culinair-algemeen","7":"product_cat-drinken","8":"product_cat-losse-tijdschriften","9":"product_cat-magazines","10":"product_cat-perswijn","11":"product_cat-voeding-gezondheid","12":"product_cat-wijn","13":"pa_doelgroep-mannen","14":"pa_doelgroep-vrouwen","15":"pa_erotisch-tijdschrift-nee","16":"pa_jaar-uitgave-8417","17":"pa_taal-nederlands","18":"pa_thema-health-en-food","19":"pa_tijdschrift-set-nee","20":"pa_type-tijdschrift-tweemaandelijks-blad","21":"pa_uitgever-abonnementenland","23":"first","24":"instock","25":"sale","26":"taxable","27":"shipping-taxable","28":"purchasable","29":"product-type-simple"},"acf":[],"df_price":7,"df_sale_price":7,"df_regular_price":11.5,"df_image_link":"https:\/\/aboland.nl\/wp-content\/uploads\/2023\/12\/perswijn-08-2023-200x300.webp","_links":{"self":[{"href":"https:\/\/aboland.nl\/en\/wp-json\/wp\/v2\/product\/426365","targetHints":{"allow":["GET"]}}],"collection":[{"href":"https:\/\/aboland.nl\/en\/wp-json\/wp\/v2\/product"}],"about":[{"href":"https:\/\/aboland.nl\/en\/wp-json\/wp\/v2\/types\/product"}],"replies":[{"embeddable":true,"href":"https:\/\/aboland.nl\/en\/wp-json\/wp\/v2\/comments?post=426365"}],"version-history":[{"count":0,"href":"https:\/\/aboland.nl\/en\/wp-json\/wp\/v2\/product\/426365\/revisions"}],"wp:featuredmedia":[{"embeddable":true,"href":"https:\/\/aboland.nl\/en\/wp-json\/wp\/v2\/media\/426366"}],"wp:attachment":[{"href":"https:\/\/aboland.nl\/en\/wp-json\/wp\/v2\/media?parent=426365"}],"wp:term":[{"taxonomy":"product_brand","embeddable":true,"href":"https:\/\/aboland.nl\/en\/wp-json\/wp\/v2\/product_brand?post=426365"},{"taxonomy":"product_cat","embeddable":true,"href":"https:\/\/aboland.nl\/en\/wp-json\/wp\/v2\/product_cat?post=426365"},{"taxonomy":"product_tag","embeddable":true,"href":"https:\/\/aboland.nl\/en\/wp-json\/wp\/v2\/product_tag?post=426365"}],"curies":[{"name":"wp","href":"https:\/\/api.w.org\/{rel}","templated":true}]}}