{"id":379811,"date":"2023-09-09T08:48:58","date_gmt":"2023-09-09T06:48:58","guid":{"rendered":"https:\/\/aboland.dk\/product\/scenes-04-2023\/"},"modified":"2024-10-25T13:30:23","modified_gmt":"2024-10-25T11:30:23","slug":"scenes-04-2023","status":"publish","type":"product","link":"https:\/\/aboland.nl\/en\/scenes-04-2023\/","title":{"rendered":"Sc\u00e8nes &#8211; 04 2023"},"content":{"rendered":"<h2>Over dit magazine:<\/h2>\n<p>Sc\u00e8nes is h\u00e9t tijdschrift over toneel, cabaret, dans, musical en muziektheater. Het blad is een must-read voor iedereen die regelmatig het theater bezoekt. Iedere kwartaal word je volledig bijgepraat over de ontwikkelingen in de Nederlandse theaterwereld. Je krijgt een overzicht van de laatste premi\u00e8res, leest over de wereld op \u00e9n achter het toneel en ontvangt natuurlijk veel tips, nieuws, achtergronden en informatie over de lopende voorstellingen en programma&#8217;s. Met Sc\u00e8nes krijg je gegarandeerd nog meer zin in een heerlijk avondje uit.<\/p>","protected":false},"excerpt":{"rendered":"<h2>In deze editie:<\/h2>\n<p>Andr\u00e9 &amp; Alex: Revuegrootmeesters &#8211; Extra dik nummer: 101 pagina&#8217;s pl\u00fas Jeugdtheater special &#8211; Maria Goos interviewt Sabri Saad El Hamus &#8211; Jon van Eerd praat met Anouk Beugels &#8211; Dolf Jansen ontmoet Blauwe Vinkjes &#8211; Gasthoofdredacteur Joop van den Ende wil vernieuwing &#8211; Jubileumvoorstelling 10 jaar Sc\u00e8nes: 2 oktober in Delamar &#8211; Jouman Fattal &#8211; Orkater &#8211; Don Duyns &#8211; Introdans &#8211; Sezgin G\u00fcle\u00e7 &#8211; Nederlandse reisopera &#8211; Millie Taylor &#8211; Korzo&#8217;s Dansclick &#8211; Saman Amini<\/p>","protected":false},"featured_media":379812,"comment_status":"open","ping_status":"closed","template":"","meta":{"_acf_changed":false,"_mo_disable_npp":""},"product_brand":[],"product_cat":[7544,7577,7512,7510,8029],"product_tag":[],"class_list":{"0":"post-379811","1":"product","2":"type-product","3":"status-publish","4":"has-post-thumbnail","6":"product_cat-kennis-wetenschap","7":"product_cat-kunst","8":"product_cat-losse-tijdschriften","9":"product_cat-magazines","10":"product_cat-scenes","11":"pa_categorie-hobby-vrije-tijd","12":"pa_doelgroep-mannen","13":"pa_doelgroep-vrouwen","14":"pa_erotisch-tijdschrift-nee","15":"pa_frequentie-04-x-per-jaar","16":"pa_taal-nederlands","17":"pa_thema-hobby-en-vrije-tijd","18":"pa_tijdschrift-set-nee","19":"pa_type-tijdschrift-kwartaalblad","21":"first","22":"instock","23":"taxable","24":"shipping-taxable","25":"purchasable","26":"product-type-simple"},"acf":[],"df_price":6.95,"df_sale_price":"","df_regular_price":6.95,"df_image_link":"https:\/\/aboland.nl\/wp-content\/uploads\/2023\/09\/scenes-04-2023-230x300.webp","_links":{"self":[{"href":"https:\/\/aboland.nl\/en\/wp-json\/wp\/v2\/product\/379811","targetHints":{"allow":["GET"]}}],"collection":[{"href":"https:\/\/aboland.nl\/en\/wp-json\/wp\/v2\/product"}],"about":[{"href":"https:\/\/aboland.nl\/en\/wp-json\/wp\/v2\/types\/product"}],"replies":[{"embeddable":true,"href":"https:\/\/aboland.nl\/en\/wp-json\/wp\/v2\/comments?post=379811"}],"version-history":[{"count":0,"href":"https:\/\/aboland.nl\/en\/wp-json\/wp\/v2\/product\/379811\/revisions"}],"wp:featuredmedia":[{"embeddable":true,"href":"https:\/\/aboland.nl\/en\/wp-json\/wp\/v2\/media\/379812"}],"wp:attachment":[{"href":"https:\/\/aboland.nl\/en\/wp-json\/wp\/v2\/media?parent=379811"}],"wp:term":[{"taxonomy":"product_brand","embeddable":true,"href":"https:\/\/aboland.nl\/en\/wp-json\/wp\/v2\/product_brand?post=379811"},{"taxonomy":"product_cat","embeddable":true,"href":"https:\/\/aboland.nl\/en\/wp-json\/wp\/v2\/product_cat?post=379811"},{"taxonomy":"product_tag","embeddable":true,"href":"https:\/\/aboland.nl\/en\/wp-json\/wp\/v2\/product_tag?post=379811"}],"curies":[{"name":"wp","href":"https:\/\/api.w.org\/{rel}","templated":true}]}}