{"id":333422,"date":"2023-06-03T08:26:05","date_gmt":"2023-06-03T06:26:05","guid":{"rendered":"https:\/\/aboland.dk\/product\/pakket-story-prive-22-2023\/"},"modified":"2024-03-29T02:40:09","modified_gmt":"2024-03-29T01:40:09","slug":"pakket-story-prive-22-2023","status":"publish","type":"product","link":"https:\/\/aboland.nl\/en\/pakket-story-prive-22-2023\/","title":{"rendered":"Pakket Story + Prive &#8211; 22 2023"},"content":{"rendered":"<h2>Over dit pakket:<\/h2>\n<p>Story: Story brengt iedere week het allerlaatste nieuws over ons koningshuis en Nederlandse en internationale showbizz. Met iedere week de meest onthullende verhalen en exclusieve foto\u00b4s. En wekelijks een gratis puzzelbijlage! Als u een abonnement neemt op Story bent u steeds volledig op de hoogte. Story, elke week het meeste nieuws. Nog meer nieuws en leuke aanbiedingen vindt u op www.story.nl. Bestel jouw Story snel &amp; eenvoudig bij Magvilla.<\/p>\n<p>Priv\u00e9: Wil jij meer te weten komen over jou favorieten bekendheden? Dan zit je hier goed! Priv\u00e9 Magazine is h\u00e9t roddelblad van Nederland. Het magazine brengt elke week het leven van verschillende beroemdheden in beeld. Nu de nieuwste edities verkrijgbaar bij Magvilla.<\/p>","protected":false},"excerpt":{"rendered":"<h2>In deze editie:<\/h2>\n<p>Story 22 2023: G\u00e9\u00e9n zesde baby, maar: Peter Gillis vraagt nieuwe liefde Wendy n\u00fa al ten huwelijk! Zijn vermoeden over ex Nicol: &#8216;Ze ging van het ene bed in het andere&#8217; &#8211; Relatiecrisis voor Dirk Kuyt &amp; Kate? &#8216;We zijn juist supergelukkig!&#8217; &#8211; D\u00edt schrijft hij in berichtje over haar fetisj &#8230; pikant contact Andr\u00e9 Hazes en schrijfster Saskia Noort &#8211; Internaat-onthullingen: Prinses Ariane deelt douche met mede-leerlinge &#8211; Foto&#8217;s op zijn boot: naar wie lacht Marco Borsato z\u00f3 charmant? &#8211; GTST-actrice zoekt droomman via dating-app<\/p>\n<p>Priv\u00e9 22 2023: Afscheid van een superster. Tina Turner bleef lachen door liters tranen heen &#8211; Frank Masmeijer: &#8216;Ik hoop zo op 2e kans&#8217; &#8211; Mart Hoogkramer: waar gaat het steeds mis? &#8211; De beste afslanktips van Caroline &#8211; Dit maakt Catherine zo uniek: thuis bij de Prinses van Wales &#8211; Verliefde Dirk speelt gevaarlijk spel<\/p>","protected":false},"featured_media":374381,"comment_status":"open","ping_status":"closed","template":"","meta":{"_acf_changed":false,"_mo_disable_npp":""},"product_brand":[],"product_cat":[7510,7984,7967,7966,8067,8233],"product_tag":[],"class_list":{"0":"post-333422","1":"product","2":"type-product","3":"status-publish","4":"has-post-thumbnail","6":"product_cat-magazines","7":"product_cat-prive","8":"product_cat-roddelbladen","9":"product_cat-showbizz-royalty","10":"product_cat-story","11":"product_cat-tijdschrift-pakketten","12":"pa_doelgroep-vrouwen","13":"pa_erotisch-tijdschrift-nee","14":"pa_taal-nederlands","15":"pa_thema-showbizz-en-royalty","16":"pa_tijdschrift-set-ja","17":"pa_type-tijdschrift-weekblad","18":"pa_uitgever-dpg-media","20":"first","21":"outofstock","22":"sale","23":"taxable","24":"shipping-taxable","25":"purchasable","26":"product-type-simple"},"acf":[],"df_price":6.99,"df_sale_price":6.99,"df_regular_price":8.39,"df_image_link":"https:\/\/aboland.nl\/wp-content\/uploads\/2023\/09\/pk-story-prive-22-2023-233x300.webp","_links":{"self":[{"href":"https:\/\/aboland.nl\/en\/wp-json\/wp\/v2\/product\/333422","targetHints":{"allow":["GET"]}}],"collection":[{"href":"https:\/\/aboland.nl\/en\/wp-json\/wp\/v2\/product"}],"about":[{"href":"https:\/\/aboland.nl\/en\/wp-json\/wp\/v2\/types\/product"}],"replies":[{"embeddable":true,"href":"https:\/\/aboland.nl\/en\/wp-json\/wp\/v2\/comments?post=333422"}],"version-history":[{"count":0,"href":"https:\/\/aboland.nl\/en\/wp-json\/wp\/v2\/product\/333422\/revisions"}],"wp:featuredmedia":[{"embeddable":true,"href":"https:\/\/aboland.nl\/en\/wp-json\/wp\/v2\/media\/374381"}],"wp:attachment":[{"href":"https:\/\/aboland.nl\/en\/wp-json\/wp\/v2\/media?parent=333422"}],"wp:term":[{"taxonomy":"product_brand","embeddable":true,"href":"https:\/\/aboland.nl\/en\/wp-json\/wp\/v2\/product_brand?post=333422"},{"taxonomy":"product_cat","embeddable":true,"href":"https:\/\/aboland.nl\/en\/wp-json\/wp\/v2\/product_cat?post=333422"},{"taxonomy":"product_tag","embeddable":true,"href":"https:\/\/aboland.nl\/en\/wp-json\/wp\/v2\/product_tag?post=333422"}],"curies":[{"name":"wp","href":"https:\/\/api.w.org\/{rel}","templated":true}]}}