{"id":300326,"date":"2023-04-08T11:58:54","date_gmt":"2023-04-08T09:58:54","guid":{"rendered":"https:\/\/aboland.dk\/product\/motoplus-xl-02-2023\/"},"modified":"2026-04-10T10:06:31","modified_gmt":"2026-04-10T08:06:31","slug":"motoplus-xl-02-2023","status":"publish","type":"product","link":"https:\/\/aboland.nl\/en\/motoplus-xl-02-2023\/","title":{"rendered":"Motoplus XL &#8211; 02 2023"},"content":{"rendered":"<h2>Over dit magazine:<\/h2>\n<p>Het laatste motornieuws met actuele motortesten, de mooiste reizen, vergelijk en testen van kleding, helmen en accessoires, dat is MotoPlus.<\/p>","protected":false},"excerpt":{"rendered":"<h2>In deze editie:<\/h2>\n<p>31 pagina&#8217;s reizen &#8211; 148 pagina&#8217;s motorpassie! &#8211; 5 nakeds head-to-head: Spierballenvertoon! &#8211; Duurtest Yamaha T\u00e9n\u00e9r\u00e9 700. Eersteklas kilometervreter! &#8211; Eerste test: Suzuki V-Strom 800DE. Alive &amp; kicking! &#8211; Producttest: 5 allround textielcombi&#8217;s &#8211; Reportage: Alles over E-fuels &#8211; Praktijk: Bandenoverzicht 2023 &#8211; Techniek: Luchtgekoelde motorfietsen &#8211; Reizen: o.a. Georgi\u00eb en Vulkaaneifel (D) &#8211; Overzicht 2022 testwinnaars &#8211; Toptest Moto Guzzi V100 Mandello<\/p>","protected":false},"featured_media":387888,"comment_status":"open","ping_status":"closed","template":"","meta":{"_acf_changed":false,"_mo_disable_npp":""},"product_brand":[],"product_cat":[7529,7512,7510,7918,7604],"product_tag":[],"class_list":{"0":"post-300326","1":"product","2":"type-product","3":"status-publish","4":"has-post-thumbnail","6":"product_cat-auto-vervoer","7":"product_cat-losse-tijdschriften","8":"product_cat-magazines","9":"product_cat-motoplus-xl","10":"product_cat-motoren","11":"pa_categorie-automotive","12":"pa_doelgroep-mannen","13":"pa_doelgroep-vrouwen","14":"pa_erotisch-tijdschrift-nee","15":"pa_taal-nederlands","16":"pa_thema-autos-en-motoren","17":"pa_tijdschrift-set-nee","18":"pa_type-tijdschrift-tweemaandelijks-blad","19":"pa_uitgever-volgas-producties-b-v","21":"first","22":"outofstock","23":"taxable","24":"shipping-taxable","25":"purchasable","26":"product-type-simple"},"acf":[],"df_price":6.99,"df_sale_price":"","df_regular_price":6.99,"df_image_link":"https:\/\/aboland.nl\/wp-content\/uploads\/2023\/09\/motoplus-xl-02-2023-233x300.webp","_links":{"self":[{"href":"https:\/\/aboland.nl\/en\/wp-json\/wp\/v2\/product\/300326","targetHints":{"allow":["GET"]}}],"collection":[{"href":"https:\/\/aboland.nl\/en\/wp-json\/wp\/v2\/product"}],"about":[{"href":"https:\/\/aboland.nl\/en\/wp-json\/wp\/v2\/types\/product"}],"replies":[{"embeddable":true,"href":"https:\/\/aboland.nl\/en\/wp-json\/wp\/v2\/comments?post=300326"}],"version-history":[{"count":0,"href":"https:\/\/aboland.nl\/en\/wp-json\/wp\/v2\/product\/300326\/revisions"}],"wp:featuredmedia":[{"embeddable":true,"href":"https:\/\/aboland.nl\/en\/wp-json\/wp\/v2\/media\/387888"}],"wp:attachment":[{"href":"https:\/\/aboland.nl\/en\/wp-json\/wp\/v2\/media?parent=300326"}],"wp:term":[{"taxonomy":"product_brand","embeddable":true,"href":"https:\/\/aboland.nl\/en\/wp-json\/wp\/v2\/product_brand?post=300326"},{"taxonomy":"product_cat","embeddable":true,"href":"https:\/\/aboland.nl\/en\/wp-json\/wp\/v2\/product_cat?post=300326"},{"taxonomy":"product_tag","embeddable":true,"href":"https:\/\/aboland.nl\/en\/wp-json\/wp\/v2\/product_tag?post=300326"}],"curies":[{"name":"wp","href":"https:\/\/api.w.org\/{rel}","templated":true}]}}