{"id":289770,"date":"2023-03-25T10:18:07","date_gmt":"2023-03-25T09:18:07","guid":{"rendered":"https:\/\/aboland.dk\/product\/voetbal-international-12-2023\/"},"modified":"2024-08-03T02:18:08","modified_gmt":"2024-08-03T00:18:08","slug":"voetbal-international-12-2023","status":"publish","type":"product","link":"https:\/\/aboland.nl\/en\/voetbal-international-12-2023\/","title":{"rendered":"Voetbal International &#8211; 12 2023"},"content":{"rendered":"<h2>Over dit magazine:<\/h2>\n<p>Het laatste voetbalnieuws lees je in Voetbal International. Het beste voetbalblad van Nederland bevat scherpe columns, achtergrondreportages en voor- en nabeschouwingen. Elke editie bevat een inhoudelijke benadering van het Nederlandse en internationale voetbalcompetities en geeft je prachtige fotografie en statistieken.<\/p>","protected":false},"excerpt":{"rendered":"<h2>In deze editie:<\/h2>\n<p>Feyenoord in dromenland &#8211; Coley Parry: &#8216;Vitesse wil in de topzes spelen&#8217; &#8211; Julio Vel\u00e1quez: Vechthond en puppy &#8211; D\u00e9j\u00e0 Vu Ronald Koeman &#8211; F\u00e1bio Silva &#8211; Clarence Seedorf &#8211; Avondje NAC met Pierre van Hooijdonk<\/p>","protected":false},"featured_media":374271,"comment_status":"open","ping_status":"closed","template":"","meta":{"_acf_changed":false,"_mo_disable_npp":""},"product_brand":[],"product_cat":[7512,7510,7837,7838,7533,7534,8114],"product_tag":[],"class_list":{"0":"post-289770","1":"product","2":"type-product","3":"status-publish","4":"has-post-thumbnail","6":"product_cat-losse-tijdschriften","7":"product_cat-magazines","8":"product_cat-man","9":"product_cat-man-algemeen","10":"product_cat-sport","11":"product_cat-voetbal","12":"product_cat-voetbal-international","13":"pa_doelgroep-mannen","14":"pa_erotisch-tijdschrift-nee","15":"pa_taal-nederlands","16":"pa_thema-sport","17":"pa_tijdschrift-set-nee","18":"pa_type-tijdschrift-weekblad","20":"first","21":"outofstock","22":"taxable","23":"shipping-taxable","24":"purchasable","25":"product-type-simple"},"acf":[],"df_price":5.99,"df_sale_price":"","df_regular_price":5.99,"df_image_link":"https:\/\/aboland.nl\/wp-content\/uploads\/2023\/09\/voetbal-international-12-2023-233x300.webp","_links":{"self":[{"href":"https:\/\/aboland.nl\/en\/wp-json\/wp\/v2\/product\/289770","targetHints":{"allow":["GET"]}}],"collection":[{"href":"https:\/\/aboland.nl\/en\/wp-json\/wp\/v2\/product"}],"about":[{"href":"https:\/\/aboland.nl\/en\/wp-json\/wp\/v2\/types\/product"}],"replies":[{"embeddable":true,"href":"https:\/\/aboland.nl\/en\/wp-json\/wp\/v2\/comments?post=289770"}],"version-history":[{"count":0,"href":"https:\/\/aboland.nl\/en\/wp-json\/wp\/v2\/product\/289770\/revisions"}],"wp:featuredmedia":[{"embeddable":true,"href":"https:\/\/aboland.nl\/en\/wp-json\/wp\/v2\/media\/374271"}],"wp:attachment":[{"href":"https:\/\/aboland.nl\/en\/wp-json\/wp\/v2\/media?parent=289770"}],"wp:term":[{"taxonomy":"product_brand","embeddable":true,"href":"https:\/\/aboland.nl\/en\/wp-json\/wp\/v2\/product_brand?post=289770"},{"taxonomy":"product_cat","embeddable":true,"href":"https:\/\/aboland.nl\/en\/wp-json\/wp\/v2\/product_cat?post=289770"},{"taxonomy":"product_tag","embeddable":true,"href":"https:\/\/aboland.nl\/en\/wp-json\/wp\/v2\/product_tag?post=289770"}],"curies":[{"name":"wp","href":"https:\/\/api.w.org\/{rel}","templated":true}]}}