{"id":249217,"date":"2023-02-03T17:10:03","date_gmt":"2023-02-03T16:10:03","guid":{"rendered":"https:\/\/aboland.dk\/product\/meesterlijk-van-robert-38-2023\/"},"modified":"2026-03-16T02:01:40","modified_gmt":"2026-03-16T01:01:40","slug":"meesterlijk-van-robert-38-2023","status":"publish","type":"product","link":"https:\/\/aboland.nl\/en\/meesterlijk-van-robert-38-2023\/","title":{"rendered":"Meesterlijk van Rob\u00e8rt &#8211; 38 2023"},"content":{"rendered":"<h2>Over dit magazine:<\/h2>\n<p>Meesterlijk\u00a0van Rob\u00e8rt is h\u00e9t (thuis)bakblad van Rob\u00e8rt van Beckhoven, met de beste recepten en tips voor thuisbakkers. Laat je inspireren!<\/p>","protected":false},"excerpt":{"rendered":"<p>In deze editie:<\/p>\n<p>Bakken vanuit de basis: Desem &#8211; Een tafel vol glutenvrije lekkernijen &#8211; Spaanse glorie: Baskische cheesecake &#8211; Zoete \u00e9n hartige cake &#8211; Dikke mik met Gijs Staverman &#8211; Op bezoek bij de molenaar<\/p>","protected":false},"featured_media":382685,"comment_status":"open","ping_status":"closed","template":"","meta":{"_acf_changed":false,"_mo_disable_npp":""},"product_brand":[],"product_cat":[7897,7602,7585,7539,7512,7510,7898,7559],"product_tag":[],"class_list":{"0":"post-249217","1":"product","2":"type-product","3":"status-publish","4":"has-post-thumbnail","6":"product_cat-bakken","7":"product_cat-culinair-algemeen","8":"product_cat-eten","9":"product_cat-hobby-vrije-tijd","10":"product_cat-losse-tijdschriften","11":"product_cat-magazines","12":"product_cat-meesterlijk-van-robert","13":"product_cat-voeding-gezondheid","14":"pa_doelgroep-mannen","15":"pa_doelgroep-vrouwen","16":"pa_erotisch-tijdschrift-nee","17":"pa_taal-nederlands","18":"pa_thema-health-en-food","19":"pa_thema-hobby-en-vrije-tijd","20":"pa_tijdschrift-set-nee","21":"pa_type-tijdschrift-tweemaandelijks-blad","22":"pa_uitgever-meesterlijk-merk-b-v","24":"first","25":"instock","26":"taxable","27":"shipping-taxable","28":"purchasable","29":"product-type-simple"},"acf":[],"df_price":9.95,"df_sale_price":"","df_regular_price":9.95,"df_image_link":"https:\/\/aboland.nl\/wp-content\/uploads\/2023\/09\/meesterlijk-van-robert-38-2023-233x300.webp","_links":{"self":[{"href":"https:\/\/aboland.nl\/en\/wp-json\/wp\/v2\/product\/249217","targetHints":{"allow":["GET"]}}],"collection":[{"href":"https:\/\/aboland.nl\/en\/wp-json\/wp\/v2\/product"}],"about":[{"href":"https:\/\/aboland.nl\/en\/wp-json\/wp\/v2\/types\/product"}],"replies":[{"embeddable":true,"href":"https:\/\/aboland.nl\/en\/wp-json\/wp\/v2\/comments?post=249217"}],"version-history":[{"count":0,"href":"https:\/\/aboland.nl\/en\/wp-json\/wp\/v2\/product\/249217\/revisions"}],"wp:featuredmedia":[{"embeddable":true,"href":"https:\/\/aboland.nl\/en\/wp-json\/wp\/v2\/media\/382685"}],"wp:attachment":[{"href":"https:\/\/aboland.nl\/en\/wp-json\/wp\/v2\/media?parent=249217"}],"wp:term":[{"taxonomy":"product_brand","embeddable":true,"href":"https:\/\/aboland.nl\/en\/wp-json\/wp\/v2\/product_brand?post=249217"},{"taxonomy":"product_cat","embeddable":true,"href":"https:\/\/aboland.nl\/en\/wp-json\/wp\/v2\/product_cat?post=249217"},{"taxonomy":"product_tag","embeddable":true,"href":"https:\/\/aboland.nl\/en\/wp-json\/wp\/v2\/product_tag?post=249217"}],"curies":[{"name":"wp","href":"https:\/\/api.w.org\/{rel}","templated":true}]}}