{"id":210491,"date":"2022-10-08T09:29:12","date_gmt":"2022-10-08T07:29:12","guid":{"rendered":"https:\/\/aboland.dk\/product\/pakket-flair-flair-special-flair-herfstboek-40-2022\/"},"modified":"2024-02-17T03:13:27","modified_gmt":"2024-02-17T02:13:27","slug":"pakket-flair-flair-special-flair-herfstboek-40-2022","status":"publish","type":"product","link":"https:\/\/aboland.nl\/en\/pakket-flair-flair-special-flair-herfstboek-40-2022\/","title":{"rendered":"Pakket Flair + Flair Special &#8211; Flair + Herfstboek 40 2022"},"content":{"rendered":"","protected":false},"excerpt":{"rendered":"<p>In deze editie:<\/p>\n<p>Flair 40 2022: Yelene kreeg ineens een psychose: &#8216;Ik dacht dat ik kon vliegen en sprong van mijn balkon&#8217; &#8211; G\u00e9k van de dorpsroddels: &#8216;Ik v\u00f3\u00e9l de afkeuring en hoor ze smoezen&#8217; &#8211; Geheime liefdes: &#8216;In het fietsenhok kuste hij me vol op de mond&#8217;, &#8216;Ik zag nog niet hoe zijn hand onder haar rok verdween&#8217;, &#8216;We deden het zelfs op het toilet van school&#8217;, &#8216;Hij belde aan en vijf minuten later lagen we in mijn bed&#8217; &#8211; Hoe doet ze dat?! Lotte is 22 en verdient \u20ac4.230 netto &#8211; Opgebiecht: &#8216;Ik ben bang dat mijn zoon van 6 een seriemoordenaar in de dop is&#8217; &#8211; Openbaring: &#8216;Zij leerde me dat seks met een vrouw niet alleen zacht en poezelig is&#8217;<\/p>\n<p>Flair Herfstboek 2022: Relax &#8211; 148 pagina&#8217;s extra veel real life &#8211; Lifesavers: &#8216;Als Willeke geen alarm had geslagen, was ik er niet meer geweest &#8211; 4x zelfliefde: &#8216;Ik zie er misschien anders uit dan &#8216;de norm&#8217;, maar zit geweldig in mijn vel!&#8217; &#8211; Olala&#8230; &#8216;Zodra ik weg was, had hij seks met de oppas. In onze keuken&#8217;, &#8216;E\u00e9n keer ging ik vreemd. En meteen was ik zwanger&#8217;, &#8216;Hij leek de ideale man. Totdat ik een mes in mijn bed vond&#8230;&#8217;, &#8216;In de mail vond ik beelden van mijn man, spiernaakt, die met zichzelf speelde&#8217; &#8211; Wonen: 16 DIY-idee\u00ebn voor een stylish huis &#8211; Lezen: Superspannende thriller &#8211; Bakken: Appel-pecancake en choco-notentaart &#8211; Reizen: De 48 leukste Europatrips met de auto<\/p>","protected":false},"featured_media":386155,"comment_status":"open","ping_status":"closed","template":"","meta":{"_acf_changed":false,"_mo_disable_npp":""},"product_brand":[],"product_cat":[8301,8233],"product_tag":[],"class_list":{"0":"post-210491","1":"product","2":"type-product","3":"status-publish","4":"has-post-thumbnail","6":"product_cat-kerst","7":"product_cat-tijdschrift-pakketten","8":"pa_categorie-mode-lifestyle","10":"first","11":"outofstock","12":"taxable","13":"shipping-taxable","14":"purchasable","15":"product-type-simple"},"acf":[],"df_price":6.5,"df_sale_price":"","df_regular_price":6.5,"df_image_link":"https:\/\/aboland.nl\/wp-content\/uploads\/2023\/09\/pakket-flair-en-herfstboek-40-2022-233x300.webp","_links":{"self":[{"href":"https:\/\/aboland.nl\/en\/wp-json\/wp\/v2\/product\/210491","targetHints":{"allow":["GET"]}}],"collection":[{"href":"https:\/\/aboland.nl\/en\/wp-json\/wp\/v2\/product"}],"about":[{"href":"https:\/\/aboland.nl\/en\/wp-json\/wp\/v2\/types\/product"}],"replies":[{"embeddable":true,"href":"https:\/\/aboland.nl\/en\/wp-json\/wp\/v2\/comments?post=210491"}],"version-history":[{"count":0,"href":"https:\/\/aboland.nl\/en\/wp-json\/wp\/v2\/product\/210491\/revisions"}],"wp:featuredmedia":[{"embeddable":true,"href":"https:\/\/aboland.nl\/en\/wp-json\/wp\/v2\/media\/386155"}],"wp:attachment":[{"href":"https:\/\/aboland.nl\/en\/wp-json\/wp\/v2\/media?parent=210491"}],"wp:term":[{"taxonomy":"product_brand","embeddable":true,"href":"https:\/\/aboland.nl\/en\/wp-json\/wp\/v2\/product_brand?post=210491"},{"taxonomy":"product_cat","embeddable":true,"href":"https:\/\/aboland.nl\/en\/wp-json\/wp\/v2\/product_cat?post=210491"},{"taxonomy":"product_tag","embeddable":true,"href":"https:\/\/aboland.nl\/en\/wp-json\/wp\/v2\/product_tag?post=210491"}],"curies":[{"name":"wp","href":"https:\/\/api.w.org\/{rel}","templated":true}]}}