{"id":202131,"date":"2022-09-27T15:09:55","date_gmt":"2022-09-27T13:09:55","guid":{"rendered":"https:\/\/aboland.dk\/product\/auto-motor-und-sport-21-2022\/"},"modified":"2026-03-09T13:32:40","modified_gmt":"2026-03-09T12:32:40","slug":"auto-motor-und-sport-21-2022","status":"publish","type":"product","link":"https:\/\/aboland.nl\/en\/auto-motor-und-sport-21-2022\/","title":{"rendered":"Auto Motor und Sport &#8211; 21 2022"},"content":{"rendered":"<h2>\u00dcber dieses Magazin:<\/h2>\n<p>Hier finden Sie alles zum Thema Auto: ausf\u00fchrliche Tests, exklusive Erlk\u00f6nig-Bilder, Kaufberatung, alles zu Verkehr &amp; Politik, Formel 1 und aktuellen News.<\/p>","protected":false},"excerpt":{"rendered":"<p>In deze editie:<\/p>\n<p>Erster test: Porsche Cayman GT4 RS &#8211; Alfa Romeo Giulia &#8211; Fahrbericht Neuer BMW Dreier &#8211; Genesis G70 &#8211; Audi A4 &#8211; Mercedes C-Klasse &#8211; Test: Premium-Limousinen. Fantastische vier &#8211; Gebrauchte: Diese E-Autos gibt es &#8211; Studie: So umwelt-freundlich w\u00e4re autonomes Fahren &#8211; Technik: Wie sinnvoll sind groBe Batterien? &#8211; Neuheiten: Gefahren &amp; getestet: XPeng P7, Range Rover Sport, Lexus RX 500h, Mercedes E 450 Cabrio, Renault Clio X-Tronic &#8211; Kia ProCeed &#8211; Jubil\u00e4um: 50 Jahre BMW F\u00fcnfer &#8211; Starke Elektro-SUV: Ford Mustang Mach-E, Skoda Enyaq Coup\u00e9 RS &amp; VW ID.5 GTX &#8211; Werkst\u00e4tten-test: VW mit Licht und Schatten<\/p>","protected":false},"featured_media":379379,"comment_status":"open","ping_status":"closed","template":"","meta":{"_acf_changed":false,"_mo_disable_npp":""},"product_brand":[],"product_cat":[7529,7570,7530,7512,7510],"product_tag":[],"class_list":{"0":"post-202131","1":"product","2":"type-product","3":"status-publish","4":"has-post-thumbnail","6":"product_cat-auto-vervoer","7":"product_cat-auto-motor-und-sport","8":"product_cat-autos","9":"product_cat-losse-tijdschriften","10":"product_cat-magazines","11":"pa_doelgroep-mannen","12":"pa_erotisch-tijdschrift-nee","13":"pa_taal-duits","14":"pa_thema-autos-en-motoren","15":"pa_tijdschrift-set-nee","16":"pa_type-tijdschrift-maandblad","18":"first","19":"instock","20":"taxable","21":"shipping-taxable","22":"purchasable","23":"product-type-simple"},"acf":[],"df_price":5.6,"df_sale_price":"","df_regular_price":5.6,"df_image_link":"https:\/\/aboland.nl\/wp-content\/uploads\/2023\/09\/auto-motor-und-sport-21-2022-233x300.webp","_links":{"self":[{"href":"https:\/\/aboland.nl\/en\/wp-json\/wp\/v2\/product\/202131","targetHints":{"allow":["GET"]}}],"collection":[{"href":"https:\/\/aboland.nl\/en\/wp-json\/wp\/v2\/product"}],"about":[{"href":"https:\/\/aboland.nl\/en\/wp-json\/wp\/v2\/types\/product"}],"replies":[{"embeddable":true,"href":"https:\/\/aboland.nl\/en\/wp-json\/wp\/v2\/comments?post=202131"}],"version-history":[{"count":0,"href":"https:\/\/aboland.nl\/en\/wp-json\/wp\/v2\/product\/202131\/revisions"}],"wp:featuredmedia":[{"embeddable":true,"href":"https:\/\/aboland.nl\/en\/wp-json\/wp\/v2\/media\/379379"}],"wp:attachment":[{"href":"https:\/\/aboland.nl\/en\/wp-json\/wp\/v2\/media?parent=202131"}],"wp:term":[{"taxonomy":"product_brand","embeddable":true,"href":"https:\/\/aboland.nl\/en\/wp-json\/wp\/v2\/product_brand?post=202131"},{"taxonomy":"product_cat","embeddable":true,"href":"https:\/\/aboland.nl\/en\/wp-json\/wp\/v2\/product_cat?post=202131"},{"taxonomy":"product_tag","embeddable":true,"href":"https:\/\/aboland.nl\/en\/wp-json\/wp\/v2\/product_tag?post=202131"}],"curies":[{"name":"wp","href":"https:\/\/api.w.org\/{rel}","templated":true}]}}