{"id":201431,"date":"2022-08-27T10:56:52","date_gmt":"2022-08-27T08:56:52","guid":{"rendered":"https:\/\/aboland.dk\/product\/auto-motor-und-sport-19-2022\/"},"modified":"2026-02-25T15:48:19","modified_gmt":"2026-02-25T14:48:19","slug":"auto-motor-und-sport-19-2022","status":"publish","type":"product","link":"https:\/\/aboland.nl\/en\/auto-motor-und-sport-19-2022\/","title":{"rendered":"Auto Motor und Sport &#8211; 19 2022"},"content":{"rendered":"<h2>\u00dcber dieses Magazin:<\/h2>\n<p>Hier finden Sie alles zum Thema Auto: ausf\u00fchrliche Tests, exklusive Erlk\u00f6nig-Bilder, Kaufberatung, alles zu Verkehr &amp; Politik, Formel 1 und aktuellen News.<\/p>","protected":false},"excerpt":{"rendered":"<p>In deze editie:<\/p>\n<p>Report: Warum wir viel zu wenig Lades\u00e4ulen bauen &#8211; Exklusiv: So f\u00e4hrt der str\u00e4rkste AMG aller Zeiten &#8211; Kompakt und gut: Kia Niro &#8211; Frisch und praktisch: Opel Astra Sports Tourer &#8211; H\u00fcbsch und elektrisch: VW ID. Buzz &#8211; Schnell und begehrt: Porsche 911 GT3 RS &#8211; Aufgewertet: BMW X1 &#8211; Modernisiert: Mercedes GLC &#8211; HeiBe Hatchbacks: Cupra Leon VZ gegen Hyundai i30 N, Renault M\u00e9gane R.S. und VW Golf GTI &#8211; Premium-PHEV-SUV: Volvo XC60 gegen Land Rover Discovery Sport &#8211; Edle Viert\u00fcrer-Coup\u00e9s: Audi A7 55 TFSI gegen BMW 840i &#8211; Gebrachtberatung: Opel Corsa &#8211; R\u00fcckblick: 100 Jahre Monza &#8211; Impression: Ferrari Daytona SP3<\/p>","protected":false},"featured_media":379330,"comment_status":"open","ping_status":"closed","template":"","meta":{"_acf_changed":false,"_mo_disable_npp":""},"product_brand":[],"product_cat":[7529,7570,7530,7512,7510],"product_tag":[],"class_list":{"0":"post-201431","1":"product","2":"type-product","3":"status-publish","4":"has-post-thumbnail","6":"product_cat-auto-vervoer","7":"product_cat-auto-motor-und-sport","8":"product_cat-autos","9":"product_cat-losse-tijdschriften","10":"product_cat-magazines","11":"pa_doelgroep-mannen","12":"pa_erotisch-tijdschrift-nee","13":"pa_taal-duits","14":"pa_thema-autos-en-motoren","15":"pa_tijdschrift-set-nee","16":"pa_type-tijdschrift-maandblad","18":"first","19":"instock","20":"taxable","21":"shipping-taxable","22":"purchasable","23":"product-type-simple"},"acf":[],"df_price":4.5,"df_sale_price":"","df_regular_price":4.5,"df_image_link":"https:\/\/aboland.nl\/wp-content\/uploads\/2023\/09\/automotor-und-sport-19-2022-233x300.webp","_links":{"self":[{"href":"https:\/\/aboland.nl\/en\/wp-json\/wp\/v2\/product\/201431","targetHints":{"allow":["GET"]}}],"collection":[{"href":"https:\/\/aboland.nl\/en\/wp-json\/wp\/v2\/product"}],"about":[{"href":"https:\/\/aboland.nl\/en\/wp-json\/wp\/v2\/types\/product"}],"replies":[{"embeddable":true,"href":"https:\/\/aboland.nl\/en\/wp-json\/wp\/v2\/comments?post=201431"}],"version-history":[{"count":0,"href":"https:\/\/aboland.nl\/en\/wp-json\/wp\/v2\/product\/201431\/revisions"}],"wp:featuredmedia":[{"embeddable":true,"href":"https:\/\/aboland.nl\/en\/wp-json\/wp\/v2\/media\/379330"}],"wp:attachment":[{"href":"https:\/\/aboland.nl\/en\/wp-json\/wp\/v2\/media?parent=201431"}],"wp:term":[{"taxonomy":"product_brand","embeddable":true,"href":"https:\/\/aboland.nl\/en\/wp-json\/wp\/v2\/product_brand?post=201431"},{"taxonomy":"product_cat","embeddable":true,"href":"https:\/\/aboland.nl\/en\/wp-json\/wp\/v2\/product_cat?post=201431"},{"taxonomy":"product_tag","embeddable":true,"href":"https:\/\/aboland.nl\/en\/wp-json\/wp\/v2\/product_tag?post=201431"}],"curies":[{"name":"wp","href":"https:\/\/api.w.org\/{rel}","templated":true}]}}