{"id":198925,"date":"2022-07-06T17:11:49","date_gmt":"2022-07-06T15:11:49","guid":{"rendered":"https:\/\/aboland.dk\/product\/piloot-en-vliegtuig-07-2022\/"},"modified":"2024-06-08T13:56:45","modified_gmt":"2024-06-08T11:56:45","slug":"piloot-en-vliegtuig-07-2022","status":"publish","type":"product","link":"https:\/\/aboland.nl\/en\/piloot-en-vliegtuig-07-2022\/","title":{"rendered":"Piloot en vliegtuig &#8211; 07 2022"},"content":{"rendered":"<h2>Over dit magazine:<\/h2>\n<p>Het magazine Piloot en Vliegtuig is het grootste en meest complete luchtvaartmagazine in de Benelux. Het magazine richt zich niet alleen op professionals in de luchtvaartsector, van piloten (in opleiding) tot technici, maar ook op alle liefhebbers van vliegen en vliegtuigen!<\/p>","protected":false},"excerpt":{"rendered":"<p>In deze editie:<\/p>\n<p>Launcherone eerste lancering in Europa &#8211; Verslag Ebace 2022 &#8211; We willen n\u00f3g groter, n\u00f3g sneller en n\u00f3g verder &#8211; Op pad met de socata TB9 &#8211; Colmar, een erg mooie stad maar soms n\u00e9t iets te ver<\/p>","protected":false},"featured_media":384516,"comment_status":"open","ping_status":"closed","template":"","meta":{"_acf_changed":false,"_mo_disable_npp":""},"product_brand":[],"product_cat":[7529,7512,7974,7510,7975],"product_tag":[],"class_list":{"0":"post-198925","1":"product","2":"type-product","3":"status-publish","4":"has-post-thumbnail","6":"product_cat-auto-vervoer","7":"product_cat-losse-tijdschriften","8":"product_cat-luchtvaart","9":"product_cat-magazines","10":"product_cat-piloot-en-vliegtuig","11":"pa_doelgroep-mannen","12":"pa_doelgroep-vrouwen","13":"pa_erotisch-tijdschrift-nee","14":"pa_taal-nederlands","15":"pa_thema-kennis-en-wetenschap","16":"pa_tijdschrift-set-nee","17":"pa_type-tijdschrift-maandblad","19":"first","20":"instock","21":"taxable","22":"shipping-taxable","23":"purchasable","24":"product-type-simple"},"acf":[],"df_price":10.95,"df_sale_price":"","df_regular_price":10.95,"df_image_link":"https:\/\/aboland.nl\/wp-content\/uploads\/2023\/09\/piloot-en-vliegtuig-07-2022-233x300.webp","_links":{"self":[{"href":"https:\/\/aboland.nl\/en\/wp-json\/wp\/v2\/product\/198925","targetHints":{"allow":["GET"]}}],"collection":[{"href":"https:\/\/aboland.nl\/en\/wp-json\/wp\/v2\/product"}],"about":[{"href":"https:\/\/aboland.nl\/en\/wp-json\/wp\/v2\/types\/product"}],"replies":[{"embeddable":true,"href":"https:\/\/aboland.nl\/en\/wp-json\/wp\/v2\/comments?post=198925"}],"version-history":[{"count":0,"href":"https:\/\/aboland.nl\/en\/wp-json\/wp\/v2\/product\/198925\/revisions"}],"wp:featuredmedia":[{"embeddable":true,"href":"https:\/\/aboland.nl\/en\/wp-json\/wp\/v2\/media\/384516"}],"wp:attachment":[{"href":"https:\/\/aboland.nl\/en\/wp-json\/wp\/v2\/media?parent=198925"}],"wp:term":[{"taxonomy":"product_brand","embeddable":true,"href":"https:\/\/aboland.nl\/en\/wp-json\/wp\/v2\/product_brand?post=198925"},{"taxonomy":"product_cat","embeddable":true,"href":"https:\/\/aboland.nl\/en\/wp-json\/wp\/v2\/product_cat?post=198925"},{"taxonomy":"product_tag","embeddable":true,"href":"https:\/\/aboland.nl\/en\/wp-json\/wp\/v2\/product_tag?post=198925"}],"curies":[{"name":"wp","href":"https:\/\/api.w.org\/{rel}","templated":true}]}}