{"id":196797,"date":"2022-07-01T20:30:40","date_gmt":"2022-07-01T18:30:40","guid":{"rendered":"https:\/\/aboland.dk\/product\/perswijn-08-2019\/"},"modified":"2024-06-14T14:44:42","modified_gmt":"2024-06-14T12:44:42","slug":"perswijn-08-2019","status":"publish","type":"product","link":"https:\/\/aboland.nl\/en\/perswijn-08-2019\/","title":{"rendered":"Perswijn &#8211; 08 2019"},"content":{"rendered":"<h2>Over dit magazine:<\/h2>\n<p>Perswijn\u00a0magazine is h\u00e9t toonaangevende wijnmagazine voor wijnliefhebbers en wijnprofessionals in Nederland en Belgi\u00eb.<\/p>","protected":false},"excerpt":{"rendered":"<h2>In deze editie:<\/h2>\n<p>Onze wijnhelden van 2019 &#8211; Wijn zonder alcohol &#8211; Bordeaux 2019 st\u00e1\u00e1t &#8211; 3 druiven uit Zuid-Afrika &#8211; Wat doet Malo met wijn &#8211; Tweeling in Galici\u00eb &#8211; Geproefd &#8211; Neem het ervan met betaalbare Champagne Brut &#8211; Modern Nieuw-Zeeland: Lekker veel variatie! &#8211; Fijne (en niet eens dure) verrassingen uit 2019 &#8211; Rood uit Bolgheri en IGP Toscane is stoer, elegant en altijd interessant &#8211; Zoet of droog, Muscat levert krachtige kwaliteit<\/p>","protected":false},"featured_media":370564,"comment_status":"open","ping_status":"closed","template":"","meta":{"_acf_changed":false,"_mo_disable_npp":""},"product_brand":[],"product_cat":[7602,7599,7512,7510,7970,7559,7971],"product_tag":[],"class_list":{"0":"post-196797","1":"product","2":"type-product","3":"status-publish","4":"has-post-thumbnail","6":"product_cat-culinair-algemeen","7":"product_cat-drinken","8":"product_cat-losse-tijdschriften","9":"product_cat-magazines","10":"product_cat-perswijn","11":"product_cat-voeding-gezondheid","12":"product_cat-wijn","13":"pa_doelgroep-mannen","14":"pa_doelgroep-vrouwen","15":"pa_erotisch-tijdschrift-nee","16":"pa_taal-nederlands","17":"pa_thema-health-en-food","18":"pa_tijdschrift-set-nee","19":"pa_type-tijdschrift-tweemaandelijks-blad","20":"pa_uitgever-abonnementenland","22":"first","23":"outofstock","24":"taxable","25":"shipping-taxable","26":"purchasable","27":"product-type-simple"},"acf":[],"df_price":9.95,"df_sale_price":"","df_regular_price":9.95,"df_image_link":"https:\/\/aboland.nl\/wp-content\/uploads\/2023\/08\/perswijn208-2019-233x300.webp","_links":{"self":[{"href":"https:\/\/aboland.nl\/en\/wp-json\/wp\/v2\/product\/196797","targetHints":{"allow":["GET"]}}],"collection":[{"href":"https:\/\/aboland.nl\/en\/wp-json\/wp\/v2\/product"}],"about":[{"href":"https:\/\/aboland.nl\/en\/wp-json\/wp\/v2\/types\/product"}],"replies":[{"embeddable":true,"href":"https:\/\/aboland.nl\/en\/wp-json\/wp\/v2\/comments?post=196797"}],"version-history":[{"count":0,"href":"https:\/\/aboland.nl\/en\/wp-json\/wp\/v2\/product\/196797\/revisions"}],"wp:featuredmedia":[{"embeddable":true,"href":"https:\/\/aboland.nl\/en\/wp-json\/wp\/v2\/media\/370564"}],"wp:attachment":[{"href":"https:\/\/aboland.nl\/en\/wp-json\/wp\/v2\/media?parent=196797"}],"wp:term":[{"taxonomy":"product_brand","embeddable":true,"href":"https:\/\/aboland.nl\/en\/wp-json\/wp\/v2\/product_brand?post=196797"},{"taxonomy":"product_cat","embeddable":true,"href":"https:\/\/aboland.nl\/en\/wp-json\/wp\/v2\/product_cat?post=196797"},{"taxonomy":"product_tag","embeddable":true,"href":"https:\/\/aboland.nl\/en\/wp-json\/wp\/v2\/product_tag?post=196797"}],"curies":[{"name":"wp","href":"https:\/\/api.w.org\/{rel}","templated":true}]}}