{"id":852660,"date":"2026-05-08T14:37:35","date_gmt":"2026-05-08T12:37:35","guid":{"rendered":"https:\/\/aboland.nl\/?post_type=product&#038;p=852660"},"modified":"2026-05-12T03:02:45","modified_gmt":"2026-05-12T01:02:45","slug":"vol-magazine-01-2026","status":"publish","type":"product","link":"https:\/\/aboland.nl\/de\/vol-magazine-01-2026\/","title":{"rendered":"VOL magazine &#8211; 01 2026"},"content":{"rendered":"<h2>Over dit magazine:<\/h2>\n<p>Het magazine voor de curvy vrouw.<\/p>","protected":false},"excerpt":{"rendered":"<h2>In deze editie:<\/h2>\n<div data-test-render-count=\"1\">\n<div class=\"group\">\n<div class=\"contents\">\n<div class=\"group relative relative pb-3\" data-is-streaming=\"false\">\n<div class=\"font-claude-response relative leading-[1.65rem] [&amp;_pre&gt;div]:bg-bg-000\/50 [&amp;_pre&gt;div]:border-0.5 [&amp;_pre&gt;div]:border-border-400 [&amp;_.ignore-pre-bg&gt;div]:bg-transparent [&amp;_.standard-markdown_:is(p,blockquote,h1,h2,h3,h4,h5,h6)]:pl-2 [&amp;_.standard-markdown_:is(p,blockquote,ul,ol,h1,h2,h3,h4,h5,h6)]:pr-8 [&amp;_.progressive-markdown_:is(p,blockquote,h1,h2,h3,h4,h5,h6)]:pl-2 [&amp;_.progressive-markdown_:is(p,blockquote,ul,ol,h1,h2,h3,h4,h5,h6)]:pr-8\">\n<div>\n<div class=\"standard-markdown grid-cols-1 grid [&amp;_&gt;_*]:min-w-0 gap-3 standard-markdown\">\n<p class=\"font-claude-response-body break-words whitespace-normal leading-[1.7]\">F\u00e9micide 3 vrouwen, 1 verhaal &#8211; Binge eating disorder wat je moet weten &#8211; Lust met goedkeuring \u00e9\u00e9n vrouw, twee mannen &#8211; Lente zomer vrij om te stralen &#8211; Mode in powerlooks &#8211; Kleurrijk, vrolijk, eigenwijs &#8211; Sun, fun, bikini on<\/p>\n<\/div>\n<\/div>\n<\/div>\n<\/div>\n<\/div>\n<\/div>\n<\/div>\n","protected":false},"featured_media":852661,"comment_status":"open","ping_status":"closed","template":"","meta":{"_acf_changed":false,"_mo_disable_npp":""},"product_brand":[],"product_cat":[7560,7512,7510,7777,7513,7559,8345,7514,7515],"product_tag":[],"class_list":{"0":"post-852660","1":"product","2":"type-product","3":"status-publish","4":"has-post-thumbnail","6":"product_cat-lichaam-geest","7":"product_cat-losse-tijdschriften","8":"product_cat-magazines","9":"product_cat-mode","10":"product_cat-mode-lifestyle","11":"product_cat-voeding-gezondheid","12":"product_cat-vol","13":"product_cat-vrouw","14":"product_cat-vrouw-algemeen","15":"pa_doelgroep-mannen","16":"pa_doelgroep-vrouwen","17":"pa_erotisch-tijdschrift-nee","18":"pa_jaar-uitgave-8702","19":"pa_taal-nederlands","20":"pa_thema-lichaam-en-geest","21":"pa_tijdschrift-set-nee","22":"pa_uitgever-egos-models","24":"first","25":"instock","26":"taxable","27":"shipping-taxable","28":"purchasable","29":"product-type-simple"},"acf":[],"df_price":7.99,"df_sale_price":"","df_regular_price":7.99,"df_image_link":"https:\/\/aboland.nl\/wp-content\/uploads\/2026\/05\/vol-magazine-01-2026-237x300.webp","_links":{"self":[{"href":"https:\/\/aboland.nl\/de\/wp-json\/wp\/v2\/product\/852660","targetHints":{"allow":["GET"]}}],"collection":[{"href":"https:\/\/aboland.nl\/de\/wp-json\/wp\/v2\/product"}],"about":[{"href":"https:\/\/aboland.nl\/de\/wp-json\/wp\/v2\/types\/product"}],"replies":[{"embeddable":true,"href":"https:\/\/aboland.nl\/de\/wp-json\/wp\/v2\/comments?post=852660"}],"version-history":[{"count":0,"href":"https:\/\/aboland.nl\/de\/wp-json\/wp\/v2\/product\/852660\/revisions"}],"wp:featuredmedia":[{"embeddable":true,"href":"https:\/\/aboland.nl\/de\/wp-json\/wp\/v2\/media\/852661"}],"wp:attachment":[{"href":"https:\/\/aboland.nl\/de\/wp-json\/wp\/v2\/media?parent=852660"}],"wp:term":[{"taxonomy":"product_brand","embeddable":true,"href":"https:\/\/aboland.nl\/de\/wp-json\/wp\/v2\/product_brand?post=852660"},{"taxonomy":"product_cat","embeddable":true,"href":"https:\/\/aboland.nl\/de\/wp-json\/wp\/v2\/product_cat?post=852660"},{"taxonomy":"product_tag","embeddable":true,"href":"https:\/\/aboland.nl\/de\/wp-json\/wp\/v2\/product_tag?post=852660"}],"curies":[{"name":"wp","href":"https:\/\/api.w.org\/{rel}","templated":true}]}}