{"id":849601,"date":"2026-04-30T13:14:50","date_gmt":"2026-04-30T11:14:50","guid":{"rendered":"https:\/\/aboland.nl\/product\/pakket-seasons-landidee-04-2026\/"},"modified":"2026-05-07T03:10:50","modified_gmt":"2026-05-07T01:10:50","slug":"pakket-seasons-landidee-04-2026","status":"publish","type":"product","link":"https:\/\/aboland.nl\/de\/pakket-seasons-landidee-04-2026\/","title":{"rendered":"Pakket Seasons + Landidee &#8211; 04 2026"},"content":{"rendered":"<h2>Over dit pakket:<\/h2>\n<p>Seasons: Bij Seasons staat alles in het teken van authentiek, landelijk leven. Elke editie van Seasons staat boordevol inspiratie en praktische tips over interieur en styling, tuinen, koken en bijzondere reizen. Alles in en rond het seizoen. Koken op basis van verse oogst van het land; De allermooiste moes- en siertuinen en de laatste interieur- en stijltrends. De meest bijzondere plekken en logeeradressen midden in de natuur.<\/p>\n<p>Landidee: Wil je genieten van het binnen- en buitenleven? LandIdee is een mooi en informatief lifestylemagazine boordevol tips en idee\u00ebn voor iedereen die wil genieten van het binnen-en buitenleven. Ge\u00efnspireerd door de seizoenen. Met veel aandacht voor natuur, ambachten, creatieve idee\u00ebn, tuinieren, verse recepten, interieur en gezondheid. Geniet meer van het leven met LandIdee.<\/p>","protected":false},"excerpt":{"rendered":"<h2>In deze editie:<\/h2>\n<p>Seasons 04 2026 &amp; Landidee 04 2026 samen in \u00e9\u00e9n voordelig pakket<\/p>","protected":false},"featured_media":849602,"comment_status":"open","ping_status":"closed","template":"","meta":{"_acf_changed":false,"_mo_disable_npp":""},"product_brand":[],"product_cat":[7663,7866,7510,8036,7566],"product_tag":[],"class_list":{"0":"post-849601","1":"product","2":"type-product","3":"status-publish","4":"has-post-thumbnail","6":"product_cat-huis-tuin","7":"product_cat-landidee","8":"product_cat-magazines","9":"product_cat-seasons","10":"product_cat-wonen-tuinieren","11":"pa_doelgroep-mannen","12":"pa_doelgroep-vrouwen","13":"pa_erotisch-tijdschrift-nee","14":"pa_jaar-uitgave-8702","15":"pa_taal-nederlands","16":"pa_thema-huis-en-tuin","17":"pa_tijdschrift-set-ja","18":"pa_type-tijdschrift-pakket","20":"first","21":"instock","22":"taxable","23":"shipping-taxable","24":"purchasable","25":"product-type-simple"},"acf":[],"df_price":12.95,"df_sale_price":"","df_regular_price":12.95,"df_image_link":"https:\/\/aboland.nl\/wp-content\/uploads\/2026\/05\/pakket-seasons-en-landidee-04-2026-219x300.webp","_links":{"self":[{"href":"https:\/\/aboland.nl\/de\/wp-json\/wp\/v2\/product\/849601","targetHints":{"allow":["GET"]}}],"collection":[{"href":"https:\/\/aboland.nl\/de\/wp-json\/wp\/v2\/product"}],"about":[{"href":"https:\/\/aboland.nl\/de\/wp-json\/wp\/v2\/types\/product"}],"replies":[{"embeddable":true,"href":"https:\/\/aboland.nl\/de\/wp-json\/wp\/v2\/comments?post=849601"}],"version-history":[{"count":0,"href":"https:\/\/aboland.nl\/de\/wp-json\/wp\/v2\/product\/849601\/revisions"}],"wp:featuredmedia":[{"embeddable":true,"href":"https:\/\/aboland.nl\/de\/wp-json\/wp\/v2\/media\/849602"}],"wp:attachment":[{"href":"https:\/\/aboland.nl\/de\/wp-json\/wp\/v2\/media?parent=849601"}],"wp:term":[{"taxonomy":"product_brand","embeddable":true,"href":"https:\/\/aboland.nl\/de\/wp-json\/wp\/v2\/product_brand?post=849601"},{"taxonomy":"product_cat","embeddable":true,"href":"https:\/\/aboland.nl\/de\/wp-json\/wp\/v2\/product_cat?post=849601"},{"taxonomy":"product_tag","embeddable":true,"href":"https:\/\/aboland.nl\/de\/wp-json\/wp\/v2\/product_tag?post=849601"}],"curies":[{"name":"wp","href":"https:\/\/api.w.org\/{rel}","templated":true}]}}