{"id":836957,"date":"2026-03-28T11:41:21","date_gmt":"2026-03-28T10:41:21","guid":{"rendered":"https:\/\/aboland.nl\/?post_type=product&p=836957"},"modified":"2026-03-28T02:04:51","modified_gmt":"2026-03-28T01:04:51","slug":"meesterlijk-van-robert-57-2026","status":"publish","type":"product","link":"https:\/\/aboland.nl\/de\/meesterlijk-van-robert-57-2026\/","title":{"rendered":"Meesterlijk van Rob\u00e8rt &#8211; 57 2026"},"content":{"rendered":"<h2>Over dit magazine:<\/h2>\n<p>Meesterlijk\u00a0van Rob\u00e8rt is h\u00e9t (thuis)bakblad van Rob\u00e8rt van Beckhoven, met de beste recepten en tips voor thuisbakkers. Laat je inspireren!<\/p>","protected":false},"excerpt":{"rendered":"<h2>In deze editie:<\/h2>\n<p>Koninklijk tintje &#8211; Het (thuis)bakblad van Nederlan<\/p>","protected":false},"featured_media":836958,"comment_status":"open","ping_status":"closed","template":"","meta":{"_acf_changed":false,"_mo_disable_npp":""},"product_brand":[],"product_cat":[7897,7602,7585,7539,8301,7512,7510,7898,7559],"product_tag":[],"class_list":{"0":"post-836957","1":"product","2":"type-product","3":"status-publish","4":"has-post-thumbnail","6":"product_cat-bakken","7":"product_cat-culinair-algemeen","8":"product_cat-eten","9":"product_cat-hobby-vrije-tijd","10":"product_cat-kerst","11":"product_cat-losse-tijdschriften","12":"product_cat-magazines","13":"product_cat-meesterlijk-van-robert","14":"product_cat-voeding-gezondheid","15":"pa_doelgroep-mannen","16":"pa_doelgroep-vrouwen","17":"pa_erotisch-tijdschrift-nee","18":"pa_jaar-uitgave-8702","19":"pa_taal-nederlands","20":"pa_thema-health-en-food","21":"pa_thema-hobby-en-vrije-tijd","22":"pa_tijdschrift-set-nee","23":"pa_type-tijdschrift-tweemaandelijks-blad","24":"pa_uitgever-meesterlijk-merk-b-v","26":"first","27":"instock","28":"taxable","29":"shipping-taxable","30":"purchasable","31":"product-type-simple"},"acf":[],"df_price":9.95,"df_sale_price":"","df_regular_price":9.95,"df_image_link":"https:\/\/aboland.nl\/wp-content\/uploads\/2026\/03\/meesterlijk-57-2026-249x300.webp","_links":{"self":[{"href":"https:\/\/aboland.nl\/de\/wp-json\/wp\/v2\/product\/836957","targetHints":{"allow":["GET"]}}],"collection":[{"href":"https:\/\/aboland.nl\/de\/wp-json\/wp\/v2\/product"}],"about":[{"href":"https:\/\/aboland.nl\/de\/wp-json\/wp\/v2\/types\/product"}],"replies":[{"embeddable":true,"href":"https:\/\/aboland.nl\/de\/wp-json\/wp\/v2\/comments?post=836957"}],"version-history":[{"count":0,"href":"https:\/\/aboland.nl\/de\/wp-json\/wp\/v2\/product\/836957\/revisions"}],"wp:featuredmedia":[{"embeddable":true,"href":"https:\/\/aboland.nl\/de\/wp-json\/wp\/v2\/media\/836958"}],"wp:attachment":[{"href":"https:\/\/aboland.nl\/de\/wp-json\/wp\/v2\/media?parent=836957"}],"wp:term":[{"taxonomy":"product_brand","embeddable":true,"href":"https:\/\/aboland.nl\/de\/wp-json\/wp\/v2\/product_brand?post=836957"},{"taxonomy":"product_cat","embeddable":true,"href":"https:\/\/aboland.nl\/de\/wp-json\/wp\/v2\/product_cat?post=836957"},{"taxonomy":"product_tag","embeddable":true,"href":"https:\/\/aboland.nl\/de\/wp-json\/wp\/v2\/product_tag?post=836957"}],"curies":[{"name":"wp","href":"https:\/\/api.w.org\/{rel}","templated":true}]}}