{"id":833922,"date":"2026-03-12T11:55:54","date_gmt":"2026-03-12T10:55:54","guid":{"rendered":"https:\/\/aboland.nl\/?post_type=product&#038;p=833922"},"modified":"2026-05-08T03:02:51","modified_gmt":"2026-05-08T01:02:51","slug":"awater-winter-2026","status":"publish","type":"product","link":"https:\/\/aboland.nl\/de\/awater-winter-2026\/","title":{"rendered":"Awater &#8211; winter 2026"},"content":{"rendered":"<h2>Over dit magazine:<\/h2>\n<p>Awater is het grootste poezie tijdschrift van Nederland. In dit tijdschrift vindt u nieuws, achtergronden en recensies over po\u00ebzie.<\/p>","protected":false},"excerpt":{"rendered":"<h2>In deze editie:<\/h2>\n<p>In het winternummer van Awater een interview door debutant Myriem El-Kaddouri met haar voorbeeld, de nieuwe Dichter der Nederlanden Nisrine Mbarki Ben Ayad. Esther Jansma wint postuum de Awater Po\u00ebzieprijs. Ingmar Heytze screef een ode aan &#8216;Het Liegend Konijn&#8217;. Nico Stolk en Niels Bongers verstrippen Ellen Deckwitz. En recensies van bundels van onder meer Sara de Koning, Jeroen van Kan, Maxime Garcia Diaz, Tomas Lieske, Peter Verhelst en Lucas Hirsch. En natuurlijk de Awater Top 6, de Po\u00ebzieTop 15, de lijst met nieuw verschenen titels, de Po\u00ebzie-agenda en de Po\u00ebzieclubkeuze: deze keer Els Moors met\u00a0<em>Voer voor struikrovers<\/em><i>.<\/i><\/p>","protected":false},"featured_media":833923,"comment_status":"open","ping_status":"closed","template":"","meta":{"_acf_changed":false,"_mo_disable_npp":""},"product_brand":[],"product_cat":[7575,7576,7544,7577,7512,7510],"product_tag":[],"class_list":{"0":"post-833922","1":"product","2":"type-product","3":"status-publish","4":"has-post-thumbnail","6":"product_cat-awater","7":"product_cat-cultuur","8":"product_cat-kennis-wetenschap","9":"product_cat-kunst","10":"product_cat-losse-tijdschriften","11":"product_cat-magazines","12":"pa_doelgroep-mannen","13":"pa_doelgroep-vrouwen","14":"pa_erotisch-tijdschrift-nee","15":"pa_taal-nederlands","16":"pa_thema-kunst-en-cultuur","17":"pa_tijdschrift-set-nee","18":"pa_type-tijdschrift-tweemaandelijks-blad","20":"first","21":"instock","22":"taxable","23":"shipping-taxable","24":"purchasable","25":"product-type-simple"},"acf":[],"df_price":10,"df_sale_price":"","df_regular_price":10,"df_image_link":"https:\/\/aboland.nl\/wp-content\/uploads\/2026\/03\/awater-01-2026-232x300.jpg","_links":{"self":[{"href":"https:\/\/aboland.nl\/de\/wp-json\/wp\/v2\/product\/833922","targetHints":{"allow":["GET"]}}],"collection":[{"href":"https:\/\/aboland.nl\/de\/wp-json\/wp\/v2\/product"}],"about":[{"href":"https:\/\/aboland.nl\/de\/wp-json\/wp\/v2\/types\/product"}],"replies":[{"embeddable":true,"href":"https:\/\/aboland.nl\/de\/wp-json\/wp\/v2\/comments?post=833922"}],"version-history":[{"count":0,"href":"https:\/\/aboland.nl\/de\/wp-json\/wp\/v2\/product\/833922\/revisions"}],"wp:featuredmedia":[{"embeddable":true,"href":"https:\/\/aboland.nl\/de\/wp-json\/wp\/v2\/media\/833923"}],"wp:attachment":[{"href":"https:\/\/aboland.nl\/de\/wp-json\/wp\/v2\/media?parent=833922"}],"wp:term":[{"taxonomy":"product_brand","embeddable":true,"href":"https:\/\/aboland.nl\/de\/wp-json\/wp\/v2\/product_brand?post=833922"},{"taxonomy":"product_cat","embeddable":true,"href":"https:\/\/aboland.nl\/de\/wp-json\/wp\/v2\/product_cat?post=833922"},{"taxonomy":"product_tag","embeddable":true,"href":"https:\/\/aboland.nl\/de\/wp-json\/wp\/v2\/product_tag?post=833922"}],"curies":[{"name":"wp","href":"https:\/\/api.w.org\/{rel}","templated":true}]}}