{"id":818896,"date":"2026-02-07T13:14:46","date_gmt":"2026-02-07T12:14:46","guid":{"rendered":"https:\/\/aboland.nl\/?post_type=product&#038;p=818896"},"modified":"2026-02-28T02:09:47","modified_gmt":"2026-02-28T01:09:47","slug":"bike-explorer-01-2026","status":"publish","type":"product","link":"https:\/\/aboland.nl\/de\/bike-explorer-01-2026\/","title":{"rendered":"Bike Explorer &#8211; 01 2026"},"content":{"rendered":"<h2>Over dit magazine:<\/h2>\n<p>BIKE <em>explorer<\/em>, h\u00e9t tijdschrift voor mensen die van fietsen houden. Veel aandacht voor (bijzondere) routes in met name Europa en soms daarbuiten. Bike Explorer richt zich op fietsers die graag willen ontdekken, van dagtochten tot lange fietsvakanties en onderweg genieten van cultuur, natuur en bezienswaardigheden. Natuurlijk worden nieuwe fietsen en accessoires uitgebreid gesignaleerd en getest door de redactie. Het fotowerk is spectaculair.<\/p>","protected":false},"excerpt":{"rendered":"<h2>In deze editie:<\/h2>\n<p>Genomineerden fietsroute van het jaar: La V\u00e9lid\u00e9ale, La Voie Bleue en Ode aan de Achterhoek &#8211; V\u00e4lkomna in Duitsland: Gravelparadijs in ongerepte Zweedse natuur &#8211; Op zoek naar een nieuwe fiets? Hier let je op bij de aankoop<\/p>","protected":false},"featured_media":818897,"comment_status":"open","ping_status":"closed","template":"","meta":{"_acf_changed":false,"_mo_disable_npp":""},"product_brand":[],"product_cat":[7529,7605,7595,7512,7510,7606,7533],"product_tag":[],"class_list":{"0":"post-818896","1":"product","2":"type-product","3":"status-publish","4":"has-post-thumbnail","6":"product_cat-auto-vervoer","7":"product_cat-bike-explorer","8":"product_cat-fietsen","9":"product_cat-losse-tijdschriften","10":"product_cat-magazines","11":"product_cat-overige-sporten","12":"product_cat-sport","13":"pa_doelgroep-mannen","14":"pa_doelgroep-vrouwen","15":"pa_erotisch-tijdschrift-nee","16":"pa_jaar-uitgave-8702","17":"pa_taal-nederlands","18":"pa_thema-sport","19":"pa_tijdschrift-set-nee","20":"pa_type-tijdschrift-kwartaalblad","22":"first","23":"instock","24":"taxable","25":"shipping-taxable","26":"purchasable","27":"product-type-simple"},"acf":[],"df_price":7.49,"df_sale_price":"","df_regular_price":7.49,"df_image_link":"https:\/\/aboland.nl\/wp-content\/uploads\/2026\/02\/bike-explorer-01-2026-231x300.webp","_links":{"self":[{"href":"https:\/\/aboland.nl\/de\/wp-json\/wp\/v2\/product\/818896","targetHints":{"allow":["GET"]}}],"collection":[{"href":"https:\/\/aboland.nl\/de\/wp-json\/wp\/v2\/product"}],"about":[{"href":"https:\/\/aboland.nl\/de\/wp-json\/wp\/v2\/types\/product"}],"replies":[{"embeddable":true,"href":"https:\/\/aboland.nl\/de\/wp-json\/wp\/v2\/comments?post=818896"}],"version-history":[{"count":0,"href":"https:\/\/aboland.nl\/de\/wp-json\/wp\/v2\/product\/818896\/revisions"}],"wp:featuredmedia":[{"embeddable":true,"href":"https:\/\/aboland.nl\/de\/wp-json\/wp\/v2\/media\/818897"}],"wp:attachment":[{"href":"https:\/\/aboland.nl\/de\/wp-json\/wp\/v2\/media?parent=818896"}],"wp:term":[{"taxonomy":"product_brand","embeddable":true,"href":"https:\/\/aboland.nl\/de\/wp-json\/wp\/v2\/product_brand?post=818896"},{"taxonomy":"product_cat","embeddable":true,"href":"https:\/\/aboland.nl\/de\/wp-json\/wp\/v2\/product_cat?post=818896"},{"taxonomy":"product_tag","embeddable":true,"href":"https:\/\/aboland.nl\/de\/wp-json\/wp\/v2\/product_tag?post=818896"}],"curies":[{"name":"wp","href":"https:\/\/api.w.org\/{rel}","templated":true}]}}