{"id":649994,"date":"2025-03-04T23:37:55","date_gmt":"2025-03-04T22:37:55","guid":{"rendered":"https:\/\/aboland.dk\/?post_type=product&#038;p=649994"},"modified":"2026-05-01T10:07:50","modified_gmt":"2026-05-01T08:07:50","slug":"nordic-01-2025","status":"publish","type":"product","link":"https:\/\/aboland.nl\/de\/nordic-01-2025\/","title":{"rendered":"Nordic &#8211; 01 2025"},"content":{"rendered":"<h2>Over dit magazine:<\/h2>\n<p>Nordic is al 33 jaar een kwartaaluitgave over Noord-Europa en de Oostzee-regio met reportages, interviews, boekbesprekingen, Scandinavische producten en een agenda op het gebied van toerisme, lifestyle en cultuur. Nordic besteedt ieder kwartaal aandacht aan actuele ontwikkelingen in Noord-Europa en de Oostzee-regio. Denemarken, Zweden, Finland, Noorwegen en IJsland worden het meest beschreven, maar ook de Baltische staten, Groenland, Spitsbergen en de Faer\u00f6er Eilanden komen regelmatig aan bod.<\/p>","protected":false},"excerpt":{"rendered":"<h2>In deze editie:<\/h2>\n<p>Oogverblindend licht op Spitsbergen, Noorwegen &#8211; Noorse Gudbrandsdalsleden: wandelen waar de tijd stilstaat &#8211; Roadtrip door Oost-IJsland (deel 2): van Egilssta\u00f0ir via Sey\u00f0isfj\u00f6r\u00f0ur naar Bakkager\u00f0i &#8211; Zweedse Upplandsleden: op zoek naar het voorjaar &#8211; Cultuurhoppen op het eiland Seeland, Denemarken &#8211; De adellijke route door Semgallen, Letland (deel 1) &#8211; Nieuwe Scandinavische recepten, boeken, films en dvd\u2019s &#8211; Columns, nieuwsberichten, puzzel en vele winacties<\/p>","protected":false},"featured_media":649995,"comment_status":"open","ping_status":"closed","template":"","meta":{"_acf_changed":false,"_mo_disable_npp":""},"product_brand":[],"product_cat":[7512,7510,7940,7549,7553],"product_tag":[],"class_list":{"0":"post-649994","1":"product","2":"type-product","3":"status-publish","4":"has-post-thumbnail","6":"product_cat-losse-tijdschriften","7":"product_cat-magazines","8":"product_cat-nordic","9":"product_cat-reizen-recreatie","10":"product_cat-wereldwijd","11":"pa_doelgroep-mannen","12":"pa_doelgroep-vrouwen","13":"pa_erotisch-tijdschrift-nee","14":"pa_jaar-uitgave-8658","15":"pa_taal-nederlands","16":"pa_thema-natuur-en-reizen","17":"pa_tijdschrift-set-nee","18":"pa_type-tijdschrift-kwartaalblad","20":"first","21":"instock","22":"taxable","23":"shipping-taxable","24":"purchasable","25":"product-type-simple"},"acf":[],"df_price":7.99,"df_sale_price":"","df_regular_price":7.99,"df_image_link":"https:\/\/aboland.nl\/wp-content\/uploads\/2025\/02\/nordic-01-2025-232x300.jpg","_links":{"self":[{"href":"https:\/\/aboland.nl\/de\/wp-json\/wp\/v2\/product\/649994","targetHints":{"allow":["GET"]}}],"collection":[{"href":"https:\/\/aboland.nl\/de\/wp-json\/wp\/v2\/product"}],"about":[{"href":"https:\/\/aboland.nl\/de\/wp-json\/wp\/v2\/types\/product"}],"replies":[{"embeddable":true,"href":"https:\/\/aboland.nl\/de\/wp-json\/wp\/v2\/comments?post=649994"}],"version-history":[{"count":0,"href":"https:\/\/aboland.nl\/de\/wp-json\/wp\/v2\/product\/649994\/revisions"}],"wp:featuredmedia":[{"embeddable":true,"href":"https:\/\/aboland.nl\/de\/wp-json\/wp\/v2\/media\/649995"}],"wp:attachment":[{"href":"https:\/\/aboland.nl\/de\/wp-json\/wp\/v2\/media?parent=649994"}],"wp:term":[{"taxonomy":"product_brand","embeddable":true,"href":"https:\/\/aboland.nl\/de\/wp-json\/wp\/v2\/product_brand?post=649994"},{"taxonomy":"product_cat","embeddable":true,"href":"https:\/\/aboland.nl\/de\/wp-json\/wp\/v2\/product_cat?post=649994"},{"taxonomy":"product_tag","embeddable":true,"href":"https:\/\/aboland.nl\/de\/wp-json\/wp\/v2\/product_tag?post=649994"}],"curies":[{"name":"wp","href":"https:\/\/api.w.org\/{rel}","templated":true}]}}