{"id":610423,"date":"2024-12-06T16:02:02","date_gmt":"2024-12-06T15:02:02","guid":{"rendered":"https:\/\/aboland.dk\/?post_type=product&#038;p=610423"},"modified":"2026-03-14T02:05:04","modified_gmt":"2026-03-14T01:05:04","slug":"azie-04-2024","status":"publish","type":"product","link":"https:\/\/aboland.nl\/de\/azie-04-2024\/","title":{"rendered":"Azi\u00eb &#8211; 04 2024"},"content":{"rendered":"<h2>Over dit magazine:<\/h2>\n<p>H\u00e9t reismagazine voor Azi\u00eb, Australi\u00eb en Nieuw-Zeeland. Er is geen ander Nederlandstalig tijd\u00adschrift dat op deze wijze geva\u00adrieerde en uitge\u00adbreide informatie geeft over reizen in en naar Aziatische landen en Australi\u00eb en Nieuw-Zeeland. Het tijdschrift infor\u00admeert over cultuur, historie, mensen, le\u00advensstijlen.<\/p>","protected":false},"excerpt":{"rendered":"<h2>In deze editie:<\/h2>\n<p>India&#8217;s gouden driehoek &#8211; Chinatown Bangkok &#8211; Maleisisch Tasik Kenyir &#8211; Hollands glorie in Japans Nagasaki<\/p>","protected":false},"featured_media":610424,"comment_status":"open","ping_status":"closed","template":"","meta":{"_acf_changed":false,"_mo_disable_npp":""},"product_brand":[],"product_cat":[7578,7512,7510,7549,7553],"product_tag":[],"class_list":{"0":"post-610423","1":"product","2":"type-product","3":"status-publish","4":"has-post-thumbnail","6":"product_cat-azie","7":"product_cat-losse-tijdschriften","8":"product_cat-magazines","9":"product_cat-reizen-recreatie","10":"product_cat-wereldwijd","11":"pa_doelgroep-mannen","12":"pa_doelgroep-vrouwen","13":"pa_erotisch-tijdschrift-nee","14":"pa_jaar-uitgave-8618","15":"pa_taal-nederlands","16":"pa_thema-kunst-en-cultuur","17":"pa_thema-natuur-en-reizen","18":"pa_tijdschrift-set-nee","19":"pa_type-tijdschrift-kwartaalblad","21":"first","22":"instock","23":"taxable","24":"shipping-taxable","25":"purchasable","26":"product-type-simple"},"acf":[],"df_price":7.45,"df_sale_price":"","df_regular_price":7.45,"df_image_link":"https:\/\/aboland.nl\/wp-content\/uploads\/2024\/12\/azie-en-downunder-04-2024.webp","_links":{"self":[{"href":"https:\/\/aboland.nl\/de\/wp-json\/wp\/v2\/product\/610423","targetHints":{"allow":["GET"]}}],"collection":[{"href":"https:\/\/aboland.nl\/de\/wp-json\/wp\/v2\/product"}],"about":[{"href":"https:\/\/aboland.nl\/de\/wp-json\/wp\/v2\/types\/product"}],"replies":[{"embeddable":true,"href":"https:\/\/aboland.nl\/de\/wp-json\/wp\/v2\/comments?post=610423"}],"version-history":[{"count":0,"href":"https:\/\/aboland.nl\/de\/wp-json\/wp\/v2\/product\/610423\/revisions"}],"wp:featuredmedia":[{"embeddable":true,"href":"https:\/\/aboland.nl\/de\/wp-json\/wp\/v2\/media\/610424"}],"wp:attachment":[{"href":"https:\/\/aboland.nl\/de\/wp-json\/wp\/v2\/media?parent=610423"}],"wp:term":[{"taxonomy":"product_brand","embeddable":true,"href":"https:\/\/aboland.nl\/de\/wp-json\/wp\/v2\/product_brand?post=610423"},{"taxonomy":"product_cat","embeddable":true,"href":"https:\/\/aboland.nl\/de\/wp-json\/wp\/v2\/product_cat?post=610423"},{"taxonomy":"product_tag","embeddable":true,"href":"https:\/\/aboland.nl\/de\/wp-json\/wp\/v2\/product_tag?post=610423"}],"curies":[{"name":"wp","href":"https:\/\/api.w.org\/{rel}","templated":true}]}}