{"id":593038,"date":"2024-10-16T09:26:14","date_gmt":"2024-10-16T07:26:14","guid":{"rendered":"https:\/\/aboland.dk\/product\/madoc-abonnement\/"},"modified":"2025-12-31T02:03:16","modified_gmt":"2025-12-31T01:03:16","slug":"madoc-abonnement","status":"publish","type":"product","link":"https:\/\/aboland.nl\/de\/madoc-abonnement\/","title":{"rendered":"MADOC abonnement"},"content":{"rendered":"<h2>Over dit magazine:<\/h2>\n<p>Madoc. Tijdschrift over de Middeleeuwen richt zich op een publiek van ge\u00efnteresseerde leken en professionele medi\u00ebvisten in Nederland en Vlaanderen. In goed leesbare, ge\u00efllustreerde artikelen worden uiteenlopende facetten van de Middeleeuwen belicht. Verder bevat iedere Madoc een column. Een aanzienlijk deel van de artikelen sluit aan bij wat men de &#8216;medi\u00ebvistische actualiteit&#8217; zou kunnen noemen en heeft betrekking op recente publicaties, belangrijke gebeurtenissen of aanstaande evenementen op het gebied van de Middeleeuwen.<\/p>\n<p>Eens per twee jaar verschijnt er een themanummer. De afgelopen jaren verschenen themanummers als: Ovidius en de Middeleeuwen (2004\/3), Zintuigen in de Middeleeuwen (2006\/4), Kijk op de Middeleeuwen (2008\/4), Straffen in de Middeleeuwen (2010\/4), Middeleeuwse communicatie (2012\/4), De valse Middeleeuwen (2014\/4), Dertig dieren in de Middeleeuwen (2016\/4), De populaire Middeleeuwen (2018\/4), Grenzen in de Middeleeuwen (2020\/4), Mens en natuur in de Middeleeuwen (2022\/4).<\/p>\n<p>Issues van voor 2023 zijn verkrijgbaar via Uitgeverij Verloren &#8211; https:\/\/verloren.nl\/<\/p>","protected":false},"excerpt":{"rendered":"<p>&nbsp;<\/p>\n<h2>Over dit magazine:<\/h2>\n<p>Madoc. Tijdschrift over de Middeleeuwen richt zich op een publiek van ge\u00efnteresseerde leken en professionele medi\u00ebvisten in Nederland en Vlaanderen. In goed leesbare, ge\u00efllustreerde artikelen worden uiteenlopende facetten van de Middeleeuwen belicht. Verder bevat iedere Madoc een column. Een aanzienlijk deel van de artikelen sluit aan bij wat men de &#8216;medi\u00ebvistische actualiteit&#8217; zou kunnen noemen en heeft betrekking op recente publicaties, belangrijke gebeurtenissen of aanstaande evenementen op het gebied van de Middeleeuwen.<\/p>\n<p>Eens per twee jaar verschijnt er een themanummer. De afgelopen jaren verschenen themanummers als: Ovidius en de Middeleeuwen (2004\/3), Zintuigen in de Middeleeuwen (2006\/4), Kijk op de Middeleeuwen (2008\/4), Straffen in de Middeleeuwen (2010\/4), Middeleeuwse communicatie (2012\/4), De valse Middeleeuwen (2014\/4), Dertig dieren in de Middeleeuwen (2016\/4), De populaire Middeleeuwen (2018\/4), Grenzen in de Middeleeuwen (2020\/4), Mens en natuur in de Middeleeuwen (2022\/4).<\/p>\n<p>Issues van voor 2023 zijn verkrijgbaar via Uitgeverij Verloren &#8211; https:\/\/verloren.nl\/<\/p>","protected":false},"featured_media":593039,"comment_status":"open","ping_status":"closed","template":"","meta":{"_acf_changed":false,"_mo_disable_npp":""},"product_brand":[],"product_cat":[8602,8207],"product_tag":[],"class_list":{"0":"post-593038","1":"product","2":"type-product","3":"status-publish","4":"has-post-thumbnail","6":"product_cat-hobby-vrije-tijd-tijdschrift-abonnementen","7":"product_cat-tijdschrift-abonnementen","8":"pa_categorie-kennis-wetenschap","9":"pa_frequentie-04-x-per-jaar","10":"pa_taal-nederlands","12":"first","13":"instock","14":"taxable","15":"shipping-taxable","16":"purchasable","17":"product-type-variable"},"acf":[],"df_price":24,"df_sale_price":"","df_regular_price":24,"df_image_link":"https:\/\/aboland.nl\/wp-content\/uploads\/2024\/10\/madoc-200x300.jpeg","_links":{"self":[{"href":"https:\/\/aboland.nl\/de\/wp-json\/wp\/v2\/product\/593038","targetHints":{"allow":["GET"]}}],"collection":[{"href":"https:\/\/aboland.nl\/de\/wp-json\/wp\/v2\/product"}],"about":[{"href":"https:\/\/aboland.nl\/de\/wp-json\/wp\/v2\/types\/product"}],"replies":[{"embeddable":true,"href":"https:\/\/aboland.nl\/de\/wp-json\/wp\/v2\/comments?post=593038"}],"version-history":[{"count":0,"href":"https:\/\/aboland.nl\/de\/wp-json\/wp\/v2\/product\/593038\/revisions"}],"wp:featuredmedia":[{"embeddable":true,"href":"https:\/\/aboland.nl\/de\/wp-json\/wp\/v2\/media\/593039"}],"wp:attachment":[{"href":"https:\/\/aboland.nl\/de\/wp-json\/wp\/v2\/media?parent=593038"}],"wp:term":[{"taxonomy":"product_brand","embeddable":true,"href":"https:\/\/aboland.nl\/de\/wp-json\/wp\/v2\/product_brand?post=593038"},{"taxonomy":"product_cat","embeddable":true,"href":"https:\/\/aboland.nl\/de\/wp-json\/wp\/v2\/product_cat?post=593038"},{"taxonomy":"product_tag","embeddable":true,"href":"https:\/\/aboland.nl\/de\/wp-json\/wp\/v2\/product_tag?post=593038"}],"curies":[{"name":"wp","href":"https:\/\/api.w.org\/{rel}","templated":true}]}}