{"id":542269,"date":"2024-08-01T07:44:28","date_gmt":"2024-08-01T05:44:28","guid":{"rendered":"https:\/\/aboland.dk\/?post_type=product&#038;p=542269"},"modified":"2025-05-20T03:04:21","modified_gmt":"2025-05-20T01:04:21","slug":"moesson-abonnement","status":"publish","type":"product","link":"https:\/\/aboland.nl\/de\/moesson-abonnement\/","title":{"rendered":"Moesson abonnement"},"content":{"rendered":"<p>Moesson is het enige en oudste Indische maandblad van Nederland en onmisbaar voor iedereen die een band heeft met of ge\u00efnteresseerd is in voormalig Nederlands Indi\u00eb en Indonesi\u00eb. Met de leukste nieuwtjes uit Indisch Nederland, interviews, reportages, uitgaanstips en natuurlijk: eten!<\/p>\n<p>Het tijdschrift bestaat sinds 1956 en werd opgericht door schrijver en journalist Tjalie Robinson die een spreekbuis wilde cre\u00ebren voor de Indische gemeenschap in Nederland. Hij merkte dat veel Indische repatrianten, die na de Indonesische onafhankelijkheid naar Nederland kwamen, zich een vreemde eend in de bijt voelen. Ontheemd, van hun wortels weggerukt, vol heimwee. Het blad verbond hen, en hield de Indische cultuur in leven.<br \/>\nNu, enkele generaties verder, deelt Moesson nog altijd die verhalen van de Indische gemeenschap, over het leven t\u00f3en, in Nederlands-Indi\u00eb, en n\u00fa.<\/p>","protected":false},"excerpt":{"rendered":"<h2>Over dit magazine:<\/h2>\n<p>Moesson is het enige en oudste Indische maandblad van Nederland en onmisbaar voor iedereen die een band heeft met of ge\u00efnteresseerd is in voormalig Nederlands Indi\u00eb en Indonesi\u00eb. Met de leukste nieuwtjes uit Indisch Nederland, interviews, reportages, uitgaanstips en natuurlijk: eten!<\/p>\n<p>Het tijdschrift bestaat sinds 1956 en werd opgericht door schrijver en journalist Tjalie Robinson die een spreekbuis wilde cre\u00ebren voor de Indische gemeenschap in Nederland. Hij merkte dat veel Indische repatrianten, die na de Indonesische onafhankelijkheid naar Nederland kwamen, zich een vreemde eend in de bijt voelen. Ontheemd, van hun wortels weggerukt, vol heimwee. Het blad verbond hen, en hield de Indische cultuur in leven.<br \/>\nNu, enkele generaties verder, deelt Moesson nog altijd die verhalen van de Indische gemeenschap, over het leven t\u00f3en, in Nederlands-Indi\u00eb, en n\u00fa.<\/p>","protected":false},"featured_media":688509,"comment_status":"open","ping_status":"closed","template":"","meta":{"_acf_changed":false,"_mo_disable_npp":""},"product_brand":[],"product_cat":[8602,8207],"product_tag":[],"class_list":{"0":"post-542269","1":"product","2":"type-product","3":"status-publish","4":"has-post-thumbnail","6":"product_cat-hobby-vrije-tijd-tijdschrift-abonnementen","7":"product_cat-tijdschrift-abonnementen","8":"pa_categorie-hobby-vrije-tijd","9":"pa_categorie-mode-lifestyle","10":"pa_doelgroep-mannen","11":"pa_doelgroep-vrouwen","12":"pa_erotisch-tijdschrift-nee","13":"pa_frequentie-11-x-per-jaar","14":"pa_taal-nederlands","15":"pa_thema-hobby-en-vrije-tijd","16":"pa_thema-kennis-en-wetenschap","17":"pa_thema-lifestyle-en-fashion","18":"pa_tijdschrift-set-nee","19":"pa_type-tijdschrift-maandblad","21":"first","22":"instock","23":"taxable","24":"shipping-taxable","25":"purchasable","26":"product-type-variable"},"acf":[],"df_price":27.25,"df_sale_price":"","df_regular_price":27.25,"df_image_link":"https:\/\/aboland.nl\/wp-content\/uploads\/2025\/05\/moesson-11-2025-258x300.jpg","_links":{"self":[{"href":"https:\/\/aboland.nl\/de\/wp-json\/wp\/v2\/product\/542269","targetHints":{"allow":["GET"]}}],"collection":[{"href":"https:\/\/aboland.nl\/de\/wp-json\/wp\/v2\/product"}],"about":[{"href":"https:\/\/aboland.nl\/de\/wp-json\/wp\/v2\/types\/product"}],"replies":[{"embeddable":true,"href":"https:\/\/aboland.nl\/de\/wp-json\/wp\/v2\/comments?post=542269"}],"version-history":[{"count":0,"href":"https:\/\/aboland.nl\/de\/wp-json\/wp\/v2\/product\/542269\/revisions"}],"wp:featuredmedia":[{"embeddable":true,"href":"https:\/\/aboland.nl\/de\/wp-json\/wp\/v2\/media\/688509"}],"wp:attachment":[{"href":"https:\/\/aboland.nl\/de\/wp-json\/wp\/v2\/media?parent=542269"}],"wp:term":[{"taxonomy":"product_brand","embeddable":true,"href":"https:\/\/aboland.nl\/de\/wp-json\/wp\/v2\/product_brand?post=542269"},{"taxonomy":"product_cat","embeddable":true,"href":"https:\/\/aboland.nl\/de\/wp-json\/wp\/v2\/product_cat?post=542269"},{"taxonomy":"product_tag","embeddable":true,"href":"https:\/\/aboland.nl\/de\/wp-json\/wp\/v2\/product_tag?post=542269"}],"curies":[{"name":"wp","href":"https:\/\/api.w.org\/{rel}","templated":true}]}}