{"id":464961,"date":"2024-03-01T13:35:00","date_gmt":"2024-03-01T12:35:00","guid":{"rendered":"https:\/\/aboland.dk\/product\/alpentourer-01-2023\/"},"modified":"2026-01-19T02:01:30","modified_gmt":"2026-01-19T01:01:30","slug":"alpentourer-01-2023","status":"publish","type":"product","link":"https:\/\/aboland.nl\/de\/alpentourer-01-2023\/","title":{"rendered":"Alpentourer &#8211; 01 2023"},"content":{"rendered":"<p>ALPENTOURER is als Nederlandstalig editie in Nederland en Belgi\u00eb in de betere tijdschriftenwinkel verkrijgbaar. Natuurlijk in dezelfde hoge kwaliteit als het Duitse voorbeeld. Met fascinerende tourreportages over de mooiste bestemmingen in Europa. Met nieuws en informatie over toermotoren, kleding en accessoires. Met events, hotels en nog veel meer tips voor het reizen op twee wielen. En met een speciale sectie op weekend en stopover tips rondom Nederland en Belgi\u00eb.<\/p>","protected":false},"excerpt":{"rendered":"<h3>In deze editie:<\/h3>\n<p>Reportages Oostenrijk door het stof in Karinthi\u00eb &#8211; Frankrijk Avontuur in de Ard\u00e8che &#8211; Noorwegen op mooie grindwegen &#8211; Rij-indruk Ducati Desert X de offroad-norm &#8211; Yamaha T\u00e9n\u00e9r\u00e9 700 world raid kaar voor avontuur &#8211; Toeren buiten het afvalt<\/p>","protected":false},"featured_media":264372,"comment_status":"open","ping_status":"closed","template":"","meta":{"_acf_changed":false,"_mo_disable_npp":""},"product_brand":[],"product_cat":[8279,7529,7512,7510,7604],"product_tag":[],"class_list":{"0":"post-464961","1":"product","2":"type-product","3":"status-publish","4":"has-post-thumbnail","6":"product_cat-alpentourer","7":"product_cat-auto-vervoer","8":"product_cat-losse-tijdschriften","9":"product_cat-magazines","10":"product_cat-motoren","11":"pa_categorie-automotive","12":"pa_erotisch-tijdschrift-nee","13":"pa_jaar-uitgave-8417","14":"pa_taal-nederlands","15":"pa_thema-autos-en-motoren","16":"pa_type-tijdschrift-kwartaalblad","18":"first","19":"instock","20":"taxable","21":"shipping-taxable","22":"purchasable","23":"product-type-simple"},"acf":[],"df_price":7.5,"df_sale_price":"","df_regular_price":7.5,"df_image_link":"https:\/\/aboland.nl\/wp-content\/uploads\/2023\/02\/Alpentourer-nl-2301-titel-222x300.jpg","_links":{"self":[{"href":"https:\/\/aboland.nl\/de\/wp-json\/wp\/v2\/product\/464961","targetHints":{"allow":["GET"]}}],"collection":[{"href":"https:\/\/aboland.nl\/de\/wp-json\/wp\/v2\/product"}],"about":[{"href":"https:\/\/aboland.nl\/de\/wp-json\/wp\/v2\/types\/product"}],"replies":[{"embeddable":true,"href":"https:\/\/aboland.nl\/de\/wp-json\/wp\/v2\/comments?post=464961"}],"version-history":[{"count":0,"href":"https:\/\/aboland.nl\/de\/wp-json\/wp\/v2\/product\/464961\/revisions"}],"wp:featuredmedia":[{"embeddable":true,"href":"https:\/\/aboland.nl\/de\/wp-json\/wp\/v2\/media\/264372"}],"wp:attachment":[{"href":"https:\/\/aboland.nl\/de\/wp-json\/wp\/v2\/media?parent=464961"}],"wp:term":[{"taxonomy":"product_brand","embeddable":true,"href":"https:\/\/aboland.nl\/de\/wp-json\/wp\/v2\/product_brand?post=464961"},{"taxonomy":"product_cat","embeddable":true,"href":"https:\/\/aboland.nl\/de\/wp-json\/wp\/v2\/product_cat?post=464961"},{"taxonomy":"product_tag","embeddable":true,"href":"https:\/\/aboland.nl\/de\/wp-json\/wp\/v2\/product_tag?post=464961"}],"curies":[{"name":"wp","href":"https:\/\/api.w.org\/{rel}","templated":true}]}}