{"id":411311,"date":"2023-11-08T11:31:04","date_gmt":"2023-11-08T10:31:04","guid":{"rendered":"https:\/\/aboland.dk\/product\/stoer-winterboek-01-2023\/"},"modified":"2026-03-14T02:02:35","modified_gmt":"2026-03-14T01:02:35","slug":"stoer-winterboek-01-2023","status":"publish","type":"product","link":"https:\/\/aboland.nl\/de\/stoer-winterboek-01-2023\/","title":{"rendered":"STOER Winterboek &#8211; 01 2023"},"content":{"rendered":"<h2>Over dit magazine:<\/h2>\n<p>STOER is h\u00e9t funblad voor stoere kids. Het magazine staat vol met alle ins en outs over de leukste games, het nieuwste speelgoed en het laatste nieuws over films, televisie en evenementen! Zo blijf je op de hoogte van alles wat stoer is! Met STOER lig jij gegarandeerd iedere maand dubbel om de leukste strips en de beste moppen. En bovendien krijg je bij iedere editie een leuk cadeautje.<\/p>","protected":false},"excerpt":{"rendered":"<h2>In deze editie:<\/h2>\n<p>Met Pok\u00e9mon kaarten! &#8211; Met Pok\u00e9mon strip! &#8211; Deel 2! &#8211; De game: Dit boek is \u00e9\u00e9n groot spel &#8211; Los de puzzels op, scoor XP, versla de eindbaas en maak kans op een Nintendo Switch Oled + Super Mario Bros. Wonder!<\/p>","protected":false},"featured_media":411312,"comment_status":"open","ping_status":"closed","template":"","meta":{"_acf_changed":false,"_mo_disable_npp":""},"product_brand":[],"product_cat":[7616,7537,7512,7510,8066],"product_tag":[],"class_list":{"0":"post-411311","1":"product","2":"type-product","3":"status-publish","4":"has-post-thumbnail","6":"product_cat-kids","7":"product_cat-kinderen-jeugd","8":"product_cat-losse-tijdschriften","9":"product_cat-magazines","10":"product_cat-stoer","11":"pa_doelgroep-kinderen","12":"pa_erotisch-tijdschrift-nee","13":"pa_taal-nederlands","14":"pa_thema-kinderen-en-jeugd","15":"pa_tijdschrift-set-nee","16":"pa_type-tijdschrift-maandblad","17":"pa_uitgever-apress-b-v","19":"first","20":"instock","21":"taxable","22":"shipping-taxable","23":"purchasable","24":"product-type-simple"},"acf":[],"df_price":7.99,"df_sale_price":"","df_regular_price":7.99,"df_image_link":"https:\/\/aboland.nl\/wp-content\/uploads\/2023\/11\/Stoer-winterboek-1-2023-200x300.webp","_links":{"self":[{"href":"https:\/\/aboland.nl\/de\/wp-json\/wp\/v2\/product\/411311","targetHints":{"allow":["GET"]}}],"collection":[{"href":"https:\/\/aboland.nl\/de\/wp-json\/wp\/v2\/product"}],"about":[{"href":"https:\/\/aboland.nl\/de\/wp-json\/wp\/v2\/types\/product"}],"replies":[{"embeddable":true,"href":"https:\/\/aboland.nl\/de\/wp-json\/wp\/v2\/comments?post=411311"}],"version-history":[{"count":0,"href":"https:\/\/aboland.nl\/de\/wp-json\/wp\/v2\/product\/411311\/revisions"}],"wp:featuredmedia":[{"embeddable":true,"href":"https:\/\/aboland.nl\/de\/wp-json\/wp\/v2\/media\/411312"}],"wp:attachment":[{"href":"https:\/\/aboland.nl\/de\/wp-json\/wp\/v2\/media?parent=411311"}],"wp:term":[{"taxonomy":"product_brand","embeddable":true,"href":"https:\/\/aboland.nl\/de\/wp-json\/wp\/v2\/product_brand?post=411311"},{"taxonomy":"product_cat","embeddable":true,"href":"https:\/\/aboland.nl\/de\/wp-json\/wp\/v2\/product_cat?post=411311"},{"taxonomy":"product_tag","embeddable":true,"href":"https:\/\/aboland.nl\/de\/wp-json\/wp\/v2\/product_tag?post=411311"}],"curies":[{"name":"wp","href":"https:\/\/api.w.org\/{rel}","templated":true}]}}