{"id":353528,"date":"2023-07-12T14:03:21","date_gmt":"2023-07-12T12:03:21","guid":{"rendered":"https:\/\/aboland.dk\/product\/story-28-2023\/"},"modified":"2024-07-05T02:40:16","modified_gmt":"2024-07-05T00:40:16","slug":"story-28-2023","status":"publish","type":"product","link":"https:\/\/aboland.nl\/de\/story-28-2023\/","title":{"rendered":"Story &#8211; 28 2023"},"content":{"rendered":"<h2>Over dit magazine:<\/h2>\n<p>Story brengt iedere week het allerlaatste nieuws over ons koningshuis en Nederlandse en internationale showbizz. Met iedere week de meest onthullende verhalen en exclusieve foto\u00b4s. Daarnaast is er ook wekelijks een gratis puzzelbijlage!<\/p>","protected":false},"excerpt":{"rendered":"<h2>In deze editie:<\/h2>\n<p>Na therapie voor seksverslaving: Intiem verjaardagsfeest thuis bij Linda de Mol. Met beste vriendinnen &#8230; \u00e9n grote liefde Jeroen! &#8211; Andr\u00e9 van Duin komt terug op emotionele beslissing &#8211; Ooit vrienden: Dries Roelvink haalt uit naar Ren\u00e9 Froger &#8211; Schoonzus biedt BN&#8217;er haar baby aan &#8211; Dit had geheim moeten blijven. Willem-Alexander en Beatrix in doodsangst samen &#8211; Dramatisch lot treft Edwin v\/d Sar tweede keer<\/p>","protected":false},"featured_media":373612,"comment_status":"open","ping_status":"closed","template":"","meta":{"_acf_changed":false,"_mo_disable_npp":""},"product_brand":[],"product_cat":[7512,7510,7967,7966,7825,8067,7514],"product_tag":[],"class_list":{"0":"post-353528","1":"product","2":"type-product","3":"status-publish","4":"has-post-thumbnail","6":"product_cat-losse-tijdschriften","7":"product_cat-magazines","8":"product_cat-roddelbladen","9":"product_cat-showbizz-royalty","10":"product_cat-stars-celebrities","11":"product_cat-story","12":"product_cat-vrouw","13":"pa_doelgroep-mannen","14":"pa_doelgroep-vrouwen","15":"pa_erotisch-tijdschrift-nee","16":"pa_taal-nederlands","17":"pa_thema-showbizz-en-royalty","18":"pa_tijdschrift-set-nee","19":"pa_type-tijdschrift-weekblad","20":"pa_uitgever-dpg-media","22":"first","23":"outofstock","24":"taxable","25":"shipping-taxable","26":"purchasable","27":"product-type-simple"},"acf":[],"df_price":3.99,"df_sale_price":"","df_regular_price":3.99,"df_image_link":"https:\/\/aboland.nl\/wp-content\/uploads\/2023\/09\/story-28-2023-233x300.webp","_links":{"self":[{"href":"https:\/\/aboland.nl\/de\/wp-json\/wp\/v2\/product\/353528","targetHints":{"allow":["GET"]}}],"collection":[{"href":"https:\/\/aboland.nl\/de\/wp-json\/wp\/v2\/product"}],"about":[{"href":"https:\/\/aboland.nl\/de\/wp-json\/wp\/v2\/types\/product"}],"replies":[{"embeddable":true,"href":"https:\/\/aboland.nl\/de\/wp-json\/wp\/v2\/comments?post=353528"}],"version-history":[{"count":0,"href":"https:\/\/aboland.nl\/de\/wp-json\/wp\/v2\/product\/353528\/revisions"}],"wp:featuredmedia":[{"embeddable":true,"href":"https:\/\/aboland.nl\/de\/wp-json\/wp\/v2\/media\/373612"}],"wp:attachment":[{"href":"https:\/\/aboland.nl\/de\/wp-json\/wp\/v2\/media?parent=353528"}],"wp:term":[{"taxonomy":"product_brand","embeddable":true,"href":"https:\/\/aboland.nl\/de\/wp-json\/wp\/v2\/product_brand?post=353528"},{"taxonomy":"product_cat","embeddable":true,"href":"https:\/\/aboland.nl\/de\/wp-json\/wp\/v2\/product_cat?post=353528"},{"taxonomy":"product_tag","embeddable":true,"href":"https:\/\/aboland.nl\/de\/wp-json\/wp\/v2\/product_tag?post=353528"}],"curies":[{"name":"wp","href":"https:\/\/api.w.org\/{rel}","templated":true}]}}