{"id":284401,"date":"2023-03-20T09:52:42","date_gmt":"2023-03-20T08:52:42","guid":{"rendered":"https:\/\/aboland.dk\/product\/wandelmagazine-01-2023\/"},"modified":"2026-03-09T13:32:57","modified_gmt":"2026-03-09T12:32:57","slug":"wandelmagazine-01-2023","status":"publish","type":"product","link":"https:\/\/aboland.nl\/de\/wandelmagazine-01-2023\/","title":{"rendered":"Wandelmagazine &#8211; 01 2023"},"content":{"rendered":"<h2>Over dit magazine:<\/h2>\n<p class=\"brz-css-rbbzo\">Wandelmagazine: Het vertrekpunt voor iedere wandelaar! <span class=\"brz-cp-color2\">Wandelmagazine is al ruim 40 jaar een begrip onder wandelliefhebbers. Ontdek wandelparadijzen dichtbij huis en verder weg, maar altijd binnen Europa. Boordevol trektochten, dagtochten en pittoreske uitvalsbases. Gemaakt door echte wandelliefhebbers die graag hun lievelingsroutes met je delen, maar je ook precies kunnen vertellen waar je het lekkerst eet en slaapt.<\/span><\/p>","protected":false},"excerpt":{"rendered":"<h2>In deze editie:<\/h2>\n<p>Win een wandelreis naar Wallis! &#8211; Lentewandelingen rondom het Teutoburger Wald. Osnabr\u00fccker Land, Hermannsh\u00f6hen &#8211; Minett Trail: door de ertsgroeven van Luxemburg &#8211; Litouwen: het baltische kustpad &#8211; Normandi\u00eb: de romantiek van de Auge &#8211; Zweden: stille paden in Smaland &amp; Blekinge &#8211; Languedoc: tussen kastanjes en wijnstokken<\/p>","protected":false},"featured_media":382353,"comment_status":"open","ping_status":"closed","template":"","meta":{"_acf_changed":false,"_mo_disable_npp":""},"product_brand":[],"product_cat":[7512,7510,7606,7533,8247],"product_tag":[],"class_list":{"0":"post-284401","1":"product","2":"type-product","3":"status-publish","4":"has-post-thumbnail","6":"product_cat-losse-tijdschriften","7":"product_cat-magazines","8":"product_cat-overige-sporten","9":"product_cat-sport","10":"product_cat-wandelmagazine","11":"pa_doelgroep-mannen","12":"pa_doelgroep-vrouwen","13":"pa_erotisch-tijdschrift-nee","14":"pa_taal-nederlands","15":"pa_thema-hobby-en-vrije-tijd","16":"pa_tijdschrift-set-nee","17":"pa_type-tijdschrift-kwartaalblad","19":"first","20":"instock","21":"taxable","22":"shipping-taxable","23":"purchasable","24":"product-type-simple"},"acf":[],"df_price":7.95,"df_sale_price":"","df_regular_price":7.95,"df_image_link":"https:\/\/aboland.nl\/wp-content\/uploads\/2023\/09\/wandel-01-2023-233x300.webp","_links":{"self":[{"href":"https:\/\/aboland.nl\/de\/wp-json\/wp\/v2\/product\/284401","targetHints":{"allow":["GET"]}}],"collection":[{"href":"https:\/\/aboland.nl\/de\/wp-json\/wp\/v2\/product"}],"about":[{"href":"https:\/\/aboland.nl\/de\/wp-json\/wp\/v2\/types\/product"}],"replies":[{"embeddable":true,"href":"https:\/\/aboland.nl\/de\/wp-json\/wp\/v2\/comments?post=284401"}],"version-history":[{"count":0,"href":"https:\/\/aboland.nl\/de\/wp-json\/wp\/v2\/product\/284401\/revisions"}],"wp:featuredmedia":[{"embeddable":true,"href":"https:\/\/aboland.nl\/de\/wp-json\/wp\/v2\/media\/382353"}],"wp:attachment":[{"href":"https:\/\/aboland.nl\/de\/wp-json\/wp\/v2\/media?parent=284401"}],"wp:term":[{"taxonomy":"product_brand","embeddable":true,"href":"https:\/\/aboland.nl\/de\/wp-json\/wp\/v2\/product_brand?post=284401"},{"taxonomy":"product_cat","embeddable":true,"href":"https:\/\/aboland.nl\/de\/wp-json\/wp\/v2\/product_cat?post=284401"},{"taxonomy":"product_tag","embeddable":true,"href":"https:\/\/aboland.nl\/de\/wp-json\/wp\/v2\/product_tag?post=284401"}],"curies":[{"name":"wp","href":"https:\/\/api.w.org\/{rel}","templated":true}]}}