{"id":200349,"date":"2022-08-16T14:29:05","date_gmt":"2022-08-16T12:29:05","guid":{"rendered":"https:\/\/aboland.dk\/product\/awater-abonnement\/"},"modified":"2026-01-28T02:05:14","modified_gmt":"2026-01-28T01:05:14","slug":"awater-abonnement","status":"publish","type":"product","link":"https:\/\/aboland.nl\/de\/awater-abonnement\/","title":{"rendered":"Awater abonnement"},"content":{"rendered":"<p>Hou jij van po\u00ebzie! Dan zit je hier goed Awater is het grootste poezie tijdschrift van Nederland. In dit Tijdschrift vindt u nieuws, achtergronden en recensies over po\u00ebzie. Nu makkelijk te bestellen bij Magvilla.<\/p>","protected":false},"excerpt":{"rendered":"<h2>Over dit magazine:<\/h2>\n<p>De Po\u00ebzieclub is in 2001 opgericht door Dichter des Vaderlands Gerrit Komrij. Abonnees van de po\u00ebzieclub krijgen het po\u00ebzietijdschrift Awater (3 edities per jaar) en drie keer per jaar een op kwaliteit geselecteerde dichtbundel, de Po\u00ebzieclubkeuze. In ons po\u00ebzietijdschrift Awater \u2013 het grootste literaire tijdschrift van Nederland \u2013 vindt u nieuws, achtergronden en recensies over po\u00ebzie. Awater opereert als redactie onafhankelijk van het bestuur.<\/p>","protected":false},"featured_media":630334,"comment_status":"open","ping_status":"closed","template":"","meta":{"_acf_changed":false,"_mo_disable_npp":""},"product_brand":[],"product_cat":[8207,8535,7514,7515],"product_tag":[],"class_list":{"0":"post-200349","1":"product","2":"type-product","3":"status-publish","4":"has-post-thumbnail","6":"product_cat-tijdschrift-abonnementen","7":"product_cat-vaderdag","8":"product_cat-vrouw","9":"product_cat-vrouw-algemeen","10":"pa_doelgroep-mannen","11":"pa_doelgroep-vrouwen","12":"pa_frequentie-03-x-per-jaar","13":"pa_taal-nederlands","15":"first","16":"instock","17":"taxable","18":"shipping-taxable","19":"purchasable","20":"product-type-variable"},"acf":[],"df_price":90,"df_sale_price":"","df_regular_price":90,"df_image_link":"https:\/\/aboland.nl\/wp-content\/uploads\/2025\/01\/awater-winter-2025-233x300.jpg","_links":{"self":[{"href":"https:\/\/aboland.nl\/de\/wp-json\/wp\/v2\/product\/200349","targetHints":{"allow":["GET"]}}],"collection":[{"href":"https:\/\/aboland.nl\/de\/wp-json\/wp\/v2\/product"}],"about":[{"href":"https:\/\/aboland.nl\/de\/wp-json\/wp\/v2\/types\/product"}],"replies":[{"embeddable":true,"href":"https:\/\/aboland.nl\/de\/wp-json\/wp\/v2\/comments?post=200349"}],"version-history":[{"count":0,"href":"https:\/\/aboland.nl\/de\/wp-json\/wp\/v2\/product\/200349\/revisions"}],"wp:featuredmedia":[{"embeddable":true,"href":"https:\/\/aboland.nl\/de\/wp-json\/wp\/v2\/media\/630334"}],"wp:attachment":[{"href":"https:\/\/aboland.nl\/de\/wp-json\/wp\/v2\/media?parent=200349"}],"wp:term":[{"taxonomy":"product_brand","embeddable":true,"href":"https:\/\/aboland.nl\/de\/wp-json\/wp\/v2\/product_brand?post=200349"},{"taxonomy":"product_cat","embeddable":true,"href":"https:\/\/aboland.nl\/de\/wp-json\/wp\/v2\/product_cat?post=200349"},{"taxonomy":"product_tag","embeddable":true,"href":"https:\/\/aboland.nl\/de\/wp-json\/wp\/v2\/product_tag?post=200349"}],"curies":[{"name":"wp","href":"https:\/\/api.w.org\/{rel}","templated":true}]}}