{"id":198023,"date":"2022-07-01T20:39:19","date_gmt":"2022-07-01T18:39:19","guid":{"rendered":"https:\/\/aboland.dk\/product\/tribal-art-92-2019\/"},"modified":"2023-09-22T04:24:26","modified_gmt":"2023-09-22T02:24:26","slug":"tribal-art-92-2019","status":"publish","type":"product","link":"https:\/\/aboland.nl\/de\/tribal-art-92-2019\/","title":{"rendered":"Tribal Art &#8211; 92 2019"},"content":{"rendered":"<p>Tribal Arts Magazine is een internationaal tijdschrift gewijd aan de kunst en Cultuur van Afrika, Oceani\u00eb, Azi\u00eb en Amerika. Deze tijdschriften zijn nu verkrijgbaar uit een ruim assortiment bij Magvilla.<\/p>","protected":false},"excerpt":{"rendered":"<h2>In deze editie:<\/h2>\n<p>Collection Marceau Rivi\u00e8re &#8211; Sepik-Ramu Art &#8211; Striking Iron &#8211; F\u00e9lix F\u00e9n\u00e9on &#8211; Milkhail Tikhanov &#8211; Asmat Nose Ornaments &#8211; Carl Wilhelm \u00d6berg &#8211; Tom Lewis &#8211; A pahouine Goddess\u00a0<\/p>","protected":false},"featured_media":383894,"comment_status":"open","ping_status":"closed","template":"","meta":{"_acf_changed":false,"_mo_disable_npp":""},"product_brand":[],"product_cat":[7544,7577,7512,7510,8092],"product_tag":[],"class_list":{"0":"post-198023","1":"product","2":"type-product","3":"status-publish","4":"has-post-thumbnail","6":"product_cat-kennis-wetenschap","7":"product_cat-kunst","8":"product_cat-losse-tijdschriften","9":"product_cat-magazines","10":"product_cat-tribal-art","12":"first","13":"instock","14":"taxable","15":"shipping-taxable","16":"purchasable","17":"product-type-simple"},"acf":[],"df_price":20,"df_sale_price":"","df_regular_price":20,"df_image_link":"https:\/\/aboland.nl\/wp-content\/uploads\/2023\/09\/tribal20art2092-2019-233x300.webp","_links":{"self":[{"href":"https:\/\/aboland.nl\/de\/wp-json\/wp\/v2\/product\/198023","targetHints":{"allow":["GET"]}}],"collection":[{"href":"https:\/\/aboland.nl\/de\/wp-json\/wp\/v2\/product"}],"about":[{"href":"https:\/\/aboland.nl\/de\/wp-json\/wp\/v2\/types\/product"}],"replies":[{"embeddable":true,"href":"https:\/\/aboland.nl\/de\/wp-json\/wp\/v2\/comments?post=198023"}],"version-history":[{"count":0,"href":"https:\/\/aboland.nl\/de\/wp-json\/wp\/v2\/product\/198023\/revisions"}],"wp:featuredmedia":[{"embeddable":true,"href":"https:\/\/aboland.nl\/de\/wp-json\/wp\/v2\/media\/383894"}],"wp:attachment":[{"href":"https:\/\/aboland.nl\/de\/wp-json\/wp\/v2\/media?parent=198023"}],"wp:term":[{"taxonomy":"product_brand","embeddable":true,"href":"https:\/\/aboland.nl\/de\/wp-json\/wp\/v2\/product_brand?post=198023"},{"taxonomy":"product_cat","embeddable":true,"href":"https:\/\/aboland.nl\/de\/wp-json\/wp\/v2\/product_cat?post=198023"},{"taxonomy":"product_tag","embeddable":true,"href":"https:\/\/aboland.nl\/de\/wp-json\/wp\/v2\/product_tag?post=198023"}],"curies":[{"name":"wp","href":"https:\/\/api.w.org\/{rel}","templated":true}]}}